{"id":13838,"date":"2026-03-02T11:50:21","date_gmt":"2026-03-02T19:50:21","guid":{"rendered":"https:\/\/sonomalandtrust.org\/estudio-de-camaras-de-fauna-salvaje\/"},"modified":"2026-04-17T10:41:09","modified_gmt":"2026-04-17T17:41:09","slug":"estudio-de-camaras-de-fauna-salvaje","status":"publish","type":"page","link":"https:\/\/sonomalandtrust.org\/es\/estudio-de-camaras-de-fauna-salvaje\/","title":{"rendered":"Estudio de c\u00e1maras de fauna salvaje"},"content":{"rendered":"\n<div class=\"wp-block-group alignfull default-page-header-group is-layout-constrained wp-block-group-is-layout-constrained\">\n<h1 class=\"wp-block-heading\">ESTUDIO DE C\u00c1MARAS DE FAUNA DE LA AUTOPISTA 12<\/h1>\n\n\n\n<div class=\"wp-block-cover alignwide has-custom-content-position is-position-bottom-center\"><img decoding=\"async\" width=\"2560\" height=\"1148\" class=\"wp-block-cover__image-background wp-image-13088 size-full\" alt=\"\" src=\"https:\/\/sonomalandtrust.org\/wp-content\/uploads\/2026\/03\/bear-profile-forest-scaled.jpg\" data-object-fit=\"cover\" srcset=\"https:\/\/sonomalandtrust.org\/wp-content\/uploads\/2026\/03\/bear-profile-forest-scaled.jpg 2560w, https:\/\/sonomalandtrust.org\/wp-content\/uploads\/2026\/03\/bear-profile-forest-300x135.jpg 300w, https:\/\/sonomalandtrust.org\/wp-content\/uploads\/2026\/03\/bear-profile-forest-1024x459.jpg 1024w, https:\/\/sonomalandtrust.org\/wp-content\/uploads\/2026\/03\/bear-profile-forest-768x344.jpg 768w, https:\/\/sonomalandtrust.org\/wp-content\/uploads\/2026\/03\/bear-profile-forest-1536x689.jpg 1536w, https:\/\/sonomalandtrust.org\/wp-content\/uploads\/2026\/03\/bear-profile-forest-2048x918.jpg 2048w\" sizes=\"(max-width: 2560px) 100vw, 2560px\" \/><span aria-hidden=\"true\" class=\"wp-block-cover__background has-background-dim-0 has-background-dim\"><\/span><div class=\"wp-block-cover__inner-container is-layout-constrained wp-block-cover-is-layout-constrained\">\n<p class=\"has-text-align-center has-large-font-size\"><\/p>\n<\/div><\/div>\n\n\n\n<h2 class=\"wp-block-heading has-green-color has-text-color has-link-color wp-elements-1a534a56c9d57837e822d4f59f65a6b9\">Recopilaci\u00f3n de datos para mejorar la conectividad de la fauna y proteger a los animales<\/h2>\n\n\n\n<p class=\"has-text-align-center header-intro-text has-green-color has-text-color has-link-color wp-elements-eedfe623a7d52652e5ecce0ababb6150\">Sonoma Land Trust est\u00e1 aprovechando el v\u00eddeo, las encuestas sobre animales atropellados, la divulgaci\u00f3n cient\u00edfica en la comunidad y las evaluaciones del paisaje para desarrollar planes de conectividad de la fauna salvaje para seis especies locales.<\/p>\n<\/div>\n\n<div class=\"wp-block-group is-layout-constrained wp-block-group-is-layout-constrained\" style=\"margin-top:0;margin-bottom:0;padding-top:var(--wp--preset--spacing--70);padding-bottom:var(--wp--preset--spacing--70)\">\n<div class=\"wp-block-columns is-layout-flex wp-container-core-columns-is-layout-28f84493 wp-block-columns-is-layout-flex\">\n<div class=\"wp-block-column is-layout-flow wp-block-column-is-layout-flow\">\n<figure class=\"wp-block-embed is-type-video is-provider-youtube wp-block-embed-youtube wp-embed-aspect-16-9 wp-has-aspect-ratio\"><div class=\"wp-block-embed__wrapper\">\n<iframe title=\"Language of the Land: Life in the North Bay for Mountain Lions\" width=\"500\" height=\"281\" src=\"https:\/\/www.youtube.com\/embed\/yYrZYSHHVnY?feature=oembed\" frameborder=\"0\" allow=\"accelerometer; autoplay; clipboard-write; encrypted-media; gyroscope; picture-in-picture; web-share\" referrerpolicy=\"strict-origin-when-cross-origin\" allowfullscreen><\/iframe>\n<\/div><\/figure>\n<\/div>\n\n\n\n<div class=\"wp-block-column is-vertically-aligned-center is-layout-flow wp-block-column-is-layout-flow\">\n<h2 class=\"wp-block-heading has-blue-color has-text-color has-link-color wp-elements-678a8521ace8e48fc4507606838f6930\">C\u00f3mo conecta los puntos nuestro estudio<\/h2>\n\n\n\n<p>En colaboraci\u00f3n con All Hands Ecology, Sonoma Land Trust est\u00e1 realizando un estudio de un a\u00f1o de duraci\u00f3n sobre 36 puentes, alcantarillas y pasos a nivel mediante v\u00eddeo. Esto se combinar\u00e1 con 12 meses de seguimiento de animales atropellados y un esfuerzo cient\u00edfico comunitario en los caminos rurales cercanos. <\/p>\n\n\n\n<p>Todos los hallazgos se recopilar\u00e1n en un plan integral de infraestructuras de pasos de fauna silvestre en el que se describir\u00e1n las mejoras recomendadas, desde pasos nuevos o modernizados hasta vallas direccionales, saltos, estrategias de mantenimiento y necesidades clave de protecci\u00f3n del terreno.<\/p>\n\n\n\n<div class=\"wp-block-buttons is-layout-flex wp-block-buttons-is-layout-flex\">\n<div class=\"wp-block-button is-style-primary-external\"><a class=\"wp-block-button__link wp-element-button\" href=\"https:\/\/www.youtube.com\/watch?v=7jgi70ngR5w\" target=\"_blank\" rel=\"noreferrer noopener\">M\u00e1s informaci\u00f3n<\/a><\/div>\n<\/div>\n<\/div>\n<\/div>\n<\/div>\n\n<div class=\"wp-block-group alignfull has-yellow-screened-background-color has-background is-layout-constrained wp-block-group-is-layout-constrained\" style=\"margin-bottom:0\">\n<div class=\"wp-block-group alignfull additional-resources-grid is-layout-constrained wp-block-group-is-layout-constrained\" style=\"margin-top:0;margin-bottom:0;padding-top:var(--wp--preset--spacing--70);padding-bottom:var(--wp--preset--spacing--60)\">\n\t<div style=\"margin-bottom:var(--wp--preset--spacing--50);\" class=\"section-heading section-divider-vertical has-text-align-center  align-text-left align-content-top align wp-block-acf-section-divider-vertical\">\n\n\n  <div class=\"acf-innerblocks-container\">\n\n<h3 class=\"wp-block-heading has-text-align-center has-teal-color has-text-color\">EN LA NATURALEZA: ACTUALIZACIONES DEL ESTUDIO DE LA C\u00c1MARA<\/h3>\n\n<\/div>\n\n<\/div>\n\n\n\n\n\n\n\n<div class=\"wp-block-group is-layout-grid wp-container-core-group-is-layout-284cc7ca wp-block-group-is-layout-grid\" style=\"margin-top:0\">\n<div class=\"wp-block-group is-layout-constrained wp-block-group-is-layout-constrained\">\n<figure class=\"wp-block-image size-full is-style-no-border\"><a href=\"https:\/\/www.youtube.com\/watch?v=_zPOBeslHCQ\" target=\"_blank\" rel=\" noreferrer noopener\"><img decoding=\"async\" width=\"950\" height=\"568\" src=\"https:\/\/sonomalandtrust.org\/wp-content\/uploads\/2026\/03\/wildlife-crossing-study-bobcat.jpg\" alt=\"\" class=\"wp-image-13345\" srcset=\"https:\/\/sonomalandtrust.org\/wp-content\/uploads\/2026\/03\/wildlife-crossing-study-bobcat.jpg 950w, https:\/\/sonomalandtrust.org\/wp-content\/uploads\/2026\/03\/wildlife-crossing-study-bobcat-300x179.jpg 300w, https:\/\/sonomalandtrust.org\/wp-content\/uploads\/2026\/03\/wildlife-crossing-study-bobcat-768x459.jpg 768w\" sizes=\"(max-width: 950px) 100vw, 950px\" \/><\/a><\/figure>\n\n\n\n<p class=\"has-text-align-left\">Bobcat saliendo de la lluvia<\/p>\n<\/div>\n\n\n\n<div class=\"wp-block-group is-content-justification-left is-layout-constrained wp-container-core-group-is-layout-12dd3699 wp-block-group-is-layout-constrained\">\n<figure class=\"wp-block-image size-full is-style-no-border\"><a href=\"http:\/\/youtube.com\/watch?v=ZJZsJntMTY0&amp;feature=youtu.be\" target=\"_blank\" rel=\" noreferrer noopener\"><img decoding=\"async\" src=\"https:\/\/sonomalandtrust.org\/wp-content\/uploads\/2026\/03\/wildlife-crossing-study-buck.jpg\" alt=\"\" class=\"wp-image-13335\"\/><\/a><\/figure>\n\n\n\n<p class=\"has-text-align-left\"><a href=\"https:\/\/youtu.be\/6nfzjm-7APM?si=_peIGakcyh_5a0ou\" target=\"_blank\" rel=\"noreferrer noopener\"><\/a>Gamos que intentan cruzar la carretera<\/p>\n<\/div>\n\n\n\n<div class=\"wp-block-group wp-container-content-2155ee95 is-layout-constrained wp-block-group-is-layout-constrained\">\n<figure class=\"wp-block-image size-full is-style-no-border\"><a href=\"https:\/\/www.youtube.com\/watch?v=Z2BzCcvOiPA\" target=\"_blank\" rel=\" noreferrer noopener\"><img decoding=\"async\" width=\"950\" height=\"568\" src=\"https:\/\/sonomalandtrust.org\/wp-content\/uploads\/2026\/03\/wildlife-crossing-study-buck-culvert.jpg\" alt=\"\" class=\"wp-image-13355\" srcset=\"https:\/\/sonomalandtrust.org\/wp-content\/uploads\/2026\/03\/wildlife-crossing-study-buck-culvert.jpg 950w, https:\/\/sonomalandtrust.org\/wp-content\/uploads\/2026\/03\/wildlife-crossing-study-buck-culvert-300x179.jpg 300w, https:\/\/sonomalandtrust.org\/wp-content\/uploads\/2026\/03\/wildlife-crossing-study-buck-culvert-768x459.jpg 768w\" sizes=\"(max-width: 950px) 100vw, 950px\" \/><\/a><\/figure>\n\n\n\n<p class=\"has-text-align-left\"><a href=\"https:\/\/www.youtube.com\/watch?v=uDFtFHwajOA\" target=\"_blank\" rel=\"noreferrer noopener\"><\/a>Un ciervo nervioso a trav\u00e9s de una peque\u00f1a alcantarilla<\/p>\n<\/div>\n\n\n\n<div class=\"wp-block-group is-layout-constrained wp-block-group-is-layout-constrained\">\n<figure class=\"wp-block-image size-full is-style-no-border\"><a href=\"https:\/\/www.youtube.com\/watch?v=9lLnnegFMwE\" target=\"_blank\" rel=\" noreferrer noopener\"><img decoding=\"async\" width=\"950\" height=\"568\" src=\"https:\/\/sonomalandtrust.org\/wp-content\/uploads\/2026\/03\/wildlife-crossing-study-otters.png\" alt=\"\" class=\"wp-image-13350\" srcset=\"https:\/\/sonomalandtrust.org\/wp-content\/uploads\/2026\/03\/wildlife-crossing-study-otters.png 950w, https:\/\/sonomalandtrust.org\/wp-content\/uploads\/2026\/03\/wildlife-crossing-study-otters-300x179.png 300w, https:\/\/sonomalandtrust.org\/wp-content\/uploads\/2026\/03\/wildlife-crossing-study-otters-768x459.png 768w\" sizes=\"(max-width: 950px) 100vw, 950px\" \/><\/a><\/figure>\n\n\n\n<p class=\"has-text-align-left\">Nutrias en el arroyo Sonoma, cerca de Kenwood<\/p>\n<\/div>\n\n\n\n<div class=\"wp-block-group is-layout-constrained wp-block-group-is-layout-constrained\">\n<figure class=\"wp-block-image size-full is-style-no-border\"><a href=\"https:\/\/www.youtube.com\/watch?v=CFzpuVJ38s0\" target=\"_blank\" rel=\" noreferrer noopener\"><img decoding=\"async\" width=\"950\" height=\"568\" src=\"https:\/\/sonomalandtrust.org\/wp-content\/uploads\/2026\/03\/wildlife-crossing-study-mountain-lion.jpg\" alt=\"\" class=\"wp-image-13358\" srcset=\"https:\/\/sonomalandtrust.org\/wp-content\/uploads\/2026\/03\/wildlife-crossing-study-mountain-lion.jpg 950w, https:\/\/sonomalandtrust.org\/wp-content\/uploads\/2026\/03\/wildlife-crossing-study-mountain-lion-300x179.jpg 300w, https:\/\/sonomalandtrust.org\/wp-content\/uploads\/2026\/03\/wildlife-crossing-study-mountain-lion-768x459.jpg 768w\" sizes=\"(max-width: 950px) 100vw, 950px\" \/><\/a><\/figure>\n\n\n\n<p class=\"has-text-align-left\"><a href=\"https:\/\/youtu.be\/RP5OcPd3Dcc?si=NkcGy06Nk5ZBEp23\" target=\"_blank\" rel=\"noreferrer noopener\"><\/a>Cruce del puma<\/p>\n<\/div>\n\n\n\n<div class=\"wp-block-group is-layout-constrained wp-block-group-is-layout-constrained\">\n<figure class=\"wp-block-image size-full is-style-no-border\"><a href=\"https:\/\/www.youtube.com\/watch?v=iOkotmMtIJ4\" target=\"_blank\" rel=\" noreferrer noopener\"><img decoding=\"async\" width=\"950\" height=\"568\" src=\"https:\/\/sonomalandtrust.org\/wp-content\/uploads\/2026\/03\/wildlife-crossing-study-fox.jpg\" alt=\"\" class=\"wp-image-13357\" srcset=\"https:\/\/sonomalandtrust.org\/wp-content\/uploads\/2026\/03\/wildlife-crossing-study-fox.jpg 950w, https:\/\/sonomalandtrust.org\/wp-content\/uploads\/2026\/03\/wildlife-crossing-study-fox-300x179.jpg 300w, https:\/\/sonomalandtrust.org\/wp-content\/uploads\/2026\/03\/wildlife-crossing-study-fox-768x459.jpg 768w\" sizes=\"(max-width: 950px) 100vw, 950px\" \/><\/a><\/figure>\n\n\n\n<p class=\"has-text-align-left\">Zorro incapaz de cruzar la crecida del arroyo Stuart<\/p>\n<\/div>\n<\/div>\n<\/div>\n<\/div>\n\n<div class=\"wp-block-group alignfull has-dark-blue-background-color has-background is-layout-constrained wp-block-group-is-layout-constrained\" style=\"padding-top:var(--wp--preset--spacing--60)\">\n<div class=\"social-details-block footer-social-icons socials-block-alt\">\n  <div class=\"social-details-image\">\n    <img decoding=\"async\" width=\"1174\" height=\"806\" src=\"https:\/\/sonomalandtrust.org\/wp-content\/uploads\/2026\/03\/bobcat-looking-at-camera-green-background.jpg\" class=\"attachment-full size-full\" alt=\"Bobcat looking at camera\" srcset=\"https:\/\/sonomalandtrust.org\/wp-content\/uploads\/2026\/03\/bobcat-looking-at-camera-green-background.jpg 1174w, https:\/\/sonomalandtrust.org\/wp-content\/uploads\/2026\/03\/bobcat-looking-at-camera-green-background-300x206.jpg 300w, https:\/\/sonomalandtrust.org\/wp-content\/uploads\/2026\/03\/bobcat-looking-at-camera-green-background-1024x703.jpg 1024w, https:\/\/sonomalandtrust.org\/wp-content\/uploads\/2026\/03\/bobcat-looking-at-camera-green-background-768x527.jpg 768w\" sizes=\"(max-width: 1174px) 100vw, 1174px\" \/>  <\/div>\n  <div class=\"social-details-text\">\n    <p class=\"h2\">S\u00edguenos en las redes sociales<\/p>\n     \n      <p>Recibe informaci\u00f3n actualizada sobre nuestras campa\u00f1as de defensa y aprende m\u00e1s sobre c\u00f3mo protegemos las tierras y aguas abiertas, naturales y de labor del condado de Sonoma.<\/p>\n          <ul class=\"social-links\">\n          <li class=\"social-links__item\">\n        <a href=\"http:\/\/www.facebook.com\/Sonoma-Land-Trust\/\" target=\"_blank\" class=\"social-links__link\" aria-label=\"Sonoma Land Trust on Facebook\">\n                      <i class=\"social-links__icon icon-icon fab fa-facebook-f\"><\/i>\n                  <\/a>\n      <\/li>\n          <li class=\"social-links__item\">\n        <a href=\"https:\/\/www.instagram.com\/sonomalandtrust\/\" target=\"_blank\" class=\"social-links__link\" aria-label=\"Sonoma Land Trust on Instagram\">\n                      <i class=\"social-links__icon icon-icon fab fa-instagram\"><\/i>\n                  <\/a>\n      <\/li>\n          <li class=\"social-links__item\">\n        <a href=\"https:\/\/bsky.app\/profile\/sonomalandtrust.bsky.social\" target=\"_blank\" class=\"social-links__link\" aria-label=\"Sonoma Land Trust on \">\n                      <img decoding=\"async\" width=\"24\" height=\"22\" src=\"https:\/\/sonomalandtrust.org\/wp-content\/uploads\/2025\/10\/bluesky.svg\" class=\"social-links__icon image-icon\" alt=\"Sonoma Land Trust on \" \/>                  <\/a>\n      <\/li>\n          <li class=\"social-links__item\">\n        <a href=\"https:\/\/www.youtube.com\/user\/SonomaLandTrust\/\" target=\"_blank\" class=\"social-links__link\" aria-label=\"Sonoma Land Trust on YouTube\">\n                      <i class=\"social-links__icon icon-icon fab fa-youtube\"><\/i>\n                  <\/a>\n      <\/li>\n          <li class=\"social-links__item\">\n        <a href=\"http:\/\/www.linkedin.com\/company\/1090048?trk=tyah\" target=\"_blank\" class=\"social-links__link\" aria-label=\"Sonoma Land Trust on LinkedIn\">\n                      <i class=\"social-links__icon icon-icon fab fa-linkedin-in\"><\/i>\n                  <\/a>\n      <\/li>\n      <\/ul>\n  <\/div>\n  \n<\/div>\n\n\n<p><\/p>\n<\/div>\n","protected":false},"excerpt":{"rendered":"<p>Sonoma Land Trust est\u00e1 aprovechando el v\u00eddeo, las encuestas sobre animales atropellados, la divulgaci\u00f3n cient\u00edfica en la comunidad y las evaluaciones del paisaje para desarrollar planes de conectividad de la fauna salvaje para seis especies locales. En colaboraci\u00f3n con All Hands Ecology, Sonoma Land Trust est\u00e1 realizando un estudio de un a\u00f1o de duraci\u00f3n sobre [&hellip;]<\/p>\n","protected":false},"author":1,"featured_media":0,"parent":0,"menu_order":0,"comment_status":"closed","ping_status":"closed","template":"","meta":{"_acf_changed":false,"footnotes":""},"class_list":["post-13838","page","type-page","status-publish","hentry"],"acf":[],"yoast_head":"<!-- This site is optimized with the Yoast SEO plugin v27.3 - https:\/\/yoast.com\/product\/yoast-seo-wordpress\/ -->\n<title>Estudio sobre el cruce de fauna de la autopista 12 - Sonoma Land Trust<\/title>\n<meta name=\"description\" content=\"Sonoma Land Trust est\u00e1 estudiando los cruces de fauna a lo largo de la autopista 12 para proteger a las especies locales y mejorar la conectividad mediante la ciencia y los datos de la comunidad.\" \/>\n<meta name=\"robots\" content=\"index, follow, max-snippet:-1, max-image-preview:large, max-video-preview:-1\" \/>\n<link rel=\"canonical\" href=\"https:\/\/sonomalandtrust.org\/es\/estudio-de-camaras-de-fauna-salvaje\/\" \/>\n<meta property=\"og:locale\" content=\"es_ES\" \/>\n<meta property=\"og:type\" content=\"article\" \/>\n<meta property=\"og:title\" content=\"Estudio sobre el cruce de fauna de la autopista 12 - Sonoma Land Trust\" \/>\n<meta property=\"og:description\" content=\"Sonoma Land Trust est\u00e1 estudiando los cruces de fauna a lo largo de la autopista 12 para proteger a las especies locales y mejorar la conectividad mediante la ciencia y los datos de la comunidad.\" \/>\n<meta property=\"og:url\" content=\"https:\/\/sonomalandtrust.org\/es\/estudio-de-camaras-de-fauna-salvaje\/\" \/>\n<meta property=\"og:site_name\" content=\"Sonoma Land Trust\" \/>\n<meta property=\"article:publisher\" content=\"http:\/\/www.facebook.com\/Sonoma-Land-Trust\/\" \/>\n<meta property=\"article:modified_time\" content=\"2026-04-17T17:41:09+00:00\" \/>\n<meta property=\"og:image\" content=\"https:\/\/sonomalandtrust.org\/wp-content\/uploads\/2026\/03\/bear-profile-forest-scaled.jpg\" \/>\n\t<meta property=\"og:image:width\" content=\"2560\" \/>\n\t<meta property=\"og:image:height\" content=\"1148\" \/>\n\t<meta property=\"og:image:type\" content=\"image\/jpeg\" \/>\n<meta name=\"twitter:card\" content=\"summary_large_image\" \/>\n<meta name=\"twitter:label1\" content=\"Est. reading time\" \/>\n\t<meta name=\"twitter:data1\" content=\"1 minuto\" \/>\n<script type=\"application\/ld+json\" class=\"yoast-schema-graph\">{\"@context\":\"https:\\\/\\\/schema.org\",\"@graph\":[{\"@type\":\"WebPage\",\"@id\":\"https:\\\/\\\/sonomalandtrust.org\\\/es\\\/estudio-de-camaras-de-fauna-salvaje\\\/\",\"url\":\"https:\\\/\\\/sonomalandtrust.org\\\/es\\\/estudio-de-camaras-de-fauna-salvaje\\\/\",\"name\":\"Estudio sobre el cruce de fauna de la autopista 12 - Sonoma Land Trust\",\"isPartOf\":{\"@id\":\"https:\\\/\\\/slt-2026.eclipse-dev.com\\\/#website\"},\"primaryImageOfPage\":{\"@id\":\"https:\\\/\\\/sonomalandtrust.org\\\/es\\\/estudio-de-camaras-de-fauna-salvaje\\\/#primaryimage\"},\"image\":{\"@id\":\"https:\\\/\\\/sonomalandtrust.org\\\/es\\\/estudio-de-camaras-de-fauna-salvaje\\\/#primaryimage\"},\"thumbnailUrl\":\"https:\\\/\\\/sonomalandtrust.org\\\/wp-content\\\/uploads\\\/2026\\\/03\\\/bear-profile-forest-scaled.jpg\",\"datePublished\":\"2026-03-02T19:50:21+00:00\",\"dateModified\":\"2026-04-17T17:41:09+00:00\",\"description\":\"Sonoma Land Trust est\u00e1 estudiando los cruces de fauna a lo largo de la autopista 12 para proteger a las especies locales y mejorar la conectividad mediante la ciencia y los datos de la comunidad.\",\"breadcrumb\":{\"@id\":\"https:\\\/\\\/sonomalandtrust.org\\\/es\\\/estudio-de-camaras-de-fauna-salvaje\\\/#breadcrumb\"},\"inLanguage\":\"es\",\"potentialAction\":[{\"@type\":\"ReadAction\",\"target\":[\"https:\\\/\\\/sonomalandtrust.org\\\/es\\\/estudio-de-camaras-de-fauna-salvaje\\\/\"]}]},{\"@type\":\"ImageObject\",\"inLanguage\":\"es\",\"@id\":\"https:\\\/\\\/sonomalandtrust.org\\\/es\\\/estudio-de-camaras-de-fauna-salvaje\\\/#primaryimage\",\"url\":\"https:\\\/\\\/sonomalandtrust.org\\\/wp-content\\\/uploads\\\/2026\\\/03\\\/bear-profile-forest-scaled.jpg\",\"contentUrl\":\"https:\\\/\\\/sonomalandtrust.org\\\/wp-content\\\/uploads\\\/2026\\\/03\\\/bear-profile-forest-scaled.jpg\"},{\"@type\":\"BreadcrumbList\",\"@id\":\"https:\\\/\\\/sonomalandtrust.org\\\/es\\\/estudio-de-camaras-de-fauna-salvaje\\\/#breadcrumb\",\"itemListElement\":[{\"@type\":\"ListItem\",\"position\":1,\"name\":\"Home\",\"item\":\"https:\\\/\\\/sonomalandtrust.org\\\/es\\\/inicio\\\/\"},{\"@type\":\"ListItem\",\"position\":2,\"name\":\"Estudio de c\u00e1maras de fauna salvaje\"}]},{\"@type\":\"WebSite\",\"@id\":\"https:\\\/\\\/slt-2026.eclipse-dev.com\\\/#website\",\"url\":\"https:\\\/\\\/slt-2026.eclipse-dev.com\\\/\",\"name\":\"Sonoma Land Trust\",\"description\":\"\",\"publisher\":{\"@id\":\"https:\\\/\\\/slt-2026.eclipse-dev.com\\\/#organization\"},\"potentialAction\":[{\"@type\":\"SearchAction\",\"target\":{\"@type\":\"EntryPoint\",\"urlTemplate\":\"https:\\\/\\\/slt-2026.eclipse-dev.com\\\/?s={search_term_string}\"},\"query-input\":{\"@type\":\"PropertyValueSpecification\",\"valueRequired\":true,\"valueName\":\"search_term_string\"}}],\"inLanguage\":\"es\"},{\"@type\":\"Organization\",\"@id\":\"https:\\\/\\\/slt-2026.eclipse-dev.com\\\/#organization\",\"name\":\"Fondo de Tierras de Sonoma\",\"url\":\"https:\\\/\\\/slt-2026.eclipse-dev.com\\\/\",\"logo\":{\"@type\":\"ImageObject\",\"inLanguage\":\"es\",\"@id\":\"https:\\\/\\\/slt-2026.eclipse-dev.com\\\/#\\\/schema\\\/logo\\\/image\\\/\",\"url\":\"https:\\\/\\\/sonomalandtrust.org\\\/wp-content\\\/uploads\\\/2025\\\/10\\\/slt-logo.png\",\"contentUrl\":\"https:\\\/\\\/sonomalandtrust.org\\\/wp-content\\\/uploads\\\/2025\\\/10\\\/slt-logo.png\",\"width\":549,\"height\":333,\"caption\":\"Fondo de Tierras de Sonoma\"},\"image\":{\"@id\":\"https:\\\/\\\/slt-2026.eclipse-dev.com\\\/#\\\/schema\\\/logo\\\/image\\\/\"},\"sameAs\":[\"http:\\\/\\\/www.facebook.com\\\/Sonoma-Land-Trust\\\/\",\"https:\\\/\\\/www.instagram.com\\\/sonomalandtrust\\\/\",\"https:\\\/\\\/bsky.app\\\/profile\\\/sonomalandtrust.bsky.social\",\"https:\\\/\\\/www.youtube.com\\\/user\\\/SonomaLandTrust\\\/\",\"http:\\\/\\\/www.linkedin.com\\\/company\\\/1090048?trk=tyah\"]}]}<\/script>\n<!-- \/ Yoast SEO plugin. -->","yoast_head_json":{"title":"Estudio sobre el cruce de fauna de la autopista 12 - Sonoma Land Trust","description":"Sonoma Land Trust est\u00e1 estudiando los cruces de fauna a lo largo de la autopista 12 para proteger a las especies locales y mejorar la conectividad mediante la ciencia y los datos de la comunidad.","robots":{"index":"index","follow":"follow","max-snippet":"max-snippet:-1","max-image-preview":"max-image-preview:large","max-video-preview":"max-video-preview:-1"},"canonical":"https:\/\/sonomalandtrust.org\/es\/estudio-de-camaras-de-fauna-salvaje\/","og_locale":"es_ES","og_type":"article","og_title":"Estudio sobre el cruce de fauna de la autopista 12 - Sonoma Land Trust","og_description":"Sonoma Land Trust est\u00e1 estudiando los cruces de fauna a lo largo de la autopista 12 para proteger a las especies locales y mejorar la conectividad mediante la ciencia y los datos de la comunidad.","og_url":"https:\/\/sonomalandtrust.org\/es\/estudio-de-camaras-de-fauna-salvaje\/","og_site_name":"Sonoma Land Trust","article_publisher":"http:\/\/www.facebook.com\/Sonoma-Land-Trust\/","article_modified_time":"2026-04-17T17:41:09+00:00","og_image":[{"width":2560,"height":1148,"url":"https:\/\/sonomalandtrust.org\/wp-content\/uploads\/2026\/03\/bear-profile-forest-scaled.jpg","type":"image\/jpeg"}],"twitter_card":"summary_large_image","twitter_misc":{"Est. reading time":"1 minuto"},"schema":{"@context":"https:\/\/schema.org","@graph":[{"@type":"WebPage","@id":"https:\/\/sonomalandtrust.org\/es\/estudio-de-camaras-de-fauna-salvaje\/","url":"https:\/\/sonomalandtrust.org\/es\/estudio-de-camaras-de-fauna-salvaje\/","name":"Estudio sobre el cruce de fauna de la autopista 12 - Sonoma Land Trust","isPartOf":{"@id":"https:\/\/slt-2026.eclipse-dev.com\/#website"},"primaryImageOfPage":{"@id":"https:\/\/sonomalandtrust.org\/es\/estudio-de-camaras-de-fauna-salvaje\/#primaryimage"},"image":{"@id":"https:\/\/sonomalandtrust.org\/es\/estudio-de-camaras-de-fauna-salvaje\/#primaryimage"},"thumbnailUrl":"https:\/\/sonomalandtrust.org\/wp-content\/uploads\/2026\/03\/bear-profile-forest-scaled.jpg","datePublished":"2026-03-02T19:50:21+00:00","dateModified":"2026-04-17T17:41:09+00:00","description":"Sonoma Land Trust est\u00e1 estudiando los cruces de fauna a lo largo de la autopista 12 para proteger a las especies locales y mejorar la conectividad mediante la ciencia y los datos de la comunidad.","breadcrumb":{"@id":"https:\/\/sonomalandtrust.org\/es\/estudio-de-camaras-de-fauna-salvaje\/#breadcrumb"},"inLanguage":"es","potentialAction":[{"@type":"ReadAction","target":["https:\/\/sonomalandtrust.org\/es\/estudio-de-camaras-de-fauna-salvaje\/"]}]},{"@type":"ImageObject","inLanguage":"es","@id":"https:\/\/sonomalandtrust.org\/es\/estudio-de-camaras-de-fauna-salvaje\/#primaryimage","url":"https:\/\/sonomalandtrust.org\/wp-content\/uploads\/2026\/03\/bear-profile-forest-scaled.jpg","contentUrl":"https:\/\/sonomalandtrust.org\/wp-content\/uploads\/2026\/03\/bear-profile-forest-scaled.jpg"},{"@type":"BreadcrumbList","@id":"https:\/\/sonomalandtrust.org\/es\/estudio-de-camaras-de-fauna-salvaje\/#breadcrumb","itemListElement":[{"@type":"ListItem","position":1,"name":"Home","item":"https:\/\/sonomalandtrust.org\/es\/inicio\/"},{"@type":"ListItem","position":2,"name":"Estudio de c\u00e1maras de fauna salvaje"}]},{"@type":"WebSite","@id":"https:\/\/slt-2026.eclipse-dev.com\/#website","url":"https:\/\/slt-2026.eclipse-dev.com\/","name":"Sonoma Land Trust","description":"","publisher":{"@id":"https:\/\/slt-2026.eclipse-dev.com\/#organization"},"potentialAction":[{"@type":"SearchAction","target":{"@type":"EntryPoint","urlTemplate":"https:\/\/slt-2026.eclipse-dev.com\/?s={search_term_string}"},"query-input":{"@type":"PropertyValueSpecification","valueRequired":true,"valueName":"search_term_string"}}],"inLanguage":"es"},{"@type":"Organization","@id":"https:\/\/slt-2026.eclipse-dev.com\/#organization","name":"Fondo de Tierras de Sonoma","url":"https:\/\/slt-2026.eclipse-dev.com\/","logo":{"@type":"ImageObject","inLanguage":"es","@id":"https:\/\/slt-2026.eclipse-dev.com\/#\/schema\/logo\/image\/","url":"https:\/\/sonomalandtrust.org\/wp-content\/uploads\/2025\/10\/slt-logo.png","contentUrl":"https:\/\/sonomalandtrust.org\/wp-content\/uploads\/2025\/10\/slt-logo.png","width":549,"height":333,"caption":"Fondo de Tierras de Sonoma"},"image":{"@id":"https:\/\/slt-2026.eclipse-dev.com\/#\/schema\/logo\/image\/"},"sameAs":["http:\/\/www.facebook.com\/Sonoma-Land-Trust\/","https:\/\/www.instagram.com\/sonomalandtrust\/","https:\/\/bsky.app\/profile\/sonomalandtrust.bsky.social","https:\/\/www.youtube.com\/user\/SonomaLandTrust\/","http:\/\/www.linkedin.com\/company\/1090048?trk=tyah"]}]}},"_links":{"self":[{"href":"https:\/\/sonomalandtrust.org\/es\/wp-json\/wp\/v2\/pages\/13838","targetHints":{"allow":["GET"]}}],"collection":[{"href":"https:\/\/sonomalandtrust.org\/es\/wp-json\/wp\/v2\/pages"}],"about":[{"href":"https:\/\/sonomalandtrust.org\/es\/wp-json\/wp\/v2\/types\/page"}],"author":[{"embeddable":true,"href":"https:\/\/sonomalandtrust.org\/es\/wp-json\/wp\/v2\/users\/1"}],"replies":[{"embeddable":true,"href":"https:\/\/sonomalandtrust.org\/es\/wp-json\/wp\/v2\/comments?post=13838"}],"version-history":[{"count":0,"href":"https:\/\/sonomalandtrust.org\/es\/wp-json\/wp\/v2\/pages\/13838\/revisions"}],"wp:attachment":[{"href":"https:\/\/sonomalandtrust.org\/es\/wp-json\/wp\/v2\/media?parent=13838"}],"curies":[{"name":"wp","href":"https:\/\/api.w.org\/{rel}","templated":true}]}}