{"id":11021,"date":"2026-01-14T11:28:16","date_gmt":"2026-01-14T19:28:16","guid":{"rendered":"https:\/\/sonomalandtrust.org\/tierras-protegidas\/asistencia-a-proyectos\/"},"modified":"2026-03-12T11:19:32","modified_gmt":"2026-03-12T18:19:32","slug":"asistencia-a-proyectos","status":"publish","type":"page","link":"https:\/\/sonomalandtrust.org\/es\/tierras-protegidas\/asistencia-a-proyectos\/","title":{"rendered":"Asistencia a proyectos"},"content":{"rendered":"\n<div class=\"wp-block-group alignfull default-page-header-group is-layout-constrained wp-block-group-is-layout-constrained\">\n<h1 class=\"wp-block-heading\">CONSERVAR LAS TIERRAS MEDIANTE LA AYUDA A PROYECTOS<\/h1>\n\n\n\n<div class=\"wp-block-cover alignwide has-custom-content-position is-position-bottom-center\"><img decoding=\"async\" width=\"2560\" height=\"1148\" class=\"wp-block-cover__image-background wp-image-12172 size-full\" alt=\"\" src=\"https:\/\/sonomalandtrust.org\/wp-content\/uploads\/2026\/02\/aerial-santa-rosa-southeast-greenway-scaled.jpg\" data-object-fit=\"cover\" srcset=\"https:\/\/sonomalandtrust.org\/wp-content\/uploads\/2026\/02\/aerial-santa-rosa-southeast-greenway-scaled.jpg 2560w, https:\/\/sonomalandtrust.org\/wp-content\/uploads\/2026\/02\/aerial-santa-rosa-southeast-greenway-300x135.jpg 300w, https:\/\/sonomalandtrust.org\/wp-content\/uploads\/2026\/02\/aerial-santa-rosa-southeast-greenway-1024x459.jpg 1024w, https:\/\/sonomalandtrust.org\/wp-content\/uploads\/2026\/02\/aerial-santa-rosa-southeast-greenway-768x344.jpg 768w, https:\/\/sonomalandtrust.org\/wp-content\/uploads\/2026\/02\/aerial-santa-rosa-southeast-greenway-1536x689.jpg 1536w, https:\/\/sonomalandtrust.org\/wp-content\/uploads\/2026\/02\/aerial-santa-rosa-southeast-greenway-2048x918.jpg 2048w\" sizes=\"(max-width: 2560px) 100vw, 2560px\" \/><span aria-hidden=\"true\" class=\"wp-block-cover__background has-background-dim-0 has-background-dim\"><\/span><div class=\"wp-block-cover__inner-container is-layout-constrained wp-block-cover-is-layout-constrained\">\n<p class=\"has-text-align-center has-large-font-size\"><\/p>\n<\/div><\/div>\n\n\n\n<h2 class=\"wp-block-heading has-green-color has-text-color has-link-color wp-elements-f8a4400e12a403bc3475d6225622a75e\">Ayudar al \u00e9xito de los proyectos de conservaci\u00f3n mediante la asociaci\u00f3n.<\/h2>\n\n\n\n<p class=\"has-text-align-center header-intro-text has-green-color has-text-color has-link-color\">Sonoma Land Trust es bien conocido como socio local dispuesto a ofrecer apoyo a quienes desean conservar la tierra, pero pueden necesitar ayuda en el camino.<\/p>\n<\/div>\n\n<div class=\"wp-block-group is-style-narrow-group is-layout-constrained wp-block-group-is-layout-constrained\" style=\"margin-top:var(--wp--preset--spacing--70);margin-bottom:var(--wp--preset--spacing--70)\">\n<figure class=\"wp-block-image size-large is-style-thick-border\"><img decoding=\"async\" width=\"1024\" height=\"441\" src=\"https:\/\/sonomalandtrust.org\/wp-content\/uploads\/2026\/01\/group-hikers-santa-rosa-southeast-greenway-1024x441.jpg\" alt=\"\" class=\"wp-image-10446\" srcset=\"https:\/\/sonomalandtrust.org\/wp-content\/uploads\/2026\/01\/group-hikers-santa-rosa-southeast-greenway-1024x441.jpg 1024w, https:\/\/sonomalandtrust.org\/wp-content\/uploads\/2026\/01\/group-hikers-santa-rosa-southeast-greenway-300x129.jpg 300w, https:\/\/sonomalandtrust.org\/wp-content\/uploads\/2026\/01\/group-hikers-santa-rosa-southeast-greenway-768x331.jpg 768w, https:\/\/sonomalandtrust.org\/wp-content\/uploads\/2026\/01\/group-hikers-santa-rosa-southeast-greenway-1536x662.jpg 1536w, https:\/\/sonomalandtrust.org\/wp-content\/uploads\/2026\/01\/group-hikers-santa-rosa-southeast-greenway.jpg 1596w\" sizes=\"(max-width: 1024px) 100vw, 1024px\" \/><\/figure>\n\n\n\n<p class=\"has-text-align-center font-size-28 has-green-color has-text-color has-link-color wp-elements-19acaebf250940ac1476a712c56a080c\">Sonoma Land Trust se enorgullece de compartir nuestros amplios conocimientos sobre la adquisici\u00f3n de tierras, la recaudaci\u00f3n de fondos, los compromisos con la comunidad y la custodia como protectores colaborativos de la tierra dispuestos a impulsar las prioridades de quienes trabajan a nuestro lado. He aqu\u00ed algunos ejemplos en los que hemos ofrecido asistencia a proyectos:  <br\/><\/p>\n<\/div>\n\n<div class=\"wp-block-group alignfull has-yellow-screened-background-color has-background is-layout-constrained wp-block-group-is-layout-constrained\" style=\"margin-bottom:var(--wp--preset--spacing--50);padding-top:var(--wp--preset--spacing--70);padding-bottom:0px\">\n\t<div class=\"section-heading section-divider-vertical has-text-align-center  align-text-left align-content-top align wp-block-acf-section-divider-vertical\">\n\n\n  <div class=\"acf-innerblocks-container\">\n\n<h3 class=\"wp-block-heading has-text-align-center has-teal-color has-text-color\"><strong>TIERRAS DE ASISTENCIA A PROYECTOS<\/strong><\/h3>\n\n<\/div>\n\n<\/div>\n\n\n\n\n\n\n\n<div class=\"wp-block-group is-layout-grid wp-container-core-group-is-layout-b757edec wp-block-group-is-layout-grid\">  <div class=\"border-box-card-with-link-block  show-torn-paper-on-image\" id=\"a_4213553\">\n          <a href=\"https:\/\/southeastgreenway.org\/%20\" target=\"_blank\" class=\"card-link-overlay\">\n        <div class=\"image-wrapper\">\n      <img decoding=\"async\" width=\"1024\" height=\"483\" src=\"https:\/\/sonomalandtrust.org\/wp-content\/uploads\/2026\/01\/aerial-southeast-greenway-houses-1024x483.jpg\" class=\"attachment-large size-large\" alt=\"Aerial view of houses near the Santa Rosa Southeast Greenway.\" srcset=\"https:\/\/sonomalandtrust.org\/wp-content\/uploads\/2026\/01\/aerial-southeast-greenway-houses-1024x483.jpg 1024w, https:\/\/sonomalandtrust.org\/wp-content\/uploads\/2026\/01\/aerial-southeast-greenway-houses-300x142.jpg 300w, https:\/\/sonomalandtrust.org\/wp-content\/uploads\/2026\/01\/aerial-southeast-greenway-houses-768x362.jpg 768w, https:\/\/sonomalandtrust.org\/wp-content\/uploads\/2026\/01\/aerial-southeast-greenway-houses.jpg 1306w\" sizes=\"(max-width: 1024px) 100vw, 1024px\" \/>      <div class=\"light-blue-torn-paper\"><\/div>\n    <\/div>\n    <div class=\"multicolor-card-content wp-block-group \">\n      <div class=\"card-content\">\n        <h2>V\u00eda Verde del Sureste de Santa Rosa<\/h2>\n<p><span style=\"font-weight: 400;\">La visi\u00f3n de la v\u00eda verde comenz\u00f3 en 2009, cuando un grupo de miembros de la comunidad inici\u00f3 una campa\u00f1a a favor del parque. En asociaci\u00f3n con ellos, apoyamos la compra de la V\u00eda Verde del Sureste a Caltrans, a la ciudad de Santa Rosa, para transformar los tres kil\u00f3metros de autopista abandonada a lo largo del corredor de la autopista 12 en un nuevo parque urbano de 47 acres. <\/span><\/p>\n<p><span style=\"font-weight: 400;\">El proyecto est\u00e1 dirigido ahora por una coalici\u00f3n estrat\u00e9gica de organizaciones conservacionistas locales que apoyaron con \u00e9xito a la ciudad en la adquisici\u00f3n del terreno en 2025. Las siguientes fases de la planificaci\u00f3n del parque incluyen la creaci\u00f3n de un espacio inclusivo con senderos para ciclistas y peatones, jardines comunitarios, parques de bolsillo, muestras de arte y nuevas oportunidades de juego y educaci\u00f3n al aire libre. <\/span><\/p>\n      <\/div>\n          <div class=\"green-arrow-green-bg\">\n        <span class=\"green-arrow-no-text\"><\/span>\n      <\/div>\n        <\/div>\n          <\/a>\n      <\/div>\n\n\n  <div class=\"border-box-card-with-link-block  show-torn-paper-on-image\" id=\"a_8555443\">\n          <a href=\"https:\/\/www.graton.org\/graton-town-square\" target=\"_blank\" class=\"card-link-overlay\">\n        <div class=\"image-wrapper\">\n      <img decoding=\"async\" width=\"1024\" height=\"483\" src=\"https:\/\/sonomalandtrust.org\/wp-content\/uploads\/2026\/01\/graton-town-square-1024x483.jpg\" class=\"attachment-large size-large\" alt=\"A group of picnic tables next to a business in Graton Town Square.\" srcset=\"https:\/\/sonomalandtrust.org\/wp-content\/uploads\/2026\/01\/graton-town-square-1024x483.jpg 1024w, https:\/\/sonomalandtrust.org\/wp-content\/uploads\/2026\/01\/graton-town-square-300x142.jpg 300w, https:\/\/sonomalandtrust.org\/wp-content\/uploads\/2026\/01\/graton-town-square-768x362.jpg 768w, https:\/\/sonomalandtrust.org\/wp-content\/uploads\/2026\/01\/graton-town-square.jpg 1306w\" sizes=\"(max-width: 1024px) 100vw, 1024px\" \/>      <div class=\"light-blue-torn-paper\"><\/div>\n    <\/div>\n    <div class=\"multicolor-card-content wp-block-group \">\n      <div class=\"card-content\">\n        <h2>Plaza del pueblo de Graton<\/h2>\n<p>Como parte de la continua dedicaci\u00f3n de Sonoma Land Trust a crear un acceso equitativo a la naturaleza, proporcionamos ayuda para adquirir un terreno de 0,59 acres en el coraz\u00f3n del centro de Graton, el \u00faltimo espacio abierto de la ciudad. Estamos orgullosos de formar parte de este esfuerzo junto con Ag + Open Space del Condado de Sonoma, numerosos donantes particulares, el Fondo de Impacto Tur\u00edstico y una Subvenci\u00f3n para Infraestructuras Comunitarias de la oficina del Distrito 5 de la Supervisora Lynda Hopkins.<\/p>\n<p>El terreno pertenece ahora al Distrito de Servicios Comunitarios de Graton. Proporcionar\u00e1 un nuevo espacio urbano de reuni\u00f3n para conectar a la gente con el aire libre, restaurar los espacios verdes y reforzar el v\u00ednculo entre comunidades sanas y paisajes sanos.<\/p>\n      <\/div>\n          <div class=\"green-arrow-green-bg\">\n        <span class=\"green-arrow-no-text\"><\/span>\n      <\/div>\n        <\/div>\n          <\/a>\n      <\/div>\n\n\n  <div class=\"border-box-card-with-link-block  show-torn-paper-on-image\" id=\"a_2920310\">\n          <a href=\"https:\/\/www.petalumariverpark.org\" target=\"_blank\" class=\"card-link-overlay\">\n        <div class=\"image-wrapper\">\n      <img decoding=\"async\" width=\"1024\" height=\"467\" src=\"https:\/\/sonomalandtrust.org\/wp-content\/uploads\/2026\/01\/petaluma-river-park-rendering-1024x467.jpg\" class=\"attachment-large size-large\" alt=\"Rendering of Petaluma River Park\" srcset=\"https:\/\/sonomalandtrust.org\/wp-content\/uploads\/2026\/01\/petaluma-river-park-rendering-1024x467.jpg 1024w, https:\/\/sonomalandtrust.org\/wp-content\/uploads\/2026\/01\/petaluma-river-park-rendering-300x137.jpg 300w, https:\/\/sonomalandtrust.org\/wp-content\/uploads\/2026\/01\/petaluma-river-park-rendering-768x350.jpg 768w, https:\/\/sonomalandtrust.org\/wp-content\/uploads\/2026\/01\/petaluma-river-park-rendering.jpg 1306w\" sizes=\"(max-width: 1024px) 100vw, 1024px\" \/>      <div class=\"light-blue-torn-paper\"><\/div>\n    <\/div>\n    <div class=\"multicolor-card-content wp-block-group \">\n      <div class=\"card-content\">\n        <h2>Parque Fluvial de Petaluma<\/h2>\n<p><span style=\"font-weight: 400;\">Sonoma Land Trust se enorgullece de desempe\u00f1ar un papel clave en la asistencia al proyecto de este incre\u00edble espacio abierto. Desde el principio, ayudamos a crear una coalici\u00f3n de organizaciones locales para desarrollar un s\u00f3lido plan de participaci\u00f3n comunitaria desde el principio. Ahora <\/span><span style=\"font-weight: 400;\">seguimos apoyando este paisaje protegido y colaborando con otras organizaciones comunitarias para crear un parque verdaderamente inclusivo para todos.<\/span><\/p>\n      <\/div>\n          <div class=\"green-arrow-green-bg\">\n        <span class=\"green-arrow-no-text\"><\/span>\n      <\/div>\n        <\/div>\n          <\/a>\n      <\/div>\n<\/div>\n<\/div>\n","protected":false},"excerpt":{"rendered":"<p>Sonoma Land Trust es bien conocido como socio local dispuesto a ofrecer apoyo a quienes desean conservar la tierra, pero pueden necesitar ayuda en el camino. Sonoma Land Trust se enorgullece de compartir nuestros amplios conocimientos sobre la adquisici\u00f3n de tierras, la recaudaci\u00f3n de fondos, los compromisos con la comunidad y la custodia como protectores [&hellip;]<\/p>\n","protected":false},"author":1,"featured_media":0,"parent":10682,"menu_order":0,"comment_status":"closed","ping_status":"closed","template":"","meta":{"_acf_changed":false,"footnotes":""},"class_list":["post-11021","page","type-page","status-publish","hentry"],"acf":[],"yoast_head":"<!-- This site is optimized with the Yoast SEO plugin v27.3 - https:\/\/yoast.com\/product\/yoast-seo-wordpress\/ -->\n<title>Asistencia a proyectos &#8212; Sonoma Land Trust<\/title>\n<meta name=\"description\" content=\"CONSERVAR LAS TIERRAS MEDIANTE LA AYUDA A PROYECTOS Ayudar al \u00e9xito de los proyectos de conservaci\u00f3n mediante la asociaci\u00f3n. Sonoma Land Trust es bien\" \/>\n<meta name=\"robots\" content=\"index, follow, max-snippet:-1, max-image-preview:large, max-video-preview:-1\" \/>\n<link rel=\"canonical\" href=\"https:\/\/sonomalandtrust.org\/es\/tierras-protegidas\/asistencia-a-proyectos\/\" \/>\n<meta property=\"og:locale\" content=\"es_ES\" \/>\n<meta property=\"og:type\" content=\"article\" \/>\n<meta property=\"og:title\" content=\"Asistencia a proyectos &#8212; Sonoma Land Trust\" \/>\n<meta property=\"og:description\" content=\"CONSERVAR LAS TIERRAS MEDIANTE LA AYUDA A PROYECTOS Ayudar al \u00e9xito de los proyectos de conservaci\u00f3n mediante la asociaci\u00f3n. Sonoma Land Trust es bien\" \/>\n<meta property=\"og:url\" content=\"https:\/\/sonomalandtrust.org\/es\/tierras-protegidas\/asistencia-a-proyectos\/\" \/>\n<meta property=\"og:site_name\" content=\"Sonoma Land Trust\" \/>\n<meta property=\"article:publisher\" content=\"http:\/\/www.facebook.com\/Sonoma-Land-Trust\/\" \/>\n<meta property=\"article:modified_time\" content=\"2026-03-12T18:19:32+00:00\" \/>\n<meta property=\"og:image\" content=\"https:\/\/slt-2026.eclipse-dev.com\/wp-content\/uploads\/2026\/02\/aerial-santa-rosa-southeast-greenway-scaled.jpg\" \/>\n<meta name=\"twitter:card\" content=\"summary_large_image\" \/>\n<meta name=\"twitter:label1\" content=\"Est. reading time\" \/>\n\t<meta name=\"twitter:data1\" content=\"1 minuto\" \/>\n<script type=\"application\/ld+json\" class=\"yoast-schema-graph\">{\"@context\":\"https:\\\/\\\/schema.org\",\"@graph\":[{\"@type\":\"WebPage\",\"@id\":\"https:\\\/\\\/sonomalandtrust.org\\\/es\\\/tierras-protegidas\\\/asistencia-a-proyectos\\\/\",\"url\":\"https:\\\/\\\/sonomalandtrust.org\\\/es\\\/tierras-protegidas\\\/asistencia-a-proyectos\\\/\",\"name\":\"Asistencia a proyectos &#8212; Sonoma Land Trust\",\"isPartOf\":{\"@id\":\"https:\\\/\\\/slt-2026.eclipse-dev.com\\\/#website\"},\"primaryImageOfPage\":{\"@id\":\"https:\\\/\\\/sonomalandtrust.org\\\/es\\\/tierras-protegidas\\\/asistencia-a-proyectos\\\/#primaryimage\"},\"image\":{\"@id\":\"https:\\\/\\\/sonomalandtrust.org\\\/es\\\/tierras-protegidas\\\/asistencia-a-proyectos\\\/#primaryimage\"},\"thumbnailUrl\":\"https:\\\/\\\/sonomalandtrust.org\\\/wp-content\\\/uploads\\\/2026\\\/02\\\/aerial-santa-rosa-southeast-greenway-scaled.jpg\",\"datePublished\":\"2026-01-14T19:28:16+00:00\",\"dateModified\":\"2026-03-12T18:19:32+00:00\",\"description\":\"CONSERVAR LAS TIERRAS MEDIANTE LA AYUDA A PROYECTOS Ayudar al \u00e9xito de los proyectos de conservaci\u00f3n mediante la asociaci\u00f3n. Sonoma Land Trust es bien\",\"breadcrumb\":{\"@id\":\"https:\\\/\\\/sonomalandtrust.org\\\/es\\\/tierras-protegidas\\\/asistencia-a-proyectos\\\/#breadcrumb\"},\"inLanguage\":\"es\",\"potentialAction\":[{\"@type\":\"ReadAction\",\"target\":[\"https:\\\/\\\/sonomalandtrust.org\\\/es\\\/tierras-protegidas\\\/asistencia-a-proyectos\\\/\"]}]},{\"@type\":\"ImageObject\",\"inLanguage\":\"es\",\"@id\":\"https:\\\/\\\/sonomalandtrust.org\\\/es\\\/tierras-protegidas\\\/asistencia-a-proyectos\\\/#primaryimage\",\"url\":\"https:\\\/\\\/sonomalandtrust.org\\\/wp-content\\\/uploads\\\/2026\\\/02\\\/aerial-santa-rosa-southeast-greenway-scaled.jpg\",\"contentUrl\":\"https:\\\/\\\/sonomalandtrust.org\\\/wp-content\\\/uploads\\\/2026\\\/02\\\/aerial-santa-rosa-southeast-greenway-scaled.jpg\"},{\"@type\":\"BreadcrumbList\",\"@id\":\"https:\\\/\\\/sonomalandtrust.org\\\/es\\\/tierras-protegidas\\\/asistencia-a-proyectos\\\/#breadcrumb\",\"itemListElement\":[{\"@type\":\"ListItem\",\"position\":1,\"name\":\"Home\",\"item\":\"https:\\\/\\\/sonomalandtrust.org\\\/es\\\/inicio\\\/\"},{\"@type\":\"ListItem\",\"position\":2,\"name\":\"Tierras protegidas\",\"item\":\"https:\\\/\\\/sonomalandtrust.org\\\/es\\\/tierras-protegidas\\\/\"},{\"@type\":\"ListItem\",\"position\":3,\"name\":\"Asistencia a proyectos\"}]},{\"@type\":\"WebSite\",\"@id\":\"https:\\\/\\\/slt-2026.eclipse-dev.com\\\/#website\",\"url\":\"https:\\\/\\\/slt-2026.eclipse-dev.com\\\/\",\"name\":\"Sonoma Land Trust\",\"description\":\"\",\"publisher\":{\"@id\":\"https:\\\/\\\/slt-2026.eclipse-dev.com\\\/#organization\"},\"potentialAction\":[{\"@type\":\"SearchAction\",\"target\":{\"@type\":\"EntryPoint\",\"urlTemplate\":\"https:\\\/\\\/slt-2026.eclipse-dev.com\\\/?s={search_term_string}\"},\"query-input\":{\"@type\":\"PropertyValueSpecification\",\"valueRequired\":true,\"valueName\":\"search_term_string\"}}],\"inLanguage\":\"es\"},{\"@type\":\"Organization\",\"@id\":\"https:\\\/\\\/slt-2026.eclipse-dev.com\\\/#organization\",\"name\":\"Fondo de Tierras de Sonoma\",\"url\":\"https:\\\/\\\/slt-2026.eclipse-dev.com\\\/\",\"logo\":{\"@type\":\"ImageObject\",\"inLanguage\":\"es\",\"@id\":\"https:\\\/\\\/slt-2026.eclipse-dev.com\\\/#\\\/schema\\\/logo\\\/image\\\/\",\"url\":\"https:\\\/\\\/sonomalandtrust.org\\\/wp-content\\\/uploads\\\/2025\\\/10\\\/slt-logo.png\",\"contentUrl\":\"https:\\\/\\\/sonomalandtrust.org\\\/wp-content\\\/uploads\\\/2025\\\/10\\\/slt-logo.png\",\"width\":549,\"height\":333,\"caption\":\"Fondo de Tierras de Sonoma\"},\"image\":{\"@id\":\"https:\\\/\\\/slt-2026.eclipse-dev.com\\\/#\\\/schema\\\/logo\\\/image\\\/\"},\"sameAs\":[\"http:\\\/\\\/www.facebook.com\\\/Sonoma-Land-Trust\\\/\",\"https:\\\/\\\/www.instagram.com\\\/sonomalandtrust\\\/\",\"https:\\\/\\\/bsky.app\\\/profile\\\/sonomalandtrust.bsky.social\",\"https:\\\/\\\/www.youtube.com\\\/user\\\/SonomaLandTrust\\\/\",\"http:\\\/\\\/www.linkedin.com\\\/company\\\/1090048?trk=tyah\"]}]}<\/script>\n<!-- \/ Yoast SEO plugin. -->","yoast_head_json":{"title":"Asistencia a proyectos &#8212; Sonoma Land Trust","description":"CONSERVAR LAS TIERRAS MEDIANTE LA AYUDA A PROYECTOS Ayudar al \u00e9xito de los proyectos de conservaci\u00f3n mediante la asociaci\u00f3n. Sonoma Land Trust es bien","robots":{"index":"index","follow":"follow","max-snippet":"max-snippet:-1","max-image-preview":"max-image-preview:large","max-video-preview":"max-video-preview:-1"},"canonical":"https:\/\/sonomalandtrust.org\/es\/tierras-protegidas\/asistencia-a-proyectos\/","og_locale":"es_ES","og_type":"article","og_title":"Asistencia a proyectos &#8212; Sonoma Land Trust","og_description":"CONSERVAR LAS TIERRAS MEDIANTE LA AYUDA A PROYECTOS Ayudar al \u00e9xito de los proyectos de conservaci\u00f3n mediante la asociaci\u00f3n. Sonoma Land Trust es bien","og_url":"https:\/\/sonomalandtrust.org\/es\/tierras-protegidas\/asistencia-a-proyectos\/","og_site_name":"Sonoma Land Trust","article_publisher":"http:\/\/www.facebook.com\/Sonoma-Land-Trust\/","article_modified_time":"2026-03-12T18:19:32+00:00","og_image":[{"url":"https:\/\/slt-2026.eclipse-dev.com\/wp-content\/uploads\/2026\/02\/aerial-santa-rosa-southeast-greenway-scaled.jpg","type":"","width":"","height":""}],"twitter_card":"summary_large_image","twitter_misc":{"Est. reading time":"1 minuto"},"schema":{"@context":"https:\/\/schema.org","@graph":[{"@type":"WebPage","@id":"https:\/\/sonomalandtrust.org\/es\/tierras-protegidas\/asistencia-a-proyectos\/","url":"https:\/\/sonomalandtrust.org\/es\/tierras-protegidas\/asistencia-a-proyectos\/","name":"Asistencia a proyectos &#8212; Sonoma Land Trust","isPartOf":{"@id":"https:\/\/slt-2026.eclipse-dev.com\/#website"},"primaryImageOfPage":{"@id":"https:\/\/sonomalandtrust.org\/es\/tierras-protegidas\/asistencia-a-proyectos\/#primaryimage"},"image":{"@id":"https:\/\/sonomalandtrust.org\/es\/tierras-protegidas\/asistencia-a-proyectos\/#primaryimage"},"thumbnailUrl":"https:\/\/sonomalandtrust.org\/wp-content\/uploads\/2026\/02\/aerial-santa-rosa-southeast-greenway-scaled.jpg","datePublished":"2026-01-14T19:28:16+00:00","dateModified":"2026-03-12T18:19:32+00:00","description":"CONSERVAR LAS TIERRAS MEDIANTE LA AYUDA A PROYECTOS Ayudar al \u00e9xito de los proyectos de conservaci\u00f3n mediante la asociaci\u00f3n. Sonoma Land Trust es bien","breadcrumb":{"@id":"https:\/\/sonomalandtrust.org\/es\/tierras-protegidas\/asistencia-a-proyectos\/#breadcrumb"},"inLanguage":"es","potentialAction":[{"@type":"ReadAction","target":["https:\/\/sonomalandtrust.org\/es\/tierras-protegidas\/asistencia-a-proyectos\/"]}]},{"@type":"ImageObject","inLanguage":"es","@id":"https:\/\/sonomalandtrust.org\/es\/tierras-protegidas\/asistencia-a-proyectos\/#primaryimage","url":"https:\/\/sonomalandtrust.org\/wp-content\/uploads\/2026\/02\/aerial-santa-rosa-southeast-greenway-scaled.jpg","contentUrl":"https:\/\/sonomalandtrust.org\/wp-content\/uploads\/2026\/02\/aerial-santa-rosa-southeast-greenway-scaled.jpg"},{"@type":"BreadcrumbList","@id":"https:\/\/sonomalandtrust.org\/es\/tierras-protegidas\/asistencia-a-proyectos\/#breadcrumb","itemListElement":[{"@type":"ListItem","position":1,"name":"Home","item":"https:\/\/sonomalandtrust.org\/es\/inicio\/"},{"@type":"ListItem","position":2,"name":"Tierras protegidas","item":"https:\/\/sonomalandtrust.org\/es\/tierras-protegidas\/"},{"@type":"ListItem","position":3,"name":"Asistencia a proyectos"}]},{"@type":"WebSite","@id":"https:\/\/slt-2026.eclipse-dev.com\/#website","url":"https:\/\/slt-2026.eclipse-dev.com\/","name":"Sonoma Land Trust","description":"","publisher":{"@id":"https:\/\/slt-2026.eclipse-dev.com\/#organization"},"potentialAction":[{"@type":"SearchAction","target":{"@type":"EntryPoint","urlTemplate":"https:\/\/slt-2026.eclipse-dev.com\/?s={search_term_string}"},"query-input":{"@type":"PropertyValueSpecification","valueRequired":true,"valueName":"search_term_string"}}],"inLanguage":"es"},{"@type":"Organization","@id":"https:\/\/slt-2026.eclipse-dev.com\/#organization","name":"Fondo de Tierras de Sonoma","url":"https:\/\/slt-2026.eclipse-dev.com\/","logo":{"@type":"ImageObject","inLanguage":"es","@id":"https:\/\/slt-2026.eclipse-dev.com\/#\/schema\/logo\/image\/","url":"https:\/\/sonomalandtrust.org\/wp-content\/uploads\/2025\/10\/slt-logo.png","contentUrl":"https:\/\/sonomalandtrust.org\/wp-content\/uploads\/2025\/10\/slt-logo.png","width":549,"height":333,"caption":"Fondo de Tierras de Sonoma"},"image":{"@id":"https:\/\/slt-2026.eclipse-dev.com\/#\/schema\/logo\/image\/"},"sameAs":["http:\/\/www.facebook.com\/Sonoma-Land-Trust\/","https:\/\/www.instagram.com\/sonomalandtrust\/","https:\/\/bsky.app\/profile\/sonomalandtrust.bsky.social","https:\/\/www.youtube.com\/user\/SonomaLandTrust\/","http:\/\/www.linkedin.com\/company\/1090048?trk=tyah"]}]}},"_links":{"self":[{"href":"https:\/\/sonomalandtrust.org\/es\/wp-json\/wp\/v2\/pages\/11021","targetHints":{"allow":["GET"]}}],"collection":[{"href":"https:\/\/sonomalandtrust.org\/es\/wp-json\/wp\/v2\/pages"}],"about":[{"href":"https:\/\/sonomalandtrust.org\/es\/wp-json\/wp\/v2\/types\/page"}],"author":[{"embeddable":true,"href":"https:\/\/sonomalandtrust.org\/es\/wp-json\/wp\/v2\/users\/1"}],"replies":[{"embeddable":true,"href":"https:\/\/sonomalandtrust.org\/es\/wp-json\/wp\/v2\/comments?post=11021"}],"version-history":[{"count":0,"href":"https:\/\/sonomalandtrust.org\/es\/wp-json\/wp\/v2\/pages\/11021\/revisions"}],"up":[{"embeddable":true,"href":"https:\/\/sonomalandtrust.org\/es\/wp-json\/wp\/v2\/pages\/10682"}],"wp:attachment":[{"href":"https:\/\/sonomalandtrust.org\/es\/wp-json\/wp\/v2\/media?parent=11021"}],"curies":[{"name":"wp","href":"https:\/\/api.w.org\/{rel}","templated":true}]}}