{"id":11018,"date":"2026-01-14T11:22:55","date_gmt":"2026-01-14T19:22:55","guid":{"rendered":"https:\/\/sonomalandtrust.org\/tierras-protegidas\/parques\/"},"modified":"2026-03-12T11:19:32","modified_gmt":"2026-03-12T18:19:32","slug":"parques","status":"publish","type":"page","link":"https:\/\/sonomalandtrust.org\/es\/tierras-protegidas\/parques\/","title":{"rendered":"Parques"},"content":{"rendered":"\n<div class=\"wp-block-group alignfull default-page-header-group is-layout-constrained wp-block-group-is-layout-constrained\">\n<h1 class=\"wp-block-heading\">PARQUES POSIBLES GRACIAS AL FONDO DE TIERRAS DE SONOMA<\/h1>\n\n\n\n<div class=\"wp-block-cover alignwide is-light has-custom-content-position is-position-bottom-center\"><img decoding=\"async\" width=\"2560\" height=\"1148\" class=\"wp-block-cover__image-background wp-image-11098 size-full\" alt=\"\" src=\"https:\/\/sonomalandtrust.org\/wp-content\/uploads\/2026\/01\/group-hikers-pole-mountain-view-scaled.jpg\" data-object-fit=\"cover\" srcset=\"https:\/\/sonomalandtrust.org\/wp-content\/uploads\/2026\/01\/group-hikers-pole-mountain-view-scaled.jpg 2560w, https:\/\/sonomalandtrust.org\/wp-content\/uploads\/2026\/01\/group-hikers-pole-mountain-view-300x135.jpg 300w, https:\/\/sonomalandtrust.org\/wp-content\/uploads\/2026\/01\/group-hikers-pole-mountain-view-1024x459.jpg 1024w, https:\/\/sonomalandtrust.org\/wp-content\/uploads\/2026\/01\/group-hikers-pole-mountain-view-768x344.jpg 768w, https:\/\/sonomalandtrust.org\/wp-content\/uploads\/2026\/01\/group-hikers-pole-mountain-view-1536x689.jpg 1536w, https:\/\/sonomalandtrust.org\/wp-content\/uploads\/2026\/01\/group-hikers-pole-mountain-view-2048x918.jpg 2048w\" sizes=\"(max-width: 2560px) 100vw, 2560px\" \/><span aria-hidden=\"true\" class=\"wp-block-cover__background has-background-dim-0 has-background-dim\"><\/span><div class=\"wp-block-cover__inner-container is-layout-constrained wp-block-cover-is-layout-constrained\">\n<p class=\"has-text-align-center has-large-font-size\"><\/p>\n<\/div><\/div>\n\n\n\n<h2 class=\"wp-block-heading has-green-color has-text-color has-link-color wp-elements-abf876f99634f69eb9c88dcc0c893085\">Naturaleza en tu barrio<\/h2>\n\n\n\n<p class=\"has-text-align-center header-intro-text has-green-color has-text-color has-link-color wp-elements-b26f4918043a9cd93a1b8daf0972adaf\">Muchos de los parques m\u00e1s queridos del condado de Sonoma existen hoy porque el Sonoma Land Trust ayud\u00f3 a hacerlos realidad.<\/p>\n<\/div>\n\n<div class=\"wp-block-group has-white-background-color has-background is-layout-constrained wp-block-group-is-layout-constrained\" style=\"margin-bottom:var(--wp--preset--spacing--60);padding-top:var(--wp--preset--spacing--70);padding-bottom:0px\">\n\t<div class=\"section-heading section-divider-vertical has-text-align-center  align-text-left align-content-top align wp-block-acf-section-divider-vertical\">\n\n\n  <div class=\"acf-innerblocks-container\">\n\n<h3 class=\"wp-block-heading has-text-align-center has-teal-color has-text-color\"><strong>Parques y espacios abiertos<\/strong><\/h3>\n\n<\/div>\n\n<\/div>\n\n\n\n\n\n\n\n<div class=\"wp-block-group is-layout-grid wp-container-core-group-is-layout-b757edec wp-block-group-is-layout-grid\">  <div class=\"border-box-card-with-link-block  show-torn-paper-on-image\" id=\"a_2602520\">\n          <a href=\"https:\/\/sonomalandtrust.org\/wp-content\/uploads\/2026\/01\/Hood-Mountain-Park-Map.pdf\" target=\"_self\" class=\"card-link-overlay\">\n        <div class=\"image-wrapper\">\n      <img decoding=\"async\" width=\"1024\" height=\"483\" src=\"https:\/\/sonomalandtrust.org\/wp-content\/uploads\/2026\/01\/hiker-resting-hood-mountain-1024x483.jpg\" class=\"attachment-large size-large\" alt=\"A hiker stops to sit in a meadow and take in the views from Hood Mountain\" srcset=\"https:\/\/sonomalandtrust.org\/wp-content\/uploads\/2026\/01\/hiker-resting-hood-mountain-1024x483.jpg 1024w, https:\/\/sonomalandtrust.org\/wp-content\/uploads\/2026\/01\/hiker-resting-hood-mountain-300x142.jpg 300w, https:\/\/sonomalandtrust.org\/wp-content\/uploads\/2026\/01\/hiker-resting-hood-mountain-768x362.jpg 768w, https:\/\/sonomalandtrust.org\/wp-content\/uploads\/2026\/01\/hiker-resting-hood-mountain.jpg 1306w\" sizes=\"(max-width: 1024px) 100vw, 1024px\" \/>      <div class=\"light-blue-torn-paper\"><\/div>\n    <\/div>\n    <div class=\"multicolor-card-content wp-block-group \">\n      <div class=\"card-content\">\n        <h2>Monta\u00f1a Hood<\/h2>\n<p><span style=\"font-weight: 400;\">Durante un periodo de 10 a\u00f1os, Sonoma Land Trust transfiri\u00f3 6 parcelas de terreno para ampliar el Parque Regional y Reserva de Espacios Abiertos de Hood Mountain, que ahora es un parque natural de 3.600 acres en el borde del valle de Sonoma. El parque ofrece m\u00e1s de 19 millas de senderos para excursionistas, ciclistas de monta\u00f1a y ecuestres. Y con sus 4.000 metros, la Monta\u00f1a Hood es el pico m\u00e1s alto de las Monta\u00f1as Mayacamas, y ofrece unas vistas impresionantes del Valle de Sonoma y m\u00e1s all\u00e1.<\/span><\/p>\n      <\/div>\n          <div class=\"green-arrow-green-bg\">\n        <span class=\"green-arrow-no-text\"><\/span>\n      <\/div>\n        <\/div>\n          <\/a>\n      <\/div>\n\n\n  <div class=\"border-box-card-with-link-block  show-torn-paper-on-image\" id=\"a_3252873\">\n          <a href=\"https:\/\/sonomalandtrust.org\/wp-content\/uploads\/2026\/01\/sonoma-valley-park-map.pdf\" target=\"_self\" class=\"card-link-overlay\">\n        <div class=\"image-wrapper\">\n      <img decoding=\"async\" width=\"1024\" height=\"483\" src=\"https:\/\/sonomalandtrust.org\/wp-content\/uploads\/2026\/01\/sonoma-valley-regional-park-people-dogs-1024x483.jpg\" class=\"attachment-large size-large\" alt=\"\" srcset=\"https:\/\/sonomalandtrust.org\/wp-content\/uploads\/2026\/01\/sonoma-valley-regional-park-people-dogs-1024x483.jpg 1024w, https:\/\/sonomalandtrust.org\/wp-content\/uploads\/2026\/01\/sonoma-valley-regional-park-people-dogs-300x142.jpg 300w, https:\/\/sonomalandtrust.org\/wp-content\/uploads\/2026\/01\/sonoma-valley-regional-park-people-dogs-768x362.jpg 768w, https:\/\/sonomalandtrust.org\/wp-content\/uploads\/2026\/01\/sonoma-valley-regional-park-people-dogs.jpg 1306w\" sizes=\"(max-width: 1024px) 100vw, 1024px\" \/>      <div class=\"light-blue-torn-paper\"><\/div>\n    <\/div>\n    <div class=\"multicolor-card-content wp-block-group \">\n      <div class=\"card-content\">\n        <h2>Parque Regional del Valle de Sonoma<\/h2>\n<p><span style=\"font-weight: 400;\">En 2015, Sonoma Land Trust adquiri\u00f3 29 acres conocidos como &#8220;Curreri Addition&#8221; junto a la autopista 12, con financiaci\u00f3n parcial del Ag + Open Space del condado de Sonoma. El terreno se transfiri\u00f3 entonces a Parques Regionales para a\u00f1adirlo al Parque Regional del Valle de Sonoma, de 162 acres, y es una parte vital del Corredor de Fauna Salvaje del Valle de Sonoma. Se encuentra en el punto de pinzamiento del Corredor, que conecta m\u00e1s de 9.000 acres de h\u00e1bitat protegido de vida salvaje en las Mayacamas y en la monta\u00f1a de Sonoma.  <\/span><\/p>\n      <\/div>\n          <div class=\"green-arrow-green-bg\">\n        <span class=\"green-arrow-no-text\"><\/span>\n      <\/div>\n        <\/div>\n          <\/a>\n      <\/div>\n\n\n  <div class=\"border-box-card-with-link-block  show-torn-paper-on-image\" id=\"a_7705273\">\n          <a href=\"https:\/\/sonomalandtrust.org\/wp-content\/uploads\/2026\/01\/tolay-lake-regional-park-map.pdf\" target=\"_self\" class=\"card-link-overlay\">\n        <div class=\"image-wrapper\">\n      <img decoding=\"async\" width=\"1024\" height=\"483\" src=\"https:\/\/sonomalandtrust.org\/wp-content\/uploads\/2026\/01\/hikers-climbing-tolay-lake-regional-park-1024x483.jpg\" class=\"attachment-large size-large\" alt=\"Hikers climbing a grassy hill at Tolay Lake Regional Park\" srcset=\"https:\/\/sonomalandtrust.org\/wp-content\/uploads\/2026\/01\/hikers-climbing-tolay-lake-regional-park-1024x483.jpg 1024w, https:\/\/sonomalandtrust.org\/wp-content\/uploads\/2026\/01\/hikers-climbing-tolay-lake-regional-park-300x142.jpg 300w, https:\/\/sonomalandtrust.org\/wp-content\/uploads\/2026\/01\/hikers-climbing-tolay-lake-regional-park-768x362.jpg 768w, https:\/\/sonomalandtrust.org\/wp-content\/uploads\/2026\/01\/hikers-climbing-tolay-lake-regional-park.jpg 1306w\" sizes=\"(max-width: 1024px) 100vw, 1024px\" \/>      <div class=\"light-blue-torn-paper\"><\/div>\n    <\/div>\n    <div class=\"multicolor-card-content wp-block-group \">\n      <div class=\"card-content\">\n        <h2>Parque Regional del Lago Tolay<\/h2>\n<p><span style=\"font-weight: 400;\">En 2007, Sonoma Land Trust compr\u00f3 una propiedad de 1.665 acres en el sur del condado de Sonoma en riesgo de subdivisi\u00f3n y desarrollo de vi\u00f1edos y la llam\u00f3 Tolay Creek Ranch. Tras casi 10 a\u00f1os de evaluaciones de recursos, mejora del h\u00e1bitat y actividades de restauraci\u00f3n del arroyo, Sonoma Land Trust don\u00f3 los terrenos protegidos a los Parques Regionales del Condado de Sonoma, duplicando el tama\u00f1o del Parque Regional del Lago Tolay hasta alcanzar los 3.400 acres, lo que lo convierte en uno de los mayores parques regionales del Condado de Sonoma.<\/span><\/p>\n      <\/div>\n          <div class=\"green-arrow-green-bg\">\n        <span class=\"green-arrow-no-text\"><\/span>\n      <\/div>\n        <\/div>\n          <\/a>\n      <\/div>\n\n\n  <div class=\"border-box-card-with-link-block  show-torn-paper-on-image\" id=\"a_8463708\">\n          <a href=\"https:\/\/sonomalandtrust.org\/wp-content\/uploads\/2026\/01\/Monte-Rio-Redwoods-map.pdf\" target=\"_blank\" class=\"card-link-overlay\">\n        <div class=\"image-wrapper\">\n      <img decoding=\"async\" width=\"1024\" height=\"483\" src=\"https:\/\/sonomalandtrust.org\/wp-content\/uploads\/2026\/01\/monte-rio-redwoods-grove-1024x483.jpg\" class=\"attachment-large size-large\" alt=\"Cielos soleados vistos a trav\u00e9s de una arboleda de secuoyas\" srcset=\"https:\/\/sonomalandtrust.org\/wp-content\/uploads\/2026\/01\/monte-rio-redwoods-grove-1024x483.jpg 1024w, https:\/\/sonomalandtrust.org\/wp-content\/uploads\/2026\/01\/monte-rio-redwoods-grove-300x142.jpg 300w, https:\/\/sonomalandtrust.org\/wp-content\/uploads\/2026\/01\/monte-rio-redwoods-grove-768x362.jpg 768w, https:\/\/sonomalandtrust.org\/wp-content\/uploads\/2026\/01\/monte-rio-redwoods-grove.jpg 1306w\" sizes=\"(max-width: 1024px) 100vw, 1024px\" \/>      <div class=\"light-blue-torn-paper\"><\/div>\n    <\/div>\n    <div class=\"multicolor-card-content wp-block-group \">\n      <div class=\"card-content\">\n        <h2>Parque Regional de las Secuoyas de Monte R\u00edo<\/h2>\n<p>Sonoma Land Trust form\u00f3 parte de un momento hist\u00f3rico para la conservaci\u00f3n del suelo y el ocio p\u00fablico en el condado de Sonoma, al unirse a varios socios locales y regionales en 2025 para adquirir la propiedad de 1.517 acres de la Expansi\u00f3n de las Secuoyas de Monte R\u00edo. Dirigido por la Liga Salvar las Secuoyas, el proyecto culmin\u00f3 con la compra y cesi\u00f3n de la propiedad a Parques Regionales del Condado de Sonoma para ampliar el Parque Regional y Reserva de Espacios Abiertos de Monte R\u00edo Redwoods.<\/p>\n      <\/div>\n          <div class=\"green-arrow-green-bg\">\n        <span class=\"green-arrow-no-text\"><\/span>\n      <\/div>\n        <\/div>\n          <\/a>\n      <\/div>\n\n\n  <div class=\"border-box-card-with-link-block  show-torn-paper-on-image\" id=\"a_9646008\">\n          <a href=\"https:\/\/sonomalandtrust.org\/wp-content\/uploads\/2026\/01\/SonomaCoastSPFinalWebLayout2017-1.pdf\" target=\"_blank\" class=\"card-link-overlay\">\n        <div class=\"image-wrapper\">\n      <img decoding=\"async\" width=\"1024\" height=\"483\" src=\"https:\/\/sonomalandtrust.org\/wp-content\/uploads\/2026\/01\/red-hill-1024x483.jpg\" class=\"attachment-large size-large\" alt=\"An aerial view of Red Hill in Sonoma County.\" srcset=\"https:\/\/sonomalandtrust.org\/wp-content\/uploads\/2026\/01\/red-hill-1024x483.jpg 1024w, https:\/\/sonomalandtrust.org\/wp-content\/uploads\/2026\/01\/red-hill-300x142.jpg 300w, https:\/\/sonomalandtrust.org\/wp-content\/uploads\/2026\/01\/red-hill-768x362.jpg 768w, https:\/\/sonomalandtrust.org\/wp-content\/uploads\/2026\/01\/red-hill.jpg 1306w\" sizes=\"(max-width: 1024px) 100vw, 1024px\" \/>      <div class=\"light-blue-torn-paper\"><\/div>\n    <\/div>\n    <div class=\"multicolor-card-content wp-block-group \">\n      <div class=\"card-content\">\n        <h2>Parque Estatal de la Costa de Sonoma Red Hill<\/h2>\n<p>En 2000, se conservaron de forma permanente 910 acres del Rancho Red Hill mediante una asociaci\u00f3n dirigida por Sonoma Land Trust, junto con California State Parks, Sonoma County Ag + Open Space, California State Coastal Conservancy y organismos gubernamentales locales. Se transfiri\u00f3 a los Parques Estatales en 2003, y nuestro temprano liderazgo condujo a la creaci\u00f3n del popular\u00edsimo Sendero de la Colina Roja, que sigue siendo salvaje, accesible y protegido gracias a nuestra coalici\u00f3n regional. El Sendero de Red Hill tambi\u00e9n fue votado recientemente por la revista Sonoma como el mejor lugar para hacer senderismo en el condado de Sonoma, ya que ofrece amplias vistas de la costa, flores silvestres y un raro paseo por paisajes costeros protegidos.<\/p>\n      <\/div>\n          <div class=\"green-arrow-green-bg\">\n        <span class=\"green-arrow-no-text\"><\/span>\n      <\/div>\n        <\/div>\n          <\/a>\n      <\/div>\n\n\n  <div class=\"border-box-card-with-link-block  show-torn-paper-on-image\" id=\"a_1541137\">\n          <a href=\"https:\/\/www.fws.gov\/refuge\/san-pablo-bay\/visit-us\/locations\/san-pablo-bay-national-wildlife-refuge\" target=\"_blank\" class=\"card-link-overlay\">\n        <div class=\"image-wrapper\">\n      <img decoding=\"async\" width=\"1024\" height=\"483\" src=\"https:\/\/sonomalandtrust.org\/wp-content\/uploads\/2026\/03\/san-pablo-bay-national-wildlife-refuge-1024x483.jpg\" class=\"attachment-large size-large\" alt=\"Marsh at San Pablo Bay National Wildlife Refuge.\" srcset=\"https:\/\/sonomalandtrust.org\/wp-content\/uploads\/2026\/03\/san-pablo-bay-national-wildlife-refuge-1024x483.jpg 1024w, https:\/\/sonomalandtrust.org\/wp-content\/uploads\/2026\/03\/san-pablo-bay-national-wildlife-refuge-300x142.jpg 300w, https:\/\/sonomalandtrust.org\/wp-content\/uploads\/2026\/03\/san-pablo-bay-national-wildlife-refuge-768x362.jpg 768w, https:\/\/sonomalandtrust.org\/wp-content\/uploads\/2026\/03\/san-pablo-bay-national-wildlife-refuge.jpg 1306w\" sizes=\"(max-width: 1024px) 100vw, 1024px\" \/>      <div class=\"light-blue-torn-paper\"><\/div>\n    <\/div>\n    <div class=\"multicolor-card-content wp-block-group \">\n      <div class=\"card-content\">\n        <h2>Refugio Nacional de Vida Silvestre de la Bah\u00eda de San Pablo<\/h2>\n<p>En 2005, Sonoma Land Trust adquiri\u00f3 la propiedad de Sears Point, de 2.327 acres, y en 2015 complet\u00f3 uno de los mayores proyectos de restauraci\u00f3n de humedales mareales de la costa norte de la bah\u00eda, rompiendo diques y reconectando m\u00e1s de 1.000 acres de marisma hist\u00f3rica a las mareas por primera vez en m\u00e1s de un siglo. La restauraci\u00f3n cre\u00f3 un h\u00e1bitat vital para las aves migratorias de la ruta migratoria del Pac\u00edfico y especies como el rasc\u00f3n de Ridgway y el rat\u00f3n cosechador de las marismas saladas, al tiempo que ayudaba a proteger la costa de la subida del nivel del mar. Hoy, los visitantes pueden experimentar este paisaje de primera mano en el segmento de 6 km del Sendero regional de la Bah\u00eda en Sears Point. El sendero pavimentado multiusos ofrece amplias vistas de la bah\u00eda de San Pablo, los humedales restaurados y el monte Tamalpais a lo lejos, invitando a la gente a caminar, montar en bicicleta y presenciar el retorno de la naturaleza a lo largo de la costa del condado de Sonoma.   <\/p>\n      <\/div>\n          <div class=\"green-arrow-green-bg\">\n        <span class=\"green-arrow-no-text\"><\/span>\n      <\/div>\n        <\/div>\n          <\/a>\n      <\/div>\n<\/div>\n<\/div>\n","protected":false},"excerpt":{"rendered":"<p>Muchos de los parques m\u00e1s queridos del condado de Sonoma existen hoy porque el Sonoma Land Trust ayud\u00f3 a hacerlos realidad.<\/p>\n","protected":false},"author":1,"featured_media":0,"parent":10682,"menu_order":0,"comment_status":"closed","ping_status":"closed","template":"","meta":{"_acf_changed":false,"footnotes":""},"class_list":["post-11018","page","type-page","status-publish","hentry"],"acf":[],"yoast_head":"<!-- This site is optimized with the Yoast SEO plugin v27.3 - https:\/\/yoast.com\/product\/yoast-seo-wordpress\/ -->\n<title>Parques &#8212; Sonoma Land Trust<\/title>\n<meta name=\"description\" content=\"PARQUES POSIBLES GRACIAS AL FONDO DE TIERRAS DE SONOMA Naturaleza en tu barrio Muchos de los parques m\u00e1s queridos del condado de Sonoma existen hoy porque\" \/>\n<meta name=\"robots\" content=\"index, follow, max-snippet:-1, max-image-preview:large, max-video-preview:-1\" \/>\n<link rel=\"canonical\" href=\"https:\/\/sonomalandtrust.org\/es\/tierras-protegidas\/parques\/\" \/>\n<meta property=\"og:locale\" content=\"es_ES\" \/>\n<meta property=\"og:type\" content=\"article\" \/>\n<meta property=\"og:title\" content=\"Parques &#8212; Sonoma Land Trust\" \/>\n<meta property=\"og:description\" content=\"PARQUES POSIBLES GRACIAS AL FONDO DE TIERRAS DE SONOMA Naturaleza en tu barrio Muchos de los parques m\u00e1s queridos del condado de Sonoma existen hoy porque\" \/>\n<meta property=\"og:url\" content=\"https:\/\/sonomalandtrust.org\/es\/tierras-protegidas\/parques\/\" \/>\n<meta property=\"og:site_name\" content=\"Sonoma Land Trust\" \/>\n<meta property=\"article:publisher\" content=\"http:\/\/www.facebook.com\/Sonoma-Land-Trust\/\" \/>\n<meta property=\"article:modified_time\" content=\"2026-03-12T18:19:32+00:00\" \/>\n<meta property=\"og:image\" content=\"https:\/\/slt-2026.eclipse-dev.com\/wp-content\/uploads\/2026\/01\/group-hikers-pole-mountain-view-scaled.jpg\" \/>\n<meta name=\"twitter:card\" content=\"summary_large_image\" \/>\n<script type=\"application\/ld+json\" class=\"yoast-schema-graph\">{\"@context\":\"https:\\\/\\\/schema.org\",\"@graph\":[{\"@type\":\"WebPage\",\"@id\":\"https:\\\/\\\/sonomalandtrust.org\\\/es\\\/tierras-protegidas\\\/parques\\\/\",\"url\":\"https:\\\/\\\/sonomalandtrust.org\\\/es\\\/tierras-protegidas\\\/parques\\\/\",\"name\":\"Parques &#8212; Sonoma Land Trust\",\"isPartOf\":{\"@id\":\"https:\\\/\\\/slt-2026.eclipse-dev.com\\\/#website\"},\"primaryImageOfPage\":{\"@id\":\"https:\\\/\\\/sonomalandtrust.org\\\/es\\\/tierras-protegidas\\\/parques\\\/#primaryimage\"},\"image\":{\"@id\":\"https:\\\/\\\/sonomalandtrust.org\\\/es\\\/tierras-protegidas\\\/parques\\\/#primaryimage\"},\"thumbnailUrl\":\"https:\\\/\\\/sonomalandtrust.org\\\/wp-content\\\/uploads\\\/2026\\\/01\\\/group-hikers-pole-mountain-view-scaled.jpg\",\"datePublished\":\"2026-01-14T19:22:55+00:00\",\"dateModified\":\"2026-03-12T18:19:32+00:00\",\"description\":\"PARQUES POSIBLES GRACIAS AL FONDO DE TIERRAS DE SONOMA Naturaleza en tu barrio Muchos de los parques m\u00e1s queridos del condado de Sonoma existen hoy porque\",\"breadcrumb\":{\"@id\":\"https:\\\/\\\/sonomalandtrust.org\\\/es\\\/tierras-protegidas\\\/parques\\\/#breadcrumb\"},\"inLanguage\":\"es-ES\",\"potentialAction\":[{\"@type\":\"ReadAction\",\"target\":[\"https:\\\/\\\/sonomalandtrust.org\\\/es\\\/tierras-protegidas\\\/parques\\\/\"]}]},{\"@type\":\"ImageObject\",\"inLanguage\":\"es-ES\",\"@id\":\"https:\\\/\\\/sonomalandtrust.org\\\/es\\\/tierras-protegidas\\\/parques\\\/#primaryimage\",\"url\":\"https:\\\/\\\/sonomalandtrust.org\\\/wp-content\\\/uploads\\\/2026\\\/01\\\/group-hikers-pole-mountain-view-scaled.jpg\",\"contentUrl\":\"https:\\\/\\\/sonomalandtrust.org\\\/wp-content\\\/uploads\\\/2026\\\/01\\\/group-hikers-pole-mountain-view-scaled.jpg\"},{\"@type\":\"BreadcrumbList\",\"@id\":\"https:\\\/\\\/sonomalandtrust.org\\\/es\\\/tierras-protegidas\\\/parques\\\/#breadcrumb\",\"itemListElement\":[{\"@type\":\"ListItem\",\"position\":1,\"name\":\"Home\",\"item\":\"https:\\\/\\\/sonomalandtrust.org\\\/es\\\/inicio\\\/\"},{\"@type\":\"ListItem\",\"position\":2,\"name\":\"Tierras protegidas\",\"item\":\"https:\\\/\\\/slt-2026.eclipse-dev.com\\\/protected-lands\\\/\"},{\"@type\":\"ListItem\",\"position\":3,\"name\":\"Parques\"}]},{\"@type\":\"WebSite\",\"@id\":\"https:\\\/\\\/slt-2026.eclipse-dev.com\\\/#website\",\"url\":\"https:\\\/\\\/slt-2026.eclipse-dev.com\\\/\",\"name\":\"Sonoma Land Trust\",\"description\":\"\",\"publisher\":{\"@id\":\"https:\\\/\\\/slt-2026.eclipse-dev.com\\\/#organization\"},\"potentialAction\":[{\"@type\":\"SearchAction\",\"target\":{\"@type\":\"EntryPoint\",\"urlTemplate\":\"https:\\\/\\\/slt-2026.eclipse-dev.com\\\/?s={search_term_string}\"},\"query-input\":{\"@type\":\"PropertyValueSpecification\",\"valueRequired\":true,\"valueName\":\"search_term_string\"}}],\"inLanguage\":\"es-ES\"},{\"@type\":\"Organization\",\"@id\":\"https:\\\/\\\/slt-2026.eclipse-dev.com\\\/#organization\",\"name\":\"Sonoma Land Trust\",\"url\":\"https:\\\/\\\/slt-2026.eclipse-dev.com\\\/\",\"logo\":{\"@type\":\"ImageObject\",\"inLanguage\":\"es-ES\",\"@id\":\"https:\\\/\\\/slt-2026.eclipse-dev.com\\\/#\\\/schema\\\/logo\\\/image\\\/\",\"url\":\"https:\\\/\\\/sonomalandtrust.org\\\/wp-content\\\/uploads\\\/2025\\\/10\\\/slt-logo.png\",\"contentUrl\":\"https:\\\/\\\/sonomalandtrust.org\\\/wp-content\\\/uploads\\\/2025\\\/10\\\/slt-logo.png\",\"width\":549,\"height\":333,\"caption\":\"Sonoma Land Trust\"},\"image\":{\"@id\":\"https:\\\/\\\/slt-2026.eclipse-dev.com\\\/#\\\/schema\\\/logo\\\/image\\\/\"},\"sameAs\":[\"http:\\\/\\\/www.facebook.com\\\/Sonoma-Land-Trust\\\/\",\"https:\\\/\\\/www.instagram.com\\\/sonomalandtrust\\\/\",\"https:\\\/\\\/bsky.app\\\/profile\\\/sonomalandtrust.bsky.social\",\"https:\\\/\\\/www.youtube.com\\\/user\\\/SonomaLandTrust\\\/\",\"http:\\\/\\\/www.linkedin.com\\\/company\\\/1090048?trk=tyah\"]}]}<\/script>\n<!-- \/ Yoast SEO plugin. -->","yoast_head_json":{"title":"Parques &#8212; Sonoma Land Trust","description":"PARQUES POSIBLES GRACIAS AL FONDO DE TIERRAS DE SONOMA Naturaleza en tu barrio Muchos de los parques m\u00e1s queridos del condado de Sonoma existen hoy porque","robots":{"index":"index","follow":"follow","max-snippet":"max-snippet:-1","max-image-preview":"max-image-preview:large","max-video-preview":"max-video-preview:-1"},"canonical":"https:\/\/sonomalandtrust.org\/es\/tierras-protegidas\/parques\/","og_locale":"es_ES","og_type":"article","og_title":"Parques &#8212; Sonoma Land Trust","og_description":"PARQUES POSIBLES GRACIAS AL FONDO DE TIERRAS DE SONOMA Naturaleza en tu barrio Muchos de los parques m\u00e1s queridos del condado de Sonoma existen hoy porque","og_url":"https:\/\/sonomalandtrust.org\/es\/tierras-protegidas\/parques\/","og_site_name":"Sonoma Land Trust","article_publisher":"http:\/\/www.facebook.com\/Sonoma-Land-Trust\/","article_modified_time":"2026-03-12T18:19:32+00:00","og_image":[{"url":"https:\/\/slt-2026.eclipse-dev.com\/wp-content\/uploads\/2026\/01\/group-hikers-pole-mountain-view-scaled.jpg","type":"","width":"","height":""}],"twitter_card":"summary_large_image","schema":{"@context":"https:\/\/schema.org","@graph":[{"@type":"WebPage","@id":"https:\/\/sonomalandtrust.org\/es\/tierras-protegidas\/parques\/","url":"https:\/\/sonomalandtrust.org\/es\/tierras-protegidas\/parques\/","name":"Parques &#8212; Sonoma Land Trust","isPartOf":{"@id":"https:\/\/slt-2026.eclipse-dev.com\/#website"},"primaryImageOfPage":{"@id":"https:\/\/sonomalandtrust.org\/es\/tierras-protegidas\/parques\/#primaryimage"},"image":{"@id":"https:\/\/sonomalandtrust.org\/es\/tierras-protegidas\/parques\/#primaryimage"},"thumbnailUrl":"https:\/\/sonomalandtrust.org\/wp-content\/uploads\/2026\/01\/group-hikers-pole-mountain-view-scaled.jpg","datePublished":"2026-01-14T19:22:55+00:00","dateModified":"2026-03-12T18:19:32+00:00","description":"PARQUES POSIBLES GRACIAS AL FONDO DE TIERRAS DE SONOMA Naturaleza en tu barrio Muchos de los parques m\u00e1s queridos del condado de Sonoma existen hoy porque","breadcrumb":{"@id":"https:\/\/sonomalandtrust.org\/es\/tierras-protegidas\/parques\/#breadcrumb"},"inLanguage":"es-ES","potentialAction":[{"@type":"ReadAction","target":["https:\/\/sonomalandtrust.org\/es\/tierras-protegidas\/parques\/"]}]},{"@type":"ImageObject","inLanguage":"es-ES","@id":"https:\/\/sonomalandtrust.org\/es\/tierras-protegidas\/parques\/#primaryimage","url":"https:\/\/sonomalandtrust.org\/wp-content\/uploads\/2026\/01\/group-hikers-pole-mountain-view-scaled.jpg","contentUrl":"https:\/\/sonomalandtrust.org\/wp-content\/uploads\/2026\/01\/group-hikers-pole-mountain-view-scaled.jpg"},{"@type":"BreadcrumbList","@id":"https:\/\/sonomalandtrust.org\/es\/tierras-protegidas\/parques\/#breadcrumb","itemListElement":[{"@type":"ListItem","position":1,"name":"Home","item":"https:\/\/sonomalandtrust.org\/es\/inicio\/"},{"@type":"ListItem","position":2,"name":"Tierras protegidas","item":"https:\/\/slt-2026.eclipse-dev.com\/protected-lands\/"},{"@type":"ListItem","position":3,"name":"Parques"}]},{"@type":"WebSite","@id":"https:\/\/slt-2026.eclipse-dev.com\/#website","url":"https:\/\/slt-2026.eclipse-dev.com\/","name":"Sonoma Land Trust","description":"","publisher":{"@id":"https:\/\/slt-2026.eclipse-dev.com\/#organization"},"potentialAction":[{"@type":"SearchAction","target":{"@type":"EntryPoint","urlTemplate":"https:\/\/slt-2026.eclipse-dev.com\/?s={search_term_string}"},"query-input":{"@type":"PropertyValueSpecification","valueRequired":true,"valueName":"search_term_string"}}],"inLanguage":"es-ES"},{"@type":"Organization","@id":"https:\/\/slt-2026.eclipse-dev.com\/#organization","name":"Sonoma Land Trust","url":"https:\/\/slt-2026.eclipse-dev.com\/","logo":{"@type":"ImageObject","inLanguage":"es-ES","@id":"https:\/\/slt-2026.eclipse-dev.com\/#\/schema\/logo\/image\/","url":"https:\/\/sonomalandtrust.org\/wp-content\/uploads\/2025\/10\/slt-logo.png","contentUrl":"https:\/\/sonomalandtrust.org\/wp-content\/uploads\/2025\/10\/slt-logo.png","width":549,"height":333,"caption":"Sonoma Land Trust"},"image":{"@id":"https:\/\/slt-2026.eclipse-dev.com\/#\/schema\/logo\/image\/"},"sameAs":["http:\/\/www.facebook.com\/Sonoma-Land-Trust\/","https:\/\/www.instagram.com\/sonomalandtrust\/","https:\/\/bsky.app\/profile\/sonomalandtrust.bsky.social","https:\/\/www.youtube.com\/user\/SonomaLandTrust\/","http:\/\/www.linkedin.com\/company\/1090048?trk=tyah"]}]}},"_links":{"self":[{"href":"https:\/\/sonomalandtrust.org\/es\/wp-json\/wp\/v2\/pages\/11018","targetHints":{"allow":["GET"]}}],"collection":[{"href":"https:\/\/sonomalandtrust.org\/es\/wp-json\/wp\/v2\/pages"}],"about":[{"href":"https:\/\/sonomalandtrust.org\/es\/wp-json\/wp\/v2\/types\/page"}],"author":[{"embeddable":true,"href":"https:\/\/sonomalandtrust.org\/es\/wp-json\/wp\/v2\/users\/1"}],"replies":[{"embeddable":true,"href":"https:\/\/sonomalandtrust.org\/es\/wp-json\/wp\/v2\/comments?post=11018"}],"version-history":[{"count":0,"href":"https:\/\/sonomalandtrust.org\/es\/wp-json\/wp\/v2\/pages\/11018\/revisions"}],"up":[{"embeddable":true,"href":"https:\/\/sonomalandtrust.org\/es\/wp-json\/wp\/v2\/pages\/10682"}],"wp:attachment":[{"href":"https:\/\/sonomalandtrust.org\/es\/wp-json\/wp\/v2\/media?parent=11018"}],"curies":[{"name":"wp","href":"https:\/\/api.w.org\/{rel}","templated":true}]}}