{"id":11017,"date":"2026-01-27T11:02:41","date_gmt":"2026-01-27T19:02:41","guid":{"rendered":"https:\/\/sonomalandtrust.org\/tierras-protegidas\/transferencias-de-terrenos\/"},"modified":"2026-03-12T11:19:26","modified_gmt":"2026-03-12T18:19:26","slug":"transferencias-de-terrenos","status":"publish","type":"page","link":"https:\/\/sonomalandtrust.org\/es\/tierras-protegidas\/transferencias-de-terrenos\/","title":{"rendered":"Transferencias de terrenos"},"content":{"rendered":"\n<div class=\"wp-block-group alignfull default-page-header-group is-layout-constrained wp-block-group-is-layout-constrained\">\n<h1 class=\"wp-block-heading\">Transferencias de tierras facilitadas por Sonoma Land Trust<\/h1>\n\n\n\n<div class=\"wp-block-cover alignwide is-light has-custom-content-position is-position-bottom-center\"><img decoding=\"async\" width=\"2560\" height=\"1148\" class=\"wp-block-cover__image-background wp-image-12151 size-full\" alt=\"\" src=\"https:\/\/sonomalandtrust.org\/wp-content\/uploads\/2026\/02\/sears-point-hills-wildflowers-scaled.jpg\" data-object-fit=\"cover\" srcset=\"https:\/\/sonomalandtrust.org\/wp-content\/uploads\/2026\/02\/sears-point-hills-wildflowers-scaled.jpg 2560w, https:\/\/sonomalandtrust.org\/wp-content\/uploads\/2026\/02\/sears-point-hills-wildflowers-300x135.jpg 300w, https:\/\/sonomalandtrust.org\/wp-content\/uploads\/2026\/02\/sears-point-hills-wildflowers-1024x459.jpg 1024w, https:\/\/sonomalandtrust.org\/wp-content\/uploads\/2026\/02\/sears-point-hills-wildflowers-768x344.jpg 768w, https:\/\/sonomalandtrust.org\/wp-content\/uploads\/2026\/02\/sears-point-hills-wildflowers-1536x689.jpg 1536w, https:\/\/sonomalandtrust.org\/wp-content\/uploads\/2026\/02\/sears-point-hills-wildflowers-2048x918.jpg 2048w\" sizes=\"(max-width: 2560px) 100vw, 2560px\" \/><span aria-hidden=\"true\" class=\"wp-block-cover__background has-background-dim-0 has-background-dim\"><\/span><div class=\"wp-block-cover__inner-container is-layout-constrained wp-block-cover-is-layout-constrained\">\n<p class=\"has-text-align-center has-large-font-size\"><\/p>\n<\/div><\/div>\n\n\n\n<h2 class=\"wp-block-heading has-green-color has-text-color has-link-color wp-elements-ce241527f0e8bc1d656117c92ce170ae\">Conservar la tierra y ponerla a disposici\u00f3n p\u00fablica<\/h2>\n\n\n\n<p class=\"has-text-align-center header-intro-text has-green-color has-text-color has-link-color wp-elements-45a10d7c35f4c308e7f4b576537eb3e8\">Las transferencias de tierras son una forma fundamental de que Sonoma Land Trust garantice que las tierras protegidas permanentemente est\u00e9n cuidadas y sean accesibles a largo plazo.<\/p>\n<\/div>\n\n<div class=\"wp-block-group is-style-narrow-group is-layout-constrained wp-block-group-is-layout-constrained\" style=\"margin-top:var(--wp--preset--spacing--70);margin-bottom:var(--wp--preset--spacing--70)\">\n<figure class=\"wp-block-image size-large is-style-thick-border\" style=\"margin-bottom:var(--wp--preset--spacing--30)\"><img decoding=\"async\" width=\"1024\" height=\"441\" src=\"https:\/\/sonomalandtrust.org\/wp-content\/uploads\/2026\/01\/sea-to-sky-trail-ribbon-cutting-1024x441.jpg\" alt=\"\" class=\"wp-image-10428\" srcset=\"https:\/\/sonomalandtrust.org\/wp-content\/uploads\/2026\/01\/sea-to-sky-trail-ribbon-cutting-1024x441.jpg 1024w, https:\/\/sonomalandtrust.org\/wp-content\/uploads\/2026\/01\/sea-to-sky-trail-ribbon-cutting-300x129.jpg 300w, https:\/\/sonomalandtrust.org\/wp-content\/uploads\/2026\/01\/sea-to-sky-trail-ribbon-cutting-768x331.jpg 768w, https:\/\/sonomalandtrust.org\/wp-content\/uploads\/2026\/01\/sea-to-sky-trail-ribbon-cutting-1536x662.jpg 1536w, https:\/\/sonomalandtrust.org\/wp-content\/uploads\/2026\/01\/sea-to-sky-trail-ribbon-cutting.jpg 1596w\" sizes=\"(max-width: 1024px) 100vw, 1024px\" \/><\/figure>\n\n\n\n<p class=\"has-text-align-center is-style-default has-green-color has-text-color has-link-color has-large-font-size wp-elements-75860a1711cfe0325dc111350be4ba47\">Sonoma Land Trust transfiere tierras cuando es lo mejor para la salud y vitalidad a largo plazo de la tierra y la comunidad. Cuando Sonoma Land Trust transfiere tierras que hemos adquirido previamente a un organismo p\u00fablico, una naci\u00f3n tribal o un socio conservacionista, estamos contribuyendo a garantizar que su protecci\u00f3n sea permanente, equitativa y est\u00e9 bien dotada de recursos, durante mucho tiempo. He aqu\u00ed algunos ejemplos de transferencias de terrenos que hemos facilitado con \u00e9xito.  <\/p>\n<\/div>\n\n<div class=\"wp-block-group alignfull has-yellow-screened-background-color has-background is-layout-constrained wp-block-group-is-layout-constrained\" style=\"margin-bottom:var(--wp--preset--spacing--50);padding-top:var(--wp--preset--spacing--70);padding-bottom:0px\">\n\t<div class=\"section-heading section-divider-vertical has-text-align-center  align-text-left align-content-top align wp-block-acf-section-divider-vertical\">\n\n\n  <div class=\"acf-innerblocks-container\">\n\n<h3 class=\"wp-block-heading has-text-align-center has-teal-color has-text-color\"><strong>TRANSFERENCIAS DE TIERRAS<\/strong><\/h3>\n\n<\/div>\n\n<\/div>\n\n\n\n\n\n\n\n<div class=\"wp-block-group is-layout-grid wp-container-core-group-is-layout-b757edec wp-block-group-is-layout-grid\">  <div class=\"border-box-card-with-link-block  show-torn-paper-on-image\" id=\"a_6646866\">\n          <a href=\"https:\/\/sonomalandtrust.org\/wp-content\/uploads\/2026\/01\/twc_jhp_trailmap_feb2024.pdf\" target=\"_self\" class=\"card-link-overlay\">\n        <div class=\"image-wrapper\">\n      <img decoding=\"async\" width=\"1024\" height=\"483\" src=\"https:\/\/sonomalandtrust.org\/wp-content\/uploads\/2026\/01\/jenner-headlands-sunset-1024x483.jpg\" class=\"attachment-large size-large\" alt=\"Sunset from atop Jenner Headlands with trees in foreground and clouds behind\" srcset=\"https:\/\/sonomalandtrust.org\/wp-content\/uploads\/2026\/01\/jenner-headlands-sunset-1024x483.jpg 1024w, https:\/\/sonomalandtrust.org\/wp-content\/uploads\/2026\/01\/jenner-headlands-sunset-300x142.jpg 300w, https:\/\/sonomalandtrust.org\/wp-content\/uploads\/2026\/01\/jenner-headlands-sunset-768x362.jpg 768w, https:\/\/sonomalandtrust.org\/wp-content\/uploads\/2026\/01\/jenner-headlands-sunset.jpg 1306w\" sizes=\"(max-width: 1024px) 100vw, 1024px\" \/>      <div class=\"light-blue-torn-paper\"><\/div>\n    <\/div>\n    <div class=\"multicolor-card-content wp-block-group \">\n      <div class=\"card-content\">\n        <h2>Cabos de Jenner<\/h2>\n<p>Sonoma Land Trust adquiri\u00f3 los 5.630 acres de la zona costera de Jenner Headlands en 2009 por 36 millones de d\u00f3lares, con una ayuda de 9 millones de d\u00f3lares de Sonoma County Ag + Open Space. En aquel momento, fue uno de los mayores proyectos de conservaci\u00f3n de tierras de la historia del condado de Sonoma. <\/p>\n<p>Despu\u00e9s, en 2013, transferimos la reserva a The Wildlands Conservancy para su gesti\u00f3n a largo plazo y la coordinaci\u00f3n del acceso p\u00fablico. En 2014 completamos la adquisici\u00f3n de la propiedad adyacente de Pole Mountain para crear un paisaje protegido de 6.368 acres. Gracias a nuestra asociaci\u00f3n con The Wildlands Conservancy, ahora los excursionistas pueden caminar desde las orillas del Pac\u00edfico hasta la cima de la Monta\u00f1a del Polo, a 2.204&#8242;.<\/p>\n      <\/div>\n          <div class=\"green-arrow-green-bg\">\n        <span class=\"green-arrow-no-text\"><\/span>\n      <\/div>\n        <\/div>\n          <\/a>\n      <\/div>\n\n\n  <div class=\"border-box-card-with-link-block  show-torn-paper-on-image\" id=\"a_7021313\">\n          <a href=\"https:\/\/sonomalandtrust.org\/wp-content\/uploads\/2026\/01\/twc_eacp_temptrailmap_8-5x11-1.pdf\" target=\"_self\" class=\"card-link-overlay\">\n        <div class=\"image-wrapper\">\n      <img decoding=\"async\" width=\"1024\" height=\"483\" src=\"https:\/\/sonomalandtrust.org\/wp-content\/uploads\/2026\/01\/estero-americano-coastal-preserve-landscape-1024x483.jpg\" class=\"attachment-large size-large\" alt=\"Wildflowers overlook landscape of Estero Americano Coastal Preserve\" srcset=\"https:\/\/sonomalandtrust.org\/wp-content\/uploads\/2026\/01\/estero-americano-coastal-preserve-landscape-1024x483.jpg 1024w, https:\/\/sonomalandtrust.org\/wp-content\/uploads\/2026\/01\/estero-americano-coastal-preserve-landscape-300x142.jpg 300w, https:\/\/sonomalandtrust.org\/wp-content\/uploads\/2026\/01\/estero-americano-coastal-preserve-landscape-768x362.jpg 768w, https:\/\/sonomalandtrust.org\/wp-content\/uploads\/2026\/01\/estero-americano-coastal-preserve-landscape.jpg 1306w\" sizes=\"(max-width: 1024px) 100vw, 1024px\" \/>      <div class=\"light-blue-torn-paper\"><\/div>\n    <\/div>\n    <div class=\"multicolor-card-content wp-block-group \">\n      <div class=\"card-content\">\n        <h2>Reserva Costera del Estero Americano<\/h2>\n<p>En 2017, Sonoma Land Trust, Sonoma County Ag + Open Space y The Wildlands Conservancy se unieron a California Coastal Conservancy y a la Gordon and Betty Moore Foundation para adquirir el Estero Ranch, de 547 acres, situado al sur de Bodega Bay. La propiedad es adyacente a nuestra Reserva Estero Americano, adquirida en 1997. Aumenta la protecci\u00f3n de la singular \u00c1rea Marina Protegida (AMP) del Estero Americano, una de las zonas biol\u00f3gicas m\u00e1s importantes de la costa de California. La propiedad pertenece y est\u00e1 gestionada por The Wildlands Conservancy, y estamos orgullosos de compartir que a principios de 2025, The Wildlands Conservancy abri\u00f3 la propiedad al acceso p\u00fablico.   <\/p>\n      <\/div>\n          <div class=\"green-arrow-green-bg\">\n        <span class=\"green-arrow-no-text\"><\/span>\n      <\/div>\n        <\/div>\n          <\/a>\n      <\/div>\n\n\n  <div class=\"border-box-card-with-link-block  show-torn-paper-on-image\" id=\"a_8144133\">\n          <a href=\"https:\/\/www.fws.gov\/refuge\/san-pablo-bay\" target=\"_blank\" class=\"card-link-overlay\">\n        <div class=\"image-wrapper\">\n      <img decoding=\"async\" width=\"1024\" height=\"400\" src=\"https:\/\/sonomalandtrust.org\/wp-content\/uploads\/2026\/01\/salt-marsh-harvest-mouse-e1772658088842-1024x400.jpg\" class=\"attachment-large size-large\" alt=\"Harvest mouse perched on a branch\" srcset=\"https:\/\/sonomalandtrust.org\/wp-content\/uploads\/2026\/01\/salt-marsh-harvest-mouse-e1772658088842-1024x400.jpg 1024w, https:\/\/sonomalandtrust.org\/wp-content\/uploads\/2026\/01\/salt-marsh-harvest-mouse-e1772658088842-300x117.jpg 300w, https:\/\/sonomalandtrust.org\/wp-content\/uploads\/2026\/01\/salt-marsh-harvest-mouse-e1772658088842-768x300.jpg 768w, https:\/\/sonomalandtrust.org\/wp-content\/uploads\/2026\/01\/salt-marsh-harvest-mouse-e1772658088842.jpg 1306w\" sizes=\"(max-width: 1024px) 100vw, 1024px\" \/>      <div class=\"light-blue-torn-paper\"><\/div>\n    <\/div>\n    <div class=\"multicolor-card-content wp-block-group \">\n      <div class=\"card-content\">\n        <h2>Refugio Nacional de Vida Silvestre de la Bah\u00eda de San Pablo<\/h2>\n<p>Entre 1989 y 2013, Sonoma Land Trust adquiri\u00f3 y restaur\u00f3 casi 3.000 acres de los Baylands, antes de transferirlos al Servicio de Pesca y Vida Silvestre de EE.UU. para que formaran parte del Refugio Nacional de Vida Silvestre de la Bah\u00eda de San Pablo. En la actualidad, el refugio consta de m\u00e1s de 19.000 acres situados a lo largo del borde norte de la bah\u00eda de San Pablo. Alberga la mayor poblaci\u00f3n invernante de loros de la costa occidental, y protege al rat\u00f3n cosechador de las marismas saladas y al rasc\u00f3n de Ridgway, que est\u00e1n en peligro de extinci\u00f3n.<\/p>\n      <\/div>\n          <div class=\"green-arrow-green-bg\">\n        <span class=\"green-arrow-no-text\"><\/span>\n      <\/div>\n        <\/div>\n          <\/a>\n      <\/div>\n\n\n  <div class=\"border-box-card-with-link-block  show-torn-paper-on-image\" id=\"a_8631813\">\n          <a href=\"https:\/\/www.markwestarea.org\" target=\"_blank\" class=\"card-link-overlay\">\n        <div class=\"image-wrapper\">\n      <img decoding=\"async\" width=\"1024\" height=\"483\" src=\"https:\/\/sonomalandtrust.org\/wp-content\/uploads\/2026\/01\/mark-west-community-park-ribbon-cutting-1024x483.jpg\" class=\"attachment-large size-large\" alt=\"A group of people smiling with one man cutting the ribbon at the Mark West Community Park ribbon cutting ceremony.\" srcset=\"https:\/\/sonomalandtrust.org\/wp-content\/uploads\/2026\/01\/mark-west-community-park-ribbon-cutting-1024x483.jpg 1024w, https:\/\/sonomalandtrust.org\/wp-content\/uploads\/2026\/01\/mark-west-community-park-ribbon-cutting-300x142.jpg 300w, https:\/\/sonomalandtrust.org\/wp-content\/uploads\/2026\/01\/mark-west-community-park-ribbon-cutting-768x362.jpg 768w, https:\/\/sonomalandtrust.org\/wp-content\/uploads\/2026\/01\/mark-west-community-park-ribbon-cutting.jpg 1306w\" sizes=\"(max-width: 1024px) 100vw, 1024px\" \/>      <div class=\"light-blue-torn-paper\"><\/div>\n    <\/div>\n    <div class=\"multicolor-card-content wp-block-group \">\n      <div class=\"card-content\">\n        <h2>Parque Comunitario Mark West<\/h2>\n<p><span style=\"font-weight: 400;\">En 2024, e<\/span><span style=\"font-weight: 400;\">n estrecha colaboraci\u00f3n con Ag + Open Space del condado de Sonoma y el Fondo Comunitario de la zona de Mark West, <\/span><span style=\"font-weight: 400;\">Sonoma Land Trust adquiri\u00f3 una propiedad en la zona de Mark West, al norte de Santa Rosa, para crear un nuevo parque comunitario. <\/span> <\/p>\n<p><span style=\"font-weight: 400;\">Fuimos propietarios provisionales de la propiedad antes de transferirla al Fondo Comunitario del \u00c1rea Mark West para el desarrollo y funcionamiento del parque. El proyecto proporcionar\u00e1 a la comunidad -muy afectada por el incendio de Tubbs de 2017- un espacio muy necesario para actividades recreativas y educativas al aire libre.<\/span><\/p>\n      <\/div>\n          <div class=\"green-arrow-green-bg\">\n        <span class=\"green-arrow-no-text\"><\/span>\n      <\/div>\n        <\/div>\n          <\/a>\n      <\/div>\n<\/div>\n<\/div>\n","protected":false},"excerpt":{"rendered":"<p>Las transferencias de tierras son una forma fundamental de que Sonoma Land Trust garantice que las tierras protegidas permanentemente est\u00e9n cuidadas y sean accesibles a largo plazo. Sonoma Land Trust transfiere tierras cuando es lo mejor para la salud y vitalidad a largo plazo de la tierra y la comunidad. Cuando Sonoma Land Trust transfiere [&hellip;]<\/p>\n","protected":false},"author":1,"featured_media":0,"parent":10682,"menu_order":0,"comment_status":"closed","ping_status":"closed","template":"","meta":{"_acf_changed":false,"footnotes":""},"class_list":["post-11017","page","type-page","status-publish","hentry"],"acf":[],"yoast_head":"<!-- This site is optimized with the Yoast SEO plugin v27.3 - https:\/\/yoast.com\/product\/yoast-seo-wordpress\/ -->\n<title>Transferencias de terrenos &#8212; Sonoma Land Trust<\/title>\n<meta name=\"description\" content=\"Transferencias de tierras facilitadas por Sonoma Land Trust Conservar la tierra y ponerla a disposici\u00f3n p\u00fablica Las transferencias de tierras son una\" \/>\n<meta name=\"robots\" content=\"index, follow, max-snippet:-1, max-image-preview:large, max-video-preview:-1\" \/>\n<link rel=\"canonical\" href=\"https:\/\/sonomalandtrust.org\/es\/tierras-protegidas\/transferencias-de-terrenos\/\" \/>\n<meta property=\"og:locale\" content=\"es_ES\" \/>\n<meta property=\"og:type\" content=\"article\" \/>\n<meta property=\"og:title\" content=\"Transferencias de terrenos &#8212; Sonoma Land Trust\" \/>\n<meta property=\"og:description\" content=\"Transferencias de tierras facilitadas por Sonoma Land Trust Conservar la tierra y ponerla a disposici\u00f3n p\u00fablica Las transferencias de tierras son una\" \/>\n<meta property=\"og:url\" content=\"https:\/\/sonomalandtrust.org\/es\/tierras-protegidas\/transferencias-de-terrenos\/\" \/>\n<meta property=\"og:site_name\" content=\"Sonoma Land Trust\" \/>\n<meta property=\"article:publisher\" content=\"http:\/\/www.facebook.com\/Sonoma-Land-Trust\/\" \/>\n<meta property=\"article:modified_time\" content=\"2026-03-12T18:19:26+00:00\" \/>\n<meta property=\"og:image\" content=\"https:\/\/slt-2026.eclipse-dev.com\/wp-content\/uploads\/2026\/02\/sears-point-hills-wildflowers-scaled.jpg\" \/>\n<meta name=\"twitter:card\" content=\"summary_large_image\" \/>\n<meta name=\"twitter:label1\" content=\"Est. reading time\" \/>\n\t<meta name=\"twitter:data1\" content=\"1 minuto\" \/>\n<script type=\"application\/ld+json\" class=\"yoast-schema-graph\">{\"@context\":\"https:\\\/\\\/schema.org\",\"@graph\":[{\"@type\":\"WebPage\",\"@id\":\"https:\\\/\\\/sonomalandtrust.org\\\/es\\\/tierras-protegidas\\\/transferencias-de-terrenos\\\/\",\"url\":\"https:\\\/\\\/sonomalandtrust.org\\\/es\\\/tierras-protegidas\\\/transferencias-de-terrenos\\\/\",\"name\":\"Transferencias de terrenos &#8212; Sonoma Land Trust\",\"isPartOf\":{\"@id\":\"https:\\\/\\\/slt-2026.eclipse-dev.com\\\/#website\"},\"primaryImageOfPage\":{\"@id\":\"https:\\\/\\\/sonomalandtrust.org\\\/es\\\/tierras-protegidas\\\/transferencias-de-terrenos\\\/#primaryimage\"},\"image\":{\"@id\":\"https:\\\/\\\/sonomalandtrust.org\\\/es\\\/tierras-protegidas\\\/transferencias-de-terrenos\\\/#primaryimage\"},\"thumbnailUrl\":\"https:\\\/\\\/sonomalandtrust.org\\\/wp-content\\\/uploads\\\/2026\\\/02\\\/sears-point-hills-wildflowers-scaled.jpg\",\"datePublished\":\"2026-01-27T19:02:41+00:00\",\"dateModified\":\"2026-03-12T18:19:26+00:00\",\"description\":\"Transferencias de tierras facilitadas por Sonoma Land Trust Conservar la tierra y ponerla a disposici\u00f3n p\u00fablica Las transferencias de tierras son una\",\"breadcrumb\":{\"@id\":\"https:\\\/\\\/sonomalandtrust.org\\\/es\\\/tierras-protegidas\\\/transferencias-de-terrenos\\\/#breadcrumb\"},\"inLanguage\":\"es\",\"potentialAction\":[{\"@type\":\"ReadAction\",\"target\":[\"https:\\\/\\\/sonomalandtrust.org\\\/es\\\/tierras-protegidas\\\/transferencias-de-terrenos\\\/\"]}]},{\"@type\":\"ImageObject\",\"inLanguage\":\"es\",\"@id\":\"https:\\\/\\\/sonomalandtrust.org\\\/es\\\/tierras-protegidas\\\/transferencias-de-terrenos\\\/#primaryimage\",\"url\":\"https:\\\/\\\/sonomalandtrust.org\\\/wp-content\\\/uploads\\\/2026\\\/02\\\/sears-point-hills-wildflowers-scaled.jpg\",\"contentUrl\":\"https:\\\/\\\/sonomalandtrust.org\\\/wp-content\\\/uploads\\\/2026\\\/02\\\/sears-point-hills-wildflowers-scaled.jpg\"},{\"@type\":\"BreadcrumbList\",\"@id\":\"https:\\\/\\\/sonomalandtrust.org\\\/es\\\/tierras-protegidas\\\/transferencias-de-terrenos\\\/#breadcrumb\",\"itemListElement\":[{\"@type\":\"ListItem\",\"position\":1,\"name\":\"Home\",\"item\":\"https:\\\/\\\/sonomalandtrust.org\\\/es\\\/inicio\\\/\"},{\"@type\":\"ListItem\",\"position\":2,\"name\":\"Tierras protegidas\",\"item\":\"https:\\\/\\\/sonomalandtrust.org\\\/es\\\/tierras-protegidas\\\/\"},{\"@type\":\"ListItem\",\"position\":3,\"name\":\"Transferencias de terrenos\"}]},{\"@type\":\"WebSite\",\"@id\":\"https:\\\/\\\/slt-2026.eclipse-dev.com\\\/#website\",\"url\":\"https:\\\/\\\/slt-2026.eclipse-dev.com\\\/\",\"name\":\"Sonoma Land Trust\",\"description\":\"\",\"publisher\":{\"@id\":\"https:\\\/\\\/slt-2026.eclipse-dev.com\\\/#organization\"},\"potentialAction\":[{\"@type\":\"SearchAction\",\"target\":{\"@type\":\"EntryPoint\",\"urlTemplate\":\"https:\\\/\\\/slt-2026.eclipse-dev.com\\\/?s={search_term_string}\"},\"query-input\":{\"@type\":\"PropertyValueSpecification\",\"valueRequired\":true,\"valueName\":\"search_term_string\"}}],\"inLanguage\":\"es\"},{\"@type\":\"Organization\",\"@id\":\"https:\\\/\\\/slt-2026.eclipse-dev.com\\\/#organization\",\"name\":\"Fondo de Tierras de Sonoma\",\"url\":\"https:\\\/\\\/slt-2026.eclipse-dev.com\\\/\",\"logo\":{\"@type\":\"ImageObject\",\"inLanguage\":\"es\",\"@id\":\"https:\\\/\\\/slt-2026.eclipse-dev.com\\\/#\\\/schema\\\/logo\\\/image\\\/\",\"url\":\"https:\\\/\\\/sonomalandtrust.org\\\/wp-content\\\/uploads\\\/2025\\\/10\\\/slt-logo.png\",\"contentUrl\":\"https:\\\/\\\/sonomalandtrust.org\\\/wp-content\\\/uploads\\\/2025\\\/10\\\/slt-logo.png\",\"width\":549,\"height\":333,\"caption\":\"Fondo de Tierras de Sonoma\"},\"image\":{\"@id\":\"https:\\\/\\\/slt-2026.eclipse-dev.com\\\/#\\\/schema\\\/logo\\\/image\\\/\"},\"sameAs\":[\"http:\\\/\\\/www.facebook.com\\\/Sonoma-Land-Trust\\\/\",\"https:\\\/\\\/www.instagram.com\\\/sonomalandtrust\\\/\",\"https:\\\/\\\/bsky.app\\\/profile\\\/sonomalandtrust.bsky.social\",\"https:\\\/\\\/www.youtube.com\\\/user\\\/SonomaLandTrust\\\/\",\"http:\\\/\\\/www.linkedin.com\\\/company\\\/1090048?trk=tyah\"]}]}<\/script>\n<!-- \/ Yoast SEO plugin. -->","yoast_head_json":{"title":"Transferencias de terrenos &#8212; Sonoma Land Trust","description":"Transferencias de tierras facilitadas por Sonoma Land Trust Conservar la tierra y ponerla a disposici\u00f3n p\u00fablica Las transferencias de tierras son una","robots":{"index":"index","follow":"follow","max-snippet":"max-snippet:-1","max-image-preview":"max-image-preview:large","max-video-preview":"max-video-preview:-1"},"canonical":"https:\/\/sonomalandtrust.org\/es\/tierras-protegidas\/transferencias-de-terrenos\/","og_locale":"es_ES","og_type":"article","og_title":"Transferencias de terrenos &#8212; Sonoma Land Trust","og_description":"Transferencias de tierras facilitadas por Sonoma Land Trust Conservar la tierra y ponerla a disposici\u00f3n p\u00fablica Las transferencias de tierras son una","og_url":"https:\/\/sonomalandtrust.org\/es\/tierras-protegidas\/transferencias-de-terrenos\/","og_site_name":"Sonoma Land Trust","article_publisher":"http:\/\/www.facebook.com\/Sonoma-Land-Trust\/","article_modified_time":"2026-03-12T18:19:26+00:00","og_image":[{"url":"https:\/\/slt-2026.eclipse-dev.com\/wp-content\/uploads\/2026\/02\/sears-point-hills-wildflowers-scaled.jpg","type":"","width":"","height":""}],"twitter_card":"summary_large_image","twitter_misc":{"Est. reading time":"1 minuto"},"schema":{"@context":"https:\/\/schema.org","@graph":[{"@type":"WebPage","@id":"https:\/\/sonomalandtrust.org\/es\/tierras-protegidas\/transferencias-de-terrenos\/","url":"https:\/\/sonomalandtrust.org\/es\/tierras-protegidas\/transferencias-de-terrenos\/","name":"Transferencias de terrenos &#8212; Sonoma Land Trust","isPartOf":{"@id":"https:\/\/slt-2026.eclipse-dev.com\/#website"},"primaryImageOfPage":{"@id":"https:\/\/sonomalandtrust.org\/es\/tierras-protegidas\/transferencias-de-terrenos\/#primaryimage"},"image":{"@id":"https:\/\/sonomalandtrust.org\/es\/tierras-protegidas\/transferencias-de-terrenos\/#primaryimage"},"thumbnailUrl":"https:\/\/sonomalandtrust.org\/wp-content\/uploads\/2026\/02\/sears-point-hills-wildflowers-scaled.jpg","datePublished":"2026-01-27T19:02:41+00:00","dateModified":"2026-03-12T18:19:26+00:00","description":"Transferencias de tierras facilitadas por Sonoma Land Trust Conservar la tierra y ponerla a disposici\u00f3n p\u00fablica Las transferencias de tierras son una","breadcrumb":{"@id":"https:\/\/sonomalandtrust.org\/es\/tierras-protegidas\/transferencias-de-terrenos\/#breadcrumb"},"inLanguage":"es","potentialAction":[{"@type":"ReadAction","target":["https:\/\/sonomalandtrust.org\/es\/tierras-protegidas\/transferencias-de-terrenos\/"]}]},{"@type":"ImageObject","inLanguage":"es","@id":"https:\/\/sonomalandtrust.org\/es\/tierras-protegidas\/transferencias-de-terrenos\/#primaryimage","url":"https:\/\/sonomalandtrust.org\/wp-content\/uploads\/2026\/02\/sears-point-hills-wildflowers-scaled.jpg","contentUrl":"https:\/\/sonomalandtrust.org\/wp-content\/uploads\/2026\/02\/sears-point-hills-wildflowers-scaled.jpg"},{"@type":"BreadcrumbList","@id":"https:\/\/sonomalandtrust.org\/es\/tierras-protegidas\/transferencias-de-terrenos\/#breadcrumb","itemListElement":[{"@type":"ListItem","position":1,"name":"Home","item":"https:\/\/sonomalandtrust.org\/es\/inicio\/"},{"@type":"ListItem","position":2,"name":"Tierras protegidas","item":"https:\/\/sonomalandtrust.org\/es\/tierras-protegidas\/"},{"@type":"ListItem","position":3,"name":"Transferencias de terrenos"}]},{"@type":"WebSite","@id":"https:\/\/slt-2026.eclipse-dev.com\/#website","url":"https:\/\/slt-2026.eclipse-dev.com\/","name":"Sonoma Land Trust","description":"","publisher":{"@id":"https:\/\/slt-2026.eclipse-dev.com\/#organization"},"potentialAction":[{"@type":"SearchAction","target":{"@type":"EntryPoint","urlTemplate":"https:\/\/slt-2026.eclipse-dev.com\/?s={search_term_string}"},"query-input":{"@type":"PropertyValueSpecification","valueRequired":true,"valueName":"search_term_string"}}],"inLanguage":"es"},{"@type":"Organization","@id":"https:\/\/slt-2026.eclipse-dev.com\/#organization","name":"Fondo de Tierras de Sonoma","url":"https:\/\/slt-2026.eclipse-dev.com\/","logo":{"@type":"ImageObject","inLanguage":"es","@id":"https:\/\/slt-2026.eclipse-dev.com\/#\/schema\/logo\/image\/","url":"https:\/\/sonomalandtrust.org\/wp-content\/uploads\/2025\/10\/slt-logo.png","contentUrl":"https:\/\/sonomalandtrust.org\/wp-content\/uploads\/2025\/10\/slt-logo.png","width":549,"height":333,"caption":"Fondo de Tierras de Sonoma"},"image":{"@id":"https:\/\/slt-2026.eclipse-dev.com\/#\/schema\/logo\/image\/"},"sameAs":["http:\/\/www.facebook.com\/Sonoma-Land-Trust\/","https:\/\/www.instagram.com\/sonomalandtrust\/","https:\/\/bsky.app\/profile\/sonomalandtrust.bsky.social","https:\/\/www.youtube.com\/user\/SonomaLandTrust\/","http:\/\/www.linkedin.com\/company\/1090048?trk=tyah"]}]}},"_links":{"self":[{"href":"https:\/\/sonomalandtrust.org\/es\/wp-json\/wp\/v2\/pages\/11017","targetHints":{"allow":["GET"]}}],"collection":[{"href":"https:\/\/sonomalandtrust.org\/es\/wp-json\/wp\/v2\/pages"}],"about":[{"href":"https:\/\/sonomalandtrust.org\/es\/wp-json\/wp\/v2\/types\/page"}],"author":[{"embeddable":true,"href":"https:\/\/sonomalandtrust.org\/es\/wp-json\/wp\/v2\/users\/1"}],"replies":[{"embeddable":true,"href":"https:\/\/sonomalandtrust.org\/es\/wp-json\/wp\/v2\/comments?post=11017"}],"version-history":[{"count":0,"href":"https:\/\/sonomalandtrust.org\/es\/wp-json\/wp\/v2\/pages\/11017\/revisions"}],"up":[{"embeddable":true,"href":"https:\/\/sonomalandtrust.org\/es\/wp-json\/wp\/v2\/pages\/10682"}],"wp:attachment":[{"href":"https:\/\/sonomalandtrust.org\/es\/wp-json\/wp\/v2\/media?parent=11017"}],"curies":[{"name":"wp","href":"https:\/\/api.w.org\/{rel}","templated":true}]}}