{"id":10914,"date":"2025-01-29T23:36:57","date_gmt":"2025-01-30T07:36:57","guid":{"rendered":"https:\/\/sonomalandtrust.org\/politica-de-privacidad\/"},"modified":"2026-04-17T10:42:32","modified_gmt":"2026-04-17T17:42:32","slug":"politica-de-privacidad","status":"publish","type":"page","link":"https:\/\/sonomalandtrust.org\/es\/politica-de-privacidad\/","title":{"rendered":"Pol\u00edtica de privacidad"},"content":{"rendered":"\n<div class=\"wp-block-group alignfull default-page-header-group is-layout-constrained wp-block-group-is-layout-constrained\">\n<h1 class=\"wp-block-heading\">Pol\u00edtica de privacidad<\/h1>\n<\/div>\n\n<div class=\"wp-block-group is-layout-constrained wp-block-group-is-layout-constrained\" style=\"margin-top:var(--wp--preset--spacing--60);margin-bottom:0;padding-top:0;padding-bottom:0\">\n<h2 class=\"wp-block-heading\">Qui\u00e9nes somos<\/h2>\n<\/div>\n\n<p>Este sitio web es propiedad y est\u00e1 gestionado por el Sonoma Land Trust. Nos tomamos muy en serio tu privacidad y nos preocupamos por c\u00f3mo se recoge, utiliza, almacena y comparte tu informaci\u00f3n. Proporcionamos esta Declaraci\u00f3n de Privacidad para explicar nuestras pr\u00e1cticas y las opciones que puedes elegir sobre la forma en que se utiliza tu informaci\u00f3n.  <\/p>\n\n<p>Al utilizar nuestros sitios web para participar en cualquiera de nuestros programas o eventos, aceptas el uso de tu informaci\u00f3n tal y como se describe en esta pol\u00edtica.<\/p>\n\n<p>Si tienes alguna pregunta o duda, ponte en contacto con nosotros en <a href=\"mailto:info@sonomalandtrust.org\">info@sonomalandtrust.org.<\/a><\/p>\n\n<p>Esta pol\u00edtica cubre <a href=\"https:\/\/sonomalandtrust.org.\">https:\/\/sonomalandtrust.org<\/a>, que es propiedad y est\u00e1 gestionado por Sonoma Land Trust. Te animamos a que te tomes tu tiempo para leer esta pol\u00edtica de privacidad y las de cualquier sitio web que visites. Esta pol\u00edtica de privacidad revela las pr\u00e1cticas de privacidad en l\u00ednea de Sonoma Land Trusts y la informaci\u00f3n recogida por nuestros sitios web, y tiene por objeto notificarte lo siguiente:  <\/p>\n\n<ul class=\"wp-block-list\">\n<li>Qu\u00e9 informaci\u00f3n se recopila de ti a trav\u00e9s de nuestros sitios web, c\u00f3mo se utiliza y almacena y con qui\u00e9n puede compartirse.<\/li>\n\n\n\n<li>Qu\u00e9 opciones tienes sobre el uso de tus datos<\/li>\n\n\n\n<li>Los procedimientos de seguridad establecidos para proteger el uso indebido de tu informaci\u00f3n<\/li>\n\n\n\n<li>C\u00f3mo puedes corregir cualquier inexactitud en la informaci\u00f3n<\/li>\n<\/ul>\n\n<h2 class=\"wp-block-heading\"><strong>Uso y seguridad del correo electr\u00f3nico<\/strong><\/h2>\n\n<p>Puedes ponerte en contacto con nosotros por correo electr\u00f3nico o inscribirte en una de nuestras listas de correo electr\u00f3nico. Podemos utilizar tu direcci\u00f3n de correo electr\u00f3nico para responderte en relaci\u00f3n con el motivo por el que te pusiste en contacto con nosotros. No compartiremos tu direcci\u00f3n de correo electr\u00f3nico con nadie ajeno a nuestra organizaci\u00f3n sin tu permiso. A menos que canceles tu suscripci\u00f3n, podremos ponernos en contacto contigo por correo electr\u00f3nico en el futuro con noticias e informaci\u00f3n sobre eventos.   <\/p>\n\n<h2 class=\"wp-block-heading\"><strong>Transacciones en l\u00ednea<\/strong><\/h2>\n\n<p>Tomamos precauciones para proteger tu informaci\u00f3n. Cuando visitas <a href=\"https:\/\/sonomalandtrust.org\/es\/\">https:\/\/sonomalandtrust.org\/<\/a> env\u00edas informaci\u00f3n, te afilias o renuevas tu afiliaci\u00f3n, solicitas una gu\u00eda digital, te suscribes a una lista de correo electr\u00f3nico, nos env\u00edas un correo electr\u00f3nico directamente o te inscribes en un evento, tu informaci\u00f3n est\u00e1 protegida tanto en l\u00ednea como fuera de l\u00ednea. <\/p>\n\n<p>Es posible que desees hacer un donativo, renovar tu afiliaci\u00f3n o inscribirte en eventos a trav\u00e9s de nuestros sitios web. La informaci\u00f3n de las tarjetas de cr\u00e9dito se encripta y se transmite y almacena de forma segura. Puedes comprobarlo buscando un icono de candado cerrado en la parte inferior de tu navegador web, o buscando \u00abhttps\u00bb al principio de la direcci\u00f3n de la p\u00e1gina web.  <\/p>\n\n<h2 class=\"wp-block-heading\"><strong>Recopilaci\u00f3n y almacenamiento de tu informaci\u00f3n online<\/strong><\/h2>\n\n<p>Sonoma Land Trust utiliza <a href=\"http:\/\/www.google.com\/analytics\/\">el software Google Analytics<\/a> para realizar un seguimiento del uso y la eficacia de nuestros sitios web. Google Analytics y Google Ads utilizan cookies y otras tecnolog\u00edas similares para recopilar informaci\u00f3n sobre el uso de nuestro sitio de forma an\u00f3nima, e informa de las tendencias del sitio web sin identificar a los visitantes individuales. Google Analytics no recopila tu nombre ni tu direcci\u00f3n de correo electr\u00f3nico. Los datos recogidos por Google Analytics son an\u00f3nimos. Sonoma Land Trust utiliza la informaci\u00f3n agregada \u00fanicamente para adaptar este sitio a las necesidades de nuestros usuarios. Estas actividades se ajustan a las <a href=\"http:\/\/www.google.com\/analytics\/terms\/us.html\">Condiciones del servicio de Google Analytics.<\/a>     <\/p>\n\n<p>Puedes obtener informaci\u00f3n sobre las pr\u00e1cticas de Google en <a href=\"http:\/\/www.google.com\/policies\/privacy\/partners\/\">www.google.com\/policies\/privacy\/partners\/,<\/a> y excluirte de ellas descargando el complemento de inhabilitaci\u00f3n para navegadores de Google Analytics, disponible en <a href=\"https:\/\/tools.google.com\/dlpage\/gaoptout\">https:\/\/tools.google.com\/dlpage\/gaoptout.<\/a><\/p>\n\n<h2 class=\"wp-block-heading\">Redes sociales<\/h2>\n\n<p>Lee <a href=\"https:\/\/sonomalandtrust.org\/wp-content\/uploads\/2026\/03\/SLT-Public-Comment-Policy-2026-3.docx\" target=\"_blank\" rel=\"noreferrer noopener\">aqu\u00ed<\/a> nuestra Pol\u00edtica de Comentarios P\u00fablicos.<\/p>\n\n<h2 class=\"wp-block-heading\"><strong>Compartir informaci\u00f3n<\/strong><\/h2>\n\n<p>Protegemos la seguridad de tu informaci\u00f3n y no compartimos ni vendemos tu informaci\u00f3n a ninguna otra organizaci\u00f3n, salvo que lo exija la ley o un proceso legal. Podemos, de vez en cuando, enviarte informaci\u00f3n en nombre de otras organizaciones afiliadas o relacionadas, pero esto se har\u00e1 sin proporcionar tu informaci\u00f3n directamente a esas organizaciones. <\/p>\n\n<h2 class=\"wp-block-heading\"><strong>Tu acceso y control sobre tu informaci\u00f3n<\/strong><\/h2>\n\n<p>Puedes optar por no recibir m\u00e1s contactos nuestros en cualquier momento.<\/p>\n\n<p>Puedes cambiar tus preferencias de correo electr\u00f3nico o darte de baja en nuestra p\u00e1gina para darse de baja, o poni\u00e9ndote en contacto con nosotros en <a href=\"info@sonomalandtrust.org\">info@sonomalandtrust.org.<\/a><\/p>\n\n<h2 class=\"wp-block-heading\">Actualizaciones<\/h2>\n\n<p style=\"margin-bottom:var(--wp--preset--spacing--60)\">Esta pol\u00edtica de privacidad puede cambiar. Todas las actualizaciones se publicar\u00e1n en esta p\u00e1gina.<br\/>Si crees que no estamos cumpliendo esta pol\u00edtica de privacidad, ponte en contacto con nosotros inmediatamente en <a href=\"info@sonomalandtrust.org\">info@sonomalandtrust.org.<\/a> <\/p>\n","protected":false},"excerpt":{"rendered":"<p>Este sitio web es propiedad y est\u00e1 gestionado por el Sonoma Land Trust. Nos tomamos muy en serio tu privacidad y nos preocupamos por c\u00f3mo se recoge, utiliza, almacena y comparte tu informaci\u00f3n. Proporcionamos esta Declaraci\u00f3n de Privacidad para explicar nuestras pr\u00e1cticas y las opciones que puedes elegir sobre la forma en que se utiliza [&hellip;]<\/p>\n","protected":false},"author":1,"featured_media":0,"parent":0,"menu_order":0,"comment_status":"closed","ping_status":"closed","template":"","meta":{"_acf_changed":false,"footnotes":""},"class_list":["post-10914","page","type-page","status-publish","hentry"],"acf":[],"yoast_head":"<!-- This site is optimized with the Yoast SEO plugin v27.3 - https:\/\/yoast.com\/product\/yoast-seo-wordpress\/ -->\n<title>Pol\u00edtica de privacidad &#8212; Sonoma Land Trust<\/title>\n<meta name=\"description\" content=\"Pol\u00edtica de privacidad Qui\u00e9nes somos Este sitio web es propiedad y est\u00e1 gestionado por el Sonoma Land Trust. Nos tomamos muy en serio tu privacidad y nos\" \/>\n<meta name=\"robots\" content=\"index, follow, max-snippet:-1, max-image-preview:large, max-video-preview:-1\" \/>\n<link rel=\"canonical\" href=\"https:\/\/sonomalandtrust.org\/es\/politica-de-privacidad\/\" \/>\n<meta property=\"og:locale\" content=\"es_ES\" \/>\n<meta property=\"og:type\" content=\"article\" \/>\n<meta property=\"og:title\" content=\"Pol\u00edtica de privacidad &#8212; Sonoma Land Trust\" \/>\n<meta property=\"og:description\" content=\"Pol\u00edtica de privacidad Qui\u00e9nes somos Este sitio web es propiedad y est\u00e1 gestionado por el Sonoma Land Trust. Nos tomamos muy en serio tu privacidad y nos\" \/>\n<meta property=\"og:url\" content=\"https:\/\/sonomalandtrust.org\/es\/politica-de-privacidad\/\" \/>\n<meta property=\"og:site_name\" content=\"Sonoma Land Trust\" \/>\n<meta property=\"article:publisher\" content=\"http:\/\/www.facebook.com\/Sonoma-Land-Trust\/\" \/>\n<meta property=\"article:modified_time\" content=\"2026-04-17T17:42:32+00:00\" \/>\n<meta name=\"twitter:card\" content=\"summary_large_image\" \/>\n<meta name=\"twitter:label1\" content=\"Est. reading time\" \/>\n\t<meta name=\"twitter:data1\" content=\"4 minuto\" \/>\n<script type=\"application\/ld+json\" class=\"yoast-schema-graph\">{\"@context\":\"https:\\\/\\\/schema.org\",\"@graph\":[{\"@type\":\"WebPage\",\"@id\":\"https:\\\/\\\/sonomalandtrust.org\\\/es\\\/politica-de-privacidad\\\/\",\"url\":\"https:\\\/\\\/sonomalandtrust.org\\\/es\\\/politica-de-privacidad\\\/\",\"name\":\"Pol\u00edtica de privacidad &#8212; Sonoma Land Trust\",\"isPartOf\":{\"@id\":\"https:\\\/\\\/slt-2026.eclipse-dev.com\\\/#website\"},\"datePublished\":\"2025-01-30T07:36:57+00:00\",\"dateModified\":\"2026-04-17T17:42:32+00:00\",\"description\":\"Pol\u00edtica de privacidad Qui\u00e9nes somos Este sitio web es propiedad y est\u00e1 gestionado por el Sonoma Land Trust. Nos tomamos muy en serio tu privacidad y nos\",\"breadcrumb\":{\"@id\":\"https:\\\/\\\/sonomalandtrust.org\\\/es\\\/politica-de-privacidad\\\/#breadcrumb\"},\"inLanguage\":\"es\",\"potentialAction\":[{\"@type\":\"ReadAction\",\"target\":[\"https:\\\/\\\/sonomalandtrust.org\\\/es\\\/politica-de-privacidad\\\/\"]}]},{\"@type\":\"BreadcrumbList\",\"@id\":\"https:\\\/\\\/sonomalandtrust.org\\\/es\\\/politica-de-privacidad\\\/#breadcrumb\",\"itemListElement\":[{\"@type\":\"ListItem\",\"position\":1,\"name\":\"Home\",\"item\":\"https:\\\/\\\/sonomalandtrust.org\\\/es\\\/inicio\\\/\"},{\"@type\":\"ListItem\",\"position\":2,\"name\":\"Pol\u00edtica de privacidad\"}]},{\"@type\":\"WebSite\",\"@id\":\"https:\\\/\\\/slt-2026.eclipse-dev.com\\\/#website\",\"url\":\"https:\\\/\\\/slt-2026.eclipse-dev.com\\\/\",\"name\":\"Sonoma Land Trust\",\"description\":\"\",\"publisher\":{\"@id\":\"https:\\\/\\\/slt-2026.eclipse-dev.com\\\/#organization\"},\"potentialAction\":[{\"@type\":\"SearchAction\",\"target\":{\"@type\":\"EntryPoint\",\"urlTemplate\":\"https:\\\/\\\/slt-2026.eclipse-dev.com\\\/?s={search_term_string}\"},\"query-input\":{\"@type\":\"PropertyValueSpecification\",\"valueRequired\":true,\"valueName\":\"search_term_string\"}}],\"inLanguage\":\"es\"},{\"@type\":\"Organization\",\"@id\":\"https:\\\/\\\/slt-2026.eclipse-dev.com\\\/#organization\",\"name\":\"Fondo de Tierras de Sonoma\",\"url\":\"https:\\\/\\\/slt-2026.eclipse-dev.com\\\/\",\"logo\":{\"@type\":\"ImageObject\",\"inLanguage\":\"es\",\"@id\":\"https:\\\/\\\/slt-2026.eclipse-dev.com\\\/#\\\/schema\\\/logo\\\/image\\\/\",\"url\":\"https:\\\/\\\/sonomalandtrust.org\\\/wp-content\\\/uploads\\\/2025\\\/10\\\/slt-logo.png\",\"contentUrl\":\"https:\\\/\\\/sonomalandtrust.org\\\/wp-content\\\/uploads\\\/2025\\\/10\\\/slt-logo.png\",\"width\":549,\"height\":333,\"caption\":\"Fondo de Tierras de Sonoma\"},\"image\":{\"@id\":\"https:\\\/\\\/slt-2026.eclipse-dev.com\\\/#\\\/schema\\\/logo\\\/image\\\/\"},\"sameAs\":[\"http:\\\/\\\/www.facebook.com\\\/Sonoma-Land-Trust\\\/\",\"https:\\\/\\\/www.instagram.com\\\/sonomalandtrust\\\/\",\"https:\\\/\\\/bsky.app\\\/profile\\\/sonomalandtrust.bsky.social\",\"https:\\\/\\\/www.youtube.com\\\/user\\\/SonomaLandTrust\\\/\",\"http:\\\/\\\/www.linkedin.com\\\/company\\\/1090048?trk=tyah\"]}]}<\/script>\n<!-- \/ Yoast SEO plugin. -->","yoast_head_json":{"title":"Pol\u00edtica de privacidad &#8212; Sonoma Land Trust","description":"Pol\u00edtica de privacidad Qui\u00e9nes somos Este sitio web es propiedad y est\u00e1 gestionado por el Sonoma Land Trust. Nos tomamos muy en serio tu privacidad y nos","robots":{"index":"index","follow":"follow","max-snippet":"max-snippet:-1","max-image-preview":"max-image-preview:large","max-video-preview":"max-video-preview:-1"},"canonical":"https:\/\/sonomalandtrust.org\/es\/politica-de-privacidad\/","og_locale":"es_ES","og_type":"article","og_title":"Pol\u00edtica de privacidad &#8212; Sonoma Land Trust","og_description":"Pol\u00edtica de privacidad Qui\u00e9nes somos Este sitio web es propiedad y est\u00e1 gestionado por el Sonoma Land Trust. Nos tomamos muy en serio tu privacidad y nos","og_url":"https:\/\/sonomalandtrust.org\/es\/politica-de-privacidad\/","og_site_name":"Sonoma Land Trust","article_publisher":"http:\/\/www.facebook.com\/Sonoma-Land-Trust\/","article_modified_time":"2026-04-17T17:42:32+00:00","twitter_card":"summary_large_image","twitter_misc":{"Est. reading time":"4 minuto"},"schema":{"@context":"https:\/\/schema.org","@graph":[{"@type":"WebPage","@id":"https:\/\/sonomalandtrust.org\/es\/politica-de-privacidad\/","url":"https:\/\/sonomalandtrust.org\/es\/politica-de-privacidad\/","name":"Pol\u00edtica de privacidad &#8212; Sonoma Land Trust","isPartOf":{"@id":"https:\/\/slt-2026.eclipse-dev.com\/#website"},"datePublished":"2025-01-30T07:36:57+00:00","dateModified":"2026-04-17T17:42:32+00:00","description":"Pol\u00edtica de privacidad Qui\u00e9nes somos Este sitio web es propiedad y est\u00e1 gestionado por el Sonoma Land Trust. Nos tomamos muy en serio tu privacidad y nos","breadcrumb":{"@id":"https:\/\/sonomalandtrust.org\/es\/politica-de-privacidad\/#breadcrumb"},"inLanguage":"es","potentialAction":[{"@type":"ReadAction","target":["https:\/\/sonomalandtrust.org\/es\/politica-de-privacidad\/"]}]},{"@type":"BreadcrumbList","@id":"https:\/\/sonomalandtrust.org\/es\/politica-de-privacidad\/#breadcrumb","itemListElement":[{"@type":"ListItem","position":1,"name":"Home","item":"https:\/\/sonomalandtrust.org\/es\/inicio\/"},{"@type":"ListItem","position":2,"name":"Pol\u00edtica de privacidad"}]},{"@type":"WebSite","@id":"https:\/\/slt-2026.eclipse-dev.com\/#website","url":"https:\/\/slt-2026.eclipse-dev.com\/","name":"Sonoma Land Trust","description":"","publisher":{"@id":"https:\/\/slt-2026.eclipse-dev.com\/#organization"},"potentialAction":[{"@type":"SearchAction","target":{"@type":"EntryPoint","urlTemplate":"https:\/\/slt-2026.eclipse-dev.com\/?s={search_term_string}"},"query-input":{"@type":"PropertyValueSpecification","valueRequired":true,"valueName":"search_term_string"}}],"inLanguage":"es"},{"@type":"Organization","@id":"https:\/\/slt-2026.eclipse-dev.com\/#organization","name":"Fondo de Tierras de Sonoma","url":"https:\/\/slt-2026.eclipse-dev.com\/","logo":{"@type":"ImageObject","inLanguage":"es","@id":"https:\/\/slt-2026.eclipse-dev.com\/#\/schema\/logo\/image\/","url":"https:\/\/sonomalandtrust.org\/wp-content\/uploads\/2025\/10\/slt-logo.png","contentUrl":"https:\/\/sonomalandtrust.org\/wp-content\/uploads\/2025\/10\/slt-logo.png","width":549,"height":333,"caption":"Fondo de Tierras de Sonoma"},"image":{"@id":"https:\/\/slt-2026.eclipse-dev.com\/#\/schema\/logo\/image\/"},"sameAs":["http:\/\/www.facebook.com\/Sonoma-Land-Trust\/","https:\/\/www.instagram.com\/sonomalandtrust\/","https:\/\/bsky.app\/profile\/sonomalandtrust.bsky.social","https:\/\/www.youtube.com\/user\/SonomaLandTrust\/","http:\/\/www.linkedin.com\/company\/1090048?trk=tyah"]}]}},"_links":{"self":[{"href":"https:\/\/sonomalandtrust.org\/es\/wp-json\/wp\/v2\/pages\/10914","targetHints":{"allow":["GET"]}}],"collection":[{"href":"https:\/\/sonomalandtrust.org\/es\/wp-json\/wp\/v2\/pages"}],"about":[{"href":"https:\/\/sonomalandtrust.org\/es\/wp-json\/wp\/v2\/types\/page"}],"author":[{"embeddable":true,"href":"https:\/\/sonomalandtrust.org\/es\/wp-json\/wp\/v2\/users\/1"}],"replies":[{"embeddable":true,"href":"https:\/\/sonomalandtrust.org\/es\/wp-json\/wp\/v2\/comments?post=10914"}],"version-history":[{"count":0,"href":"https:\/\/sonomalandtrust.org\/es\/wp-json\/wp\/v2\/pages\/10914\/revisions"}],"wp:attachment":[{"href":"https:\/\/sonomalandtrust.org\/es\/wp-json\/wp\/v2\/media?parent=10914"}],"curies":[{"name":"wp","href":"https:\/\/api.w.org\/{rel}","templated":true}]}}