{"id":10879,"date":"2025-11-24T16:02:48","date_gmt":"2025-11-25T00:02:48","guid":{"rendered":"https:\/\/sonomalandtrust.org\/alerta-de-accion\/los-terrenos-publicos-de-california-estan-siendo-atacados\/"},"modified":"2026-03-13T10:26:07","modified_gmt":"2026-03-13T17:26:07","slug":"los-terrenos-publicos-de-california-estan-siendo-atacados","status":"publish","type":"page","link":"https:\/\/sonomalandtrust.org\/es\/alerta-de-accion\/los-terrenos-publicos-de-california-estan-siendo-atacados\/","title":{"rendered":"PRIORIZAR LAS ASIGNACIONES PRESUPUESTARIAS PARA LOS RECURSOS NATURALES"},"content":{"rendered":"\n<div class=\"wp-block-group alignfull default-page-header-group is-layout-constrained wp-block-group-is-layout-constrained\">\n<h2 class=\"wp-block-heading has-h-1-font-size\">Alertas de acci\u00f3n<\/h2>\n<\/div>\n\n<div class=\"wp-block-group action-alert-group is-layout-constrained wp-block-group-is-layout-constrained\" style=\"margin-bottom:var(--wp--preset--spacing--70);padding-bottom:0px\">\n<div class=\"wp-block-columns action-alert-form-columns is-layout-flex wp-container-core-columns-is-layout-d922692b wp-block-columns-is-layout-flex\" style=\"margin-bottom:0\">\n<div class=\"wp-block-column left is-layout-flow wp-block-column-is-layout-flow\"><div class=\"advocacy-email-builder-block\">\n  <div class=\"wrapper\">\n      <p class=\"h2\">Enviar un mensaje a Asamble\u00edsta\/Senador<\/p>\n      <form class=\"advocacy-email-form\">\n    <div class=\"form-group\">\n      <label for=\"email-subject\">Subject<\/label>\n      <input type=\"text\" id=\"email-subject\" name=\"subject\" value=\"Priorizar las asignaciones presupuestarias para los recursos naturales\" class=\"form-control\">\n      <label for=\"email-recipient\">Recipient<\/label>\n      <input type=\"text\" id=\"email-recipient\" disabled name=\"recipient\" value=\"\" class=\"form-control\">\n    <\/div>\n    <div class=\"form-group\">\n      <label for=\"email-body\">Personalize Your Message<\/label>\n      <p>Find your representative&#8217;s email <a href=\"https:\/\/www.assembly.ca.gov\/assemblymembers\/find-my-rep\">here<\/a>.<\/p>\n      <div id=\"email-body\" contenteditable=\"true\" class=\"form-control email-body-contenteditable\" role=\"textbox\" aria-multiline=\"true\"><p>Estimado miembro de la Asamblea\/Senador :<\/p>\n<p>Ahora que la Legislatura empieza a considerar lo que debe incluirse en el presupuesto estatal definitivo, te escribo para apoyar los siguientes niveles de financiaci\u00f3n para programas estatales fundamentales:<\/p>\n<ul>\n<li>131 millones de d\u00f3lares a la Junta de Conservaci\u00f3n de la Fauna y Flora Silvestres para proteger y mejorar los recursos y h\u00e1bitats de la fauna y la flora silvestres y mejorar la conectividad de los h\u00e1bitats.<\/li>\n<li>37 millones de d\u00f3lares a Coastal Conservancy para la resistencia, restauraci\u00f3n y eliminaci\u00f3n de presas en la costa.<\/li>\n<li>6 millones de d\u00f3lares a Parques Estatales para las Tierras de Desarrollo de Espacios Abiertos de Sonoma.<\/li>\n<\/ul>\n<p>Adem\u00e1s, insto a la Legislatura a que rechace la propuesta de eliminar puestos vacantes en la Junta Estatal de Control de Recursos H\u00eddricos, Parques Estatales y el Departamento de Pesca y Vida Silvestre.<\/p>\n<p>Tambi\u00e9n apoyo la inclusi\u00f3n de financiaci\u00f3n para establecer y mantener un Programa de Coexistencia de la Fauna Silvestre en todo el estado dentro del CDFW y la preservaci\u00f3n de los 35 millones de d\u00f3lares dedicados a los incendios prescritos en la Asignaci\u00f3n para Incendios Forestales del GGRF.<\/p>\n<p>Gracias por tu atenci\u00f3n a este asunto cr\u00edtico.<\/p>\n<p>Atentamente,<br \/>\n[Tu nombre]<br \/>\n[Ciudad, Estado]<\/p>\n<\/div>\n    <\/div>\n    <a href=\"mailto:?subject=Priorizar%20las%20asignaciones%20presupuestarias%20para%20los%20recursos%20naturales&#038;body=Estimado%20miembro%20de%20la%20Asamblea%2FSenador%20%3A%0A%0AAhora%20que%20la%20Legislatura%20empieza%20a%20considerar%20lo%20que%20debe%20incluirse%20en%20el%20presupuesto%20estatal%20definitivo%2C%20te%20escribo%20para%20apoyar%20los%20siguientes%20niveles%20de%20financiaci%C3%B3n%20para%20programas%20estatales%20fundamentales%3A%0A%0A%E2%80%A2%20131%20millones%20de%20d%C3%B3lares%20a%20la%20Junta%20de%20Conservaci%C3%B3n%20de%20la%20Fauna%20y%20Flora%20Silvestres%20para%20proteger%20y%20mejorar%20los%20recursos%20y%20h%C3%A1bitats%20de%20la%20fauna%20y%20la%20flora%20silvestres%20y%20mejorar%20la%20conectividad%20de%20los%20h%C3%A1bitats.%0A%0A%E2%80%A2%2037%20millones%20de%20d%C3%B3lares%20a%20Coastal%20Conservancy%20para%20la%20resistencia%2C%20restauraci%C3%B3n%20y%20eliminaci%C3%B3n%20de%20presas%20en%20la%20costa.%0A%0A%E2%80%A2%206%20millones%20de%20d%C3%B3lares%20a%20Parques%20Estatales%20para%20las%20Tierras%20de%20Desarrollo%20de%20Espacios%20Abiertos%20de%20Sonoma.%0A%0AAdem%C3%A1s%2C%20insto%20a%20la%20Legislatura%20a%20que%20rechace%20la%20propuesta%20de%20eliminar%20puestos%20vacantes%20en%20la%20Junta%20Estatal%20de%20Control%20de%20Recursos%20H%C3%ADdricos%2C%20Parques%20Estatales%20y%20el%20Departamento%20de%20Pesca%20y%20Vida%20Silvestre.%0A%0ATambi%C3%A9n%20apoyo%20la%20inclusi%C3%B3n%20de%20financiaci%C3%B3n%20para%20establecer%20y%20mantener%20un%20Programa%20de%20Coexistencia%20de%20la%20Fauna%20Silvestre%20en%20todo%20el%20estado%20dentro%20del%20CDFW%20y%20la%20preservaci%C3%B3n%20de%20los%2035%20millones%20de%20d%C3%B3lares%20dedicados%20a%20los%20incendios%20prescritos%20en%20la%20Asignaci%C3%B3n%20para%20Incendios%20Forestales%20del%20GGRF.%0A%0AGracias%20por%20tu%20atenci%C3%B3n%20a%20este%20asunto%20cr%C3%ADtico.%0A%0AAtentamente%2C%0A%0A%5BTu%20nombre%5D%0A%0A%5BCiudad%2C%20Estado%5D\" id=\"send-email-btn\" class=\"primary-button\" target=\"_blank\">Send message<\/a>\n  <\/form>\n  <\/div>\n\n  <img decoding=\"async\" width=\"1500\" height=\"981\" src=\"https:\/\/sonomalandtrust.org\/wp-content\/uploads\/2025\/10\/bear-cub.jpg\" class=\"advocacy-email-image\" alt=\"\" srcset=\"https:\/\/sonomalandtrust.org\/wp-content\/uploads\/2025\/10\/bear-cub.jpg 1500w, https:\/\/sonomalandtrust.org\/wp-content\/uploads\/2025\/10\/bear-cub-300x196.jpg 300w, https:\/\/sonomalandtrust.org\/wp-content\/uploads\/2025\/10\/bear-cub-1024x670.jpg 1024w, https:\/\/sonomalandtrust.org\/wp-content\/uploads\/2025\/10\/bear-cub-768x502.jpg 768w\" sizes=\"(max-width: 1500px) 100vw, 1500px\" \/>  <script>\n  document.addEventListener('DOMContentLoaded', function() {\n    const subjectInput = document.getElementById('email-subject');\n    const bodyEl = document.getElementById('email-body');\n    const sendBtn = document.getElementById('send-email-btn');\n    const recipient = '';\n\n    function getPlainTextFromHtml(el) {\n      let text = '';\n      el.childNodes.forEach(function(node) {\n        if (node.nodeType === Node.TEXT_NODE) {\n          text += node.textContent;\n        } else if (node.nodeType === Node.ELEMENT_NODE) {\n          const tag = node.tagName.toLowerCase();\n          if (tag === 'br') {\n            text += '\\n';\n          } else if (tag === 'ul' || tag === 'ol') {\n            node.querySelectorAll('li').forEach(function(li) {\n              text += '\u2022 ' + li.textContent.trim() + '\\n';\n            });\n            text += '\\n';\n          } else if (tag === 'p' || tag === 'div' || tag === 'h1' || tag === 'h2' || tag === 'h3' || tag === 'h4' || tag === 'h5' || tag === 'h6') {\n            text += node.textContent.trim() + '\\n\\n';\n          } else {\n            text += node.textContent;\n          }\n        }\n      });\n      return text.replace(\/\\n{3,}\/g, '\\n\\n').trim();\n    }\n\n    function updateMailtoLink() {\n      const subject = encodeURIComponent(subjectInput.value);\n      const body = encodeURIComponent(getPlainTextFromHtml(bodyEl));\n      sendBtn.href = 'mailto:' + recipient + '?subject=' + subject + '&body=' + body;\n    }\n\n    subjectInput.addEventListener('input', updateMailtoLink);\n    bodyEl.addEventListener('input', updateMailtoLink);\n  });\n  <\/script>\n  <div class=\"email-guidance\">\n    <p>Simply click \u00abSend message\u00bb and your preferred email software will open with a pre-populated message (personalize if you prefer!).<\/p>\n  <\/div>\n<\/div><\/div>\n\n\n\n<div class=\"wp-block-column right is-layout-flow wp-block-column-is-layout-flow\">\n<h1 class=\"wp-block-heading has-teal-color has-text-color has-link-color has-h-2-font-size wp-elements-5841353120a21101dad5a4c1b337e516\">instar a los legisladores de california a dar prioridad a los recursos naturales en el presupuesto estatal<\/h1>\n\n\n\n<p>La legislatura del estado de California est\u00e1 celebrando audiencias y estudiando las peticiones de los electores sobre las prioridades presupuestarias. Necesitamos que defiendas una financiaci\u00f3n s\u00f3lida para los programas estatales de recursos naturales. El proceso presupuestario continuar\u00e1 desde ahora hasta el 30 de junio, fecha en la que el presupuesto estatal debe aprobarse y convertirse en ley.    <\/p>\n\n\n\n<p>Env\u00eda un correo electr\u00f3nico a tus senadores y asamble\u00edstas estatales expresando tu apoyo a las asignaciones presupuestarias que respaldan nuestros objetivos de resiliencia clim\u00e1tica y 30&#215;30. Es importante que los legisladores te escuchen: \u00a1tu voz importa! <\/p>\n\n\n\n<p>Si no est\u00e1s seguro de qui\u00e9nes son tu senador estatal y tu asamble\u00edsta, visita <a href=\"https:\/\/findyourrep.legislature.ca.gov\/\" target=\"_blank\" rel=\"noreferrer noopener\">https:\/\/findyourrep.legislature.ca.gov\/<\/a> e introduce tu direcci\u00f3n. A continuaci\u00f3n se te enlazar\u00e1 con sus sitios web, donde podr\u00e1s enviar tu comentario directamente a trav\u00e9s de una p\u00e1gina de \u00abcontacto\u00bb. <\/p>\n<\/div>\n<\/div>\n<\/div>\n","protected":false},"excerpt":{"rendered":"<p>La legislatura del estado de California est\u00e1 celebrando audiencias y estudiando las peticiones de los electores sobre las prioridades presupuestarias. Necesitamos que defiendas una financiaci\u00f3n s\u00f3lida para los programas estatales de recursos naturales. El proceso presupuestario continuar\u00e1 desde ahora hasta el 30 de junio, fecha en la que el presupuesto estatal debe aprobarse y convertirse [&hellip;]<\/p>\n","protected":false},"author":1,"featured_media":0,"parent":10779,"menu_order":0,"comment_status":"closed","ping_status":"closed","template":"","meta":{"_acf_changed":false,"footnotes":""},"class_list":["post-10879","page","type-page","status-publish","hentry"],"acf":[],"yoast_head":"<!-- This site is optimized with the Yoast SEO plugin v27.3 - https:\/\/yoast.com\/product\/yoast-seo-wordpress\/ -->\n<title>PRIORIZAR LAS ASIGNACIONES PRESUPUESTARIAS PARA LOS RECURSOS NATURALES &#8212; Sonoma Land Trust<\/title>\n<meta name=\"description\" content=\"Alertas de acci\u00f3n instar a los legisladores de california a dar prioridad a los recursos naturales en el presupuesto estatal La legislatura del estado de\" \/>\n<meta name=\"robots\" content=\"index, follow, max-snippet:-1, max-image-preview:large, max-video-preview:-1\" \/>\n<link rel=\"canonical\" href=\"https:\/\/sonomalandtrust.org\/es\/alerta-de-accion\/los-terrenos-publicos-de-california-estan-siendo-atacados\/\" \/>\n<meta property=\"og:locale\" content=\"es_ES\" \/>\n<meta property=\"og:type\" content=\"article\" \/>\n<meta property=\"og:title\" content=\"PRIORIZAR LAS ASIGNACIONES PRESUPUESTARIAS PARA LOS RECURSOS NATURALES &#8212; Sonoma Land Trust\" \/>\n<meta property=\"og:description\" content=\"Alertas de acci\u00f3n instar a los legisladores de california a dar prioridad a los recursos naturales en el presupuesto estatal La legislatura del estado de\" \/>\n<meta property=\"og:url\" content=\"https:\/\/sonomalandtrust.org\/es\/alerta-de-accion\/los-terrenos-publicos-de-california-estan-siendo-atacados\/\" \/>\n<meta property=\"og:site_name\" content=\"Sonoma Land Trust\" \/>\n<meta property=\"article:publisher\" content=\"http:\/\/www.facebook.com\/Sonoma-Land-Trust\/\" \/>\n<meta property=\"article:modified_time\" content=\"2026-03-13T17:26:07+00:00\" \/>\n<meta name=\"twitter:card\" content=\"summary_large_image\" \/>\n<meta name=\"twitter:label1\" content=\"Est. reading time\" \/>\n\t<meta name=\"twitter:data1\" content=\"1 minuto\" \/>\n<script type=\"application\/ld+json\" class=\"yoast-schema-graph\">{\"@context\":\"https:\\\/\\\/schema.org\",\"@graph\":[{\"@type\":\"WebPage\",\"@id\":\"https:\\\/\\\/sonomalandtrust.org\\\/es\\\/alerta-de-accion\\\/los-terrenos-publicos-de-california-estan-siendo-atacados\\\/\",\"url\":\"https:\\\/\\\/sonomalandtrust.org\\\/es\\\/alerta-de-accion\\\/los-terrenos-publicos-de-california-estan-siendo-atacados\\\/\",\"name\":\"PRIORIZAR LAS ASIGNACIONES PRESUPUESTARIAS PARA LOS RECURSOS NATURALES &#8212; Sonoma Land Trust\",\"isPartOf\":{\"@id\":\"https:\\\/\\\/slt-2026.eclipse-dev.com\\\/#website\"},\"datePublished\":\"2025-11-25T00:02:48+00:00\",\"dateModified\":\"2026-03-13T17:26:07+00:00\",\"description\":\"Alertas de acci\u00f3n instar a los legisladores de california a dar prioridad a los recursos naturales en el presupuesto estatal La legislatura del estado de\",\"breadcrumb\":{\"@id\":\"https:\\\/\\\/sonomalandtrust.org\\\/es\\\/alerta-de-accion\\\/los-terrenos-publicos-de-california-estan-siendo-atacados\\\/#breadcrumb\"},\"inLanguage\":\"es\",\"potentialAction\":[{\"@type\":\"ReadAction\",\"target\":[\"https:\\\/\\\/sonomalandtrust.org\\\/es\\\/alerta-de-accion\\\/los-terrenos-publicos-de-california-estan-siendo-atacados\\\/\"]}]},{\"@type\":\"BreadcrumbList\",\"@id\":\"https:\\\/\\\/sonomalandtrust.org\\\/es\\\/alerta-de-accion\\\/los-terrenos-publicos-de-california-estan-siendo-atacados\\\/#breadcrumb\",\"itemListElement\":[{\"@type\":\"ListItem\",\"position\":1,\"name\":\"Home\",\"item\":\"https:\\\/\\\/sonomalandtrust.org\\\/es\\\/inicio\\\/\"},{\"@type\":\"ListItem\",\"position\":2,\"name\":\"Alerta de acci\u00f3n\",\"item\":\"https:\\\/\\\/slt-2026.eclipse-dev.com\\\/action-alerts\\\/\"},{\"@type\":\"ListItem\",\"position\":3,\"name\":\"PRIORIZAR LAS ASIGNACIONES PRESUPUESTARIAS PARA LOS RECURSOS NATURALES\"}]},{\"@type\":\"WebSite\",\"@id\":\"https:\\\/\\\/slt-2026.eclipse-dev.com\\\/#website\",\"url\":\"https:\\\/\\\/slt-2026.eclipse-dev.com\\\/\",\"name\":\"Sonoma Land Trust\",\"description\":\"\",\"publisher\":{\"@id\":\"https:\\\/\\\/slt-2026.eclipse-dev.com\\\/#organization\"},\"potentialAction\":[{\"@type\":\"SearchAction\",\"target\":{\"@type\":\"EntryPoint\",\"urlTemplate\":\"https:\\\/\\\/slt-2026.eclipse-dev.com\\\/?s={search_term_string}\"},\"query-input\":{\"@type\":\"PropertyValueSpecification\",\"valueRequired\":true,\"valueName\":\"search_term_string\"}}],\"inLanguage\":\"es\"},{\"@type\":\"Organization\",\"@id\":\"https:\\\/\\\/slt-2026.eclipse-dev.com\\\/#organization\",\"name\":\"Fondo de Tierras de Sonoma\",\"url\":\"https:\\\/\\\/slt-2026.eclipse-dev.com\\\/\",\"logo\":{\"@type\":\"ImageObject\",\"inLanguage\":\"es\",\"@id\":\"https:\\\/\\\/slt-2026.eclipse-dev.com\\\/#\\\/schema\\\/logo\\\/image\\\/\",\"url\":\"https:\\\/\\\/sonomalandtrust.org\\\/wp-content\\\/uploads\\\/2025\\\/10\\\/slt-logo.png\",\"contentUrl\":\"https:\\\/\\\/sonomalandtrust.org\\\/wp-content\\\/uploads\\\/2025\\\/10\\\/slt-logo.png\",\"width\":549,\"height\":333,\"caption\":\"Fondo de Tierras de Sonoma\"},\"image\":{\"@id\":\"https:\\\/\\\/slt-2026.eclipse-dev.com\\\/#\\\/schema\\\/logo\\\/image\\\/\"},\"sameAs\":[\"http:\\\/\\\/www.facebook.com\\\/Sonoma-Land-Trust\\\/\",\"https:\\\/\\\/www.instagram.com\\\/sonomalandtrust\\\/\",\"https:\\\/\\\/bsky.app\\\/profile\\\/sonomalandtrust.bsky.social\",\"https:\\\/\\\/www.youtube.com\\\/user\\\/SonomaLandTrust\\\/\",\"http:\\\/\\\/www.linkedin.com\\\/company\\\/1090048?trk=tyah\"]}]}<\/script>\n<!-- \/ Yoast SEO plugin. -->","yoast_head_json":{"title":"PRIORIZAR LAS ASIGNACIONES PRESUPUESTARIAS PARA LOS RECURSOS NATURALES &#8212; Sonoma Land Trust","description":"Alertas de acci\u00f3n instar a los legisladores de california a dar prioridad a los recursos naturales en el presupuesto estatal La legislatura del estado de","robots":{"index":"index","follow":"follow","max-snippet":"max-snippet:-1","max-image-preview":"max-image-preview:large","max-video-preview":"max-video-preview:-1"},"canonical":"https:\/\/sonomalandtrust.org\/es\/alerta-de-accion\/los-terrenos-publicos-de-california-estan-siendo-atacados\/","og_locale":"es_ES","og_type":"article","og_title":"PRIORIZAR LAS ASIGNACIONES PRESUPUESTARIAS PARA LOS RECURSOS NATURALES &#8212; Sonoma Land Trust","og_description":"Alertas de acci\u00f3n instar a los legisladores de california a dar prioridad a los recursos naturales en el presupuesto estatal La legislatura del estado de","og_url":"https:\/\/sonomalandtrust.org\/es\/alerta-de-accion\/los-terrenos-publicos-de-california-estan-siendo-atacados\/","og_site_name":"Sonoma Land Trust","article_publisher":"http:\/\/www.facebook.com\/Sonoma-Land-Trust\/","article_modified_time":"2026-03-13T17:26:07+00:00","twitter_card":"summary_large_image","twitter_misc":{"Est. reading time":"1 minuto"},"schema":{"@context":"https:\/\/schema.org","@graph":[{"@type":"WebPage","@id":"https:\/\/sonomalandtrust.org\/es\/alerta-de-accion\/los-terrenos-publicos-de-california-estan-siendo-atacados\/","url":"https:\/\/sonomalandtrust.org\/es\/alerta-de-accion\/los-terrenos-publicos-de-california-estan-siendo-atacados\/","name":"PRIORIZAR LAS ASIGNACIONES PRESUPUESTARIAS PARA LOS RECURSOS NATURALES &#8212; Sonoma Land Trust","isPartOf":{"@id":"https:\/\/slt-2026.eclipse-dev.com\/#website"},"datePublished":"2025-11-25T00:02:48+00:00","dateModified":"2026-03-13T17:26:07+00:00","description":"Alertas de acci\u00f3n instar a los legisladores de california a dar prioridad a los recursos naturales en el presupuesto estatal La legislatura del estado de","breadcrumb":{"@id":"https:\/\/sonomalandtrust.org\/es\/alerta-de-accion\/los-terrenos-publicos-de-california-estan-siendo-atacados\/#breadcrumb"},"inLanguage":"es","potentialAction":[{"@type":"ReadAction","target":["https:\/\/sonomalandtrust.org\/es\/alerta-de-accion\/los-terrenos-publicos-de-california-estan-siendo-atacados\/"]}]},{"@type":"BreadcrumbList","@id":"https:\/\/sonomalandtrust.org\/es\/alerta-de-accion\/los-terrenos-publicos-de-california-estan-siendo-atacados\/#breadcrumb","itemListElement":[{"@type":"ListItem","position":1,"name":"Home","item":"https:\/\/sonomalandtrust.org\/es\/inicio\/"},{"@type":"ListItem","position":2,"name":"Alerta de acci\u00f3n","item":"https:\/\/slt-2026.eclipse-dev.com\/action-alerts\/"},{"@type":"ListItem","position":3,"name":"PRIORIZAR LAS ASIGNACIONES PRESUPUESTARIAS PARA LOS RECURSOS NATURALES"}]},{"@type":"WebSite","@id":"https:\/\/slt-2026.eclipse-dev.com\/#website","url":"https:\/\/slt-2026.eclipse-dev.com\/","name":"Sonoma Land Trust","description":"","publisher":{"@id":"https:\/\/slt-2026.eclipse-dev.com\/#organization"},"potentialAction":[{"@type":"SearchAction","target":{"@type":"EntryPoint","urlTemplate":"https:\/\/slt-2026.eclipse-dev.com\/?s={search_term_string}"},"query-input":{"@type":"PropertyValueSpecification","valueRequired":true,"valueName":"search_term_string"}}],"inLanguage":"es"},{"@type":"Organization","@id":"https:\/\/slt-2026.eclipse-dev.com\/#organization","name":"Fondo de Tierras de Sonoma","url":"https:\/\/slt-2026.eclipse-dev.com\/","logo":{"@type":"ImageObject","inLanguage":"es","@id":"https:\/\/slt-2026.eclipse-dev.com\/#\/schema\/logo\/image\/","url":"https:\/\/sonomalandtrust.org\/wp-content\/uploads\/2025\/10\/slt-logo.png","contentUrl":"https:\/\/sonomalandtrust.org\/wp-content\/uploads\/2025\/10\/slt-logo.png","width":549,"height":333,"caption":"Fondo de Tierras de Sonoma"},"image":{"@id":"https:\/\/slt-2026.eclipse-dev.com\/#\/schema\/logo\/image\/"},"sameAs":["http:\/\/www.facebook.com\/Sonoma-Land-Trust\/","https:\/\/www.instagram.com\/sonomalandtrust\/","https:\/\/bsky.app\/profile\/sonomalandtrust.bsky.social","https:\/\/www.youtube.com\/user\/SonomaLandTrust\/","http:\/\/www.linkedin.com\/company\/1090048?trk=tyah"]}]}},"_links":{"self":[{"href":"https:\/\/sonomalandtrust.org\/es\/wp-json\/wp\/v2\/pages\/10879","targetHints":{"allow":["GET"]}}],"collection":[{"href":"https:\/\/sonomalandtrust.org\/es\/wp-json\/wp\/v2\/pages"}],"about":[{"href":"https:\/\/sonomalandtrust.org\/es\/wp-json\/wp\/v2\/types\/page"}],"author":[{"embeddable":true,"href":"https:\/\/sonomalandtrust.org\/es\/wp-json\/wp\/v2\/users\/1"}],"replies":[{"embeddable":true,"href":"https:\/\/sonomalandtrust.org\/es\/wp-json\/wp\/v2\/comments?post=10879"}],"version-history":[{"count":0,"href":"https:\/\/sonomalandtrust.org\/es\/wp-json\/wp\/v2\/pages\/10879\/revisions"}],"up":[{"embeddable":true,"href":"https:\/\/sonomalandtrust.org\/es\/wp-json\/wp\/v2\/pages\/10779"}],"wp:attachment":[{"href":"https:\/\/sonomalandtrust.org\/es\/wp-json\/wp\/v2\/media?parent=10879"}],"curies":[{"name":"wp","href":"https:\/\/api.w.org\/{rel}","templated":true}]}}