{"id":10853,"date":"2025-09-11T17:29:42","date_gmt":"2025-09-12T00:29:42","guid":{"rendered":"https:\/\/sonomalandtrust.org\/informes-de-impacto\/"},"modified":"2026-03-13T10:25:35","modified_gmt":"2026-03-13T17:25:35","slug":"informes-de-impacto","status":"publish","type":"page","link":"https:\/\/sonomalandtrust.org\/es\/informes-de-impacto\/","title":{"rendered":"Informes de impacto"},"content":{"rendered":"\n<div class=\"wp-block-group alignfull default-page-header-group is-layout-constrained wp-block-group-is-layout-constrained\">\n<h1 class=\"wp-block-heading\">Informes de impacto<\/h1>\n<\/div>\n\n<div class=\"wp-block-group is-layout-constrained wp-block-group-is-layout-constrained\" style=\"margin-bottom:var(--wp--preset--spacing--60)\">\n<div class=\"wp-block-media-text is-stacked-on-mobile\"><figure class=\"wp-block-media-text__media\"><a href=\"https:\/\/sonomalandtrust.org\/wp-content\/uploads\/2025\/11\/SonomaLandTrust_2024_ImpactReport-FINAL.pdf\" target=\"_blank\" rel=\" noreferrer noopener\"><img decoding=\"async\" width=\"1024\" height=\"713\" src=\"https:\/\/sonomalandtrust.org\/wp-content\/uploads\/2026\/02\/impact-report-cover-2024-2025-1024x713.jpg\" alt=\"\" class=\"wp-image-12455 size-full\" srcset=\"https:\/\/sonomalandtrust.org\/wp-content\/uploads\/2026\/02\/impact-report-cover-2024-2025-1024x713.jpg 1024w, https:\/\/sonomalandtrust.org\/wp-content\/uploads\/2026\/02\/impact-report-cover-2024-2025-300x209.jpg 300w, https:\/\/sonomalandtrust.org\/wp-content\/uploads\/2026\/02\/impact-report-cover-2024-2025-768x535.jpg 768w, https:\/\/sonomalandtrust.org\/wp-content\/uploads\/2026\/02\/impact-report-cover-2024-2025.jpg 1180w\" sizes=\"(max-width: 1024px) 100vw, 1024px\" \/><\/a><\/figure><div class=\"wp-block-media-text__content\">\n<h2 class=\"wp-block-heading has-blue-color has-text-color has-link-color wp-elements-432c6b7246420d59beb27ac8fe22506c\">Informe de Impacto 2024-2025<\/h2>\n\n\n\n<p>Durante 2024-2025, Sonoma Land Trust sigui\u00f3 demostrando nuestro profundo compromiso con las personas y los lugares que hacen extraordinaria esta regi\u00f3n. Avanzamos en varios esfuerzos de conservaci\u00f3n significativos, proporcionando financiaci\u00f3n y apoyo a proyectos para la ampliaci\u00f3n de 1.157 acres de Monte R\u00edo Redwoods y adquiriendo los Campamentos 3 y 5, contribuyendo a nuestro objetivo de restaurar 10.000 acres de Baylands. Aumentamos nuestra capacidad de conectar a los estudiantes con la naturaleza a trav\u00e9s de nuestro programa SLIME. Nuestra defensa del medio ambiente ayud\u00f3 a desbloquear 3.500 millones de d\u00f3lares en fondos de la Propuesta 4, consigui\u00f3 50 millones de d\u00f3lares para ampliar el puente de Tolay Creek para la restauraci\u00f3n de Baylands y apoy\u00f3 leyes que mejoran la resistencia clim\u00e1tica y salvaguardan nuestros paisajes para el futuro.   <\/p>\n\n\n\n<div class=\"wp-block-buttons is-horizontal is-layout-flex wp-block-buttons-is-layout-flex\">\n<div class=\"wp-block-button\"><a class=\"wp-block-button__link wp-element-button\" href=\"https:\/\/sonomalandtrust.org\/wp-content\/uploads\/2026\/02\/sonoma-land-trust-impact-report-2024-2025.pdf\" target=\"_blank\" rel=\"noreferrer noopener\">Leer en ingl\u00e9s<\/a><\/div>\n\n\n\n<div class=\"wp-block-button\"><a class=\"wp-block-button__link wp-element-button\" href=\"https:\/\/sonomalandtrust.org\/wp-content\/uploads\/2026\/02\/sonoma-land-trust-reporte-de-impacto-2024-25.pdf\">Leer en espa\u00f1ol<\/a><\/div>\n<\/div>\n<\/div><\/div>\n\n\n\n<div class=\"wp-block-media-text is-stacked-on-mobile\"><figure class=\"wp-block-media-text__media\"><a href=\"https:\/\/sonomalandtrust.org\/wp-content\/uploads\/2025\/11\/SonomaLandTrust_2024_ImpactReport-FINAL.pdf\" target=\"_blank\" rel=\" noreferrer noopener\"><img decoding=\"async\" width=\"1024\" height=\"716\" src=\"https:\/\/sonomalandtrust.org\/wp-content\/uploads\/2025\/11\/4fb9cd295e6bdcbff61c3054b6af6ce91f06c825-1024x716.png\" alt=\"\" class=\"wp-image-6366 size-full\" srcset=\"https:\/\/sonomalandtrust.org\/wp-content\/uploads\/2025\/11\/4fb9cd295e6bdcbff61c3054b6af6ce91f06c825-1024x716.png 1024w, https:\/\/sonomalandtrust.org\/wp-content\/uploads\/2025\/11\/4fb9cd295e6bdcbff61c3054b6af6ce91f06c825-300x210.png 300w, https:\/\/sonomalandtrust.org\/wp-content\/uploads\/2025\/11\/4fb9cd295e6bdcbff61c3054b6af6ce91f06c825-768x537.png 768w, https:\/\/sonomalandtrust.org\/wp-content\/uploads\/2025\/11\/4fb9cd295e6bdcbff61c3054b6af6ce91f06c825-1536x1073.png 1536w, https:\/\/sonomalandtrust.org\/wp-content\/uploads\/2025\/11\/4fb9cd295e6bdcbff61c3054b6af6ce91f06c825.png 1600w\" sizes=\"(max-width: 1024px) 100vw, 1024px\" \/><\/a><\/figure><div class=\"wp-block-media-text__content\">\n<h2 class=\"wp-block-heading has-blue-color has-text-color has-link-color wp-elements-ed2a6498244eabd5e732a8ebfe2c7f83\">Informe de Impacto 2023-2024<\/h2>\n\n\n\n<p>Nuestro Informe de Impacto 2023-2024 comparte c\u00f3mo la acci\u00f3n local, las asociaciones s\u00f3lidas y el compromiso compartido de proteger la tierra para las generaciones futuras est\u00e1n impulsando el progreso de la conservaci\u00f3n en todo el condado de Sonoma. Algunos <a href=\"https:\/\/www.youtube.com\/watch?v=BKuhTjJ9dVA\">aspectos destacados <\/a>son la protecci\u00f3n de m\u00e1s de 750 acres de tierra que hacen avanzar nuestros objetivos clim\u00e1ticos 30&#215;30, y el proyecto en curso de la V\u00eda Verde del Sureste de Santa Rosa, que refuerza tanto la salud del ecosistema como el acceso de la comunidad a la naturaleza.   <\/p>\n\n\n\n<div class=\"wp-block-buttons is-horizontal is-layout-flex wp-block-buttons-is-layout-flex\">\n<div class=\"wp-block-button\"><a class=\"wp-block-button__link wp-element-button\" href=\"https:\/\/sonomalandtrust.org\/wp-content\/uploads\/2025\/11\/SonomaLandTrust_2024_ImpactReport-FINAL.pdf\" target=\"_blank\" rel=\"noreferrer noopener\">Leer en ingl\u00e9s<\/a><\/div>\n\n\n\n<div class=\"wp-block-button\"><a class=\"wp-block-button__link wp-element-button\" href=\"https:\/\/sonomalandtrust.org\/wp-content\/uploads\/2025\/12\/SonomaLandTrust_Reporte_de_Impacto_2023-2024-2.pdf\" target=\"_blank\" rel=\"noreferrer noopener\">Leer en espa\u00f1ol<\/a><\/div>\n<\/div>\n<\/div><\/div>\n\n\n\n<div class=\"wp-block-media-text is-stacked-on-mobile\"><figure class=\"wp-block-media-text__media\"><a href=\"https:\/\/sonomalandtrust.org\/wp-content\/uploads\/2025\/11\/SonomaLandTrust_22-23_ImpactReport.pdf\" target=\"_blank\" rel=\" noreferrer noopener\"><img decoding=\"async\" width=\"1024\" height=\"768\" src=\"https:\/\/sonomalandtrust.org\/wp-content\/uploads\/2025\/11\/909cfa98ba2778486ce6a641651e7b289cfc0762-1024x768.jpg\" alt=\"\" class=\"wp-image-6364 size-full\" srcset=\"https:\/\/sonomalandtrust.org\/wp-content\/uploads\/2025\/11\/909cfa98ba2778486ce6a641651e7b289cfc0762-1024x768.jpg 1024w, https:\/\/sonomalandtrust.org\/wp-content\/uploads\/2025\/11\/909cfa98ba2778486ce6a641651e7b289cfc0762-300x225.jpg 300w, https:\/\/sonomalandtrust.org\/wp-content\/uploads\/2025\/11\/909cfa98ba2778486ce6a641651e7b289cfc0762-768x576.jpg 768w, https:\/\/sonomalandtrust.org\/wp-content\/uploads\/2025\/11\/909cfa98ba2778486ce6a641651e7b289cfc0762.jpg 1306w\" sizes=\"(max-width: 1024px) 100vw, 1024px\" \/><\/a><\/figure><div class=\"wp-block-media-text__content\">\n<h2 class=\"wp-block-heading has-blue-color has-text-color has-link-color wp-elements-42d6d88c53d3325a5a9e1f298f56c716\">Informe de Impacto 2022-2023<\/h2>\n\n\n\n<p>En 2022-2023, desvelamos con orgullo nuestro nuevo plan estrat\u00e9gico, centrado en la tierra, las personas y el agua, y en los objetivos que debemos alcanzar para hacer frente a los retos urgentes del cambio clim\u00e1tico y la p\u00e9rdida de biodiversidad. Tambi\u00e9n invertimos en asociaciones de colaboraci\u00f3n para aumentar nuestro alcance e impacto, al tiempo que cerr\u00e1bamos algunas de las adquisiciones de tierras m\u00e1s dif\u00edciles de nuestra historia. Para m\u00e1s informaci\u00f3n, consulta nuestro <a href=\"https:\/\/www.youtube.com\/watch?v=-atAbRPN2pE\">informe anual de 2023<\/a>.  <\/p>\n\n\n\n<div class=\"wp-block-buttons is-horizontal is-layout-flex wp-block-buttons-is-layout-flex\">\n<div class=\"wp-block-button\"><a class=\"wp-block-button__link wp-element-button\" href=\"https:\/\/sonomalandtrust.org\/wp-content\/uploads\/2025\/11\/SonomaLandTrust_22-23_ImpactReport.pdf\" target=\"_blank\" rel=\"noreferrer noopener\">Leer en ingl\u00e9s<\/a><\/div>\n\n\n\n<div class=\"wp-block-button\"><a class=\"wp-block-button__link wp-element-button\" href=\"https:\/\/sonomalandtrust.org\/wp-content\/uploads\/2026\/02\/SonomaLandTrust_22-23_ImpactReport_Spanish.pdf\" target=\"_blank\" rel=\"noreferrer noopener\">Leer en espa\u00f1ol<\/a><\/div>\n<\/div>\n<\/div><\/div>\n<\/div>\n\n<div class=\"wp-block-group is-layout-constrained wp-container-core-group-is-layout-d596c85f wp-block-group-is-layout-constrained\" style=\"padding-top:var(--wp--preset--spacing--50);padding-bottom:0\">\n\t<div style=\"margin-top:0;margin-bottom:0;\" class=\"section-heading section-divider-vertical has-text-align-center  align-text-left align-content-top align wp-block-acf-section-divider-vertical\">\n\n\n  <div class=\"acf-innerblocks-container\">\n\n<h2 class=\"wp-block-heading has-text-align-center has-teal-color has-text-color\">Informes anteriores<\/h2>\n\n<\/div>\n\n<\/div>\n\n\n\n\n\n\n<div class=\"past-impact-reports\">\n  <div class=\"past-impact-report-item\"><span class=\"report-title\"><a target=\"_blank\" href=\"https:\/\/sonomalandtrust.org\/wp-content\/uploads\/2025\/11\/SonomaLandTrust_ImpactReport_2022-FINAL.pdf\">2021-2022<span class=\"arrow-down-btn\"><\/span><\/a><\/span><\/div><div class=\"past-impact-report-item\"><span class=\"report-title\"><a target=\"_blank\" href=\"https:\/\/sonomalandtrust.org\/wp-content\/uploads\/2025\/11\/SLT_ImpactReport_21_R4_FINAL.pdf\">2020-2021<span class=\"arrow-down-btn\"><\/span><\/a><\/span><\/div><div class=\"past-impact-report-item\"><span class=\"report-title\"><a target=\"_blank\" href=\"https:\/\/sonomalandtrust.org\/wp-content\/uploads\/2025\/11\/2019-20-ANNUAL-REPORT-final.pdf\">2019-2020<span class=\"arrow-down-btn\"><\/span><\/a><\/span><\/div><\/div><\/div>\n","protected":false},"excerpt":{"rendered":"<p>Durante 2024-2025, Sonoma Land Trust sigui\u00f3 demostrando nuestro profundo compromiso con las personas y los lugares que hacen extraordinaria esta regi\u00f3n. Avanzamos en varios esfuerzos de conservaci\u00f3n significativos, proporcionando financiaci\u00f3n y apoyo a proyectos para la ampliaci\u00f3n de 1.157 acres de Monte R\u00edo Redwoods y adquiriendo los Campamentos 3 y 5, contribuyendo a nuestro objetivo [&hellip;]<\/p>\n","protected":false},"author":1,"featured_media":0,"parent":0,"menu_order":0,"comment_status":"closed","ping_status":"closed","template":"","meta":{"_acf_changed":false,"footnotes":""},"class_list":["post-10853","page","type-page","status-publish","hentry"],"acf":[],"yoast_head":"<!-- This site is optimized with the Yoast SEO plugin v27.3 - https:\/\/yoast.com\/product\/yoast-seo-wordpress\/ -->\n<title>Informes de impacto &#8212; Sonoma Land Trust<\/title>\n<meta name=\"description\" content=\"Obt\u00e9n m\u00e1s informaci\u00f3n sobre los esfuerzos de Sonoma Land Trust en nuestros Informes de Impacto anuales. Celebrando hitos en la adquisici\u00f3n de tierras, avanzando en los objetivos clim\u00e1ticos y mucho m\u00e1s.\" \/>\n<meta name=\"robots\" content=\"index, follow, max-snippet:-1, max-image-preview:large, max-video-preview:-1\" \/>\n<link rel=\"canonical\" href=\"https:\/\/sonomalandtrust.org\/es\/informes-de-impacto\/\" \/>\n<meta property=\"og:locale\" content=\"es_ES\" \/>\n<meta property=\"og:type\" content=\"article\" \/>\n<meta property=\"og:title\" content=\"Informes de impacto &#8212; Sonoma Land Trust\" \/>\n<meta property=\"og:description\" content=\"Obt\u00e9n m\u00e1s informaci\u00f3n sobre los esfuerzos de Sonoma Land Trust en nuestros Informes de Impacto anuales. Celebrando hitos en la adquisici\u00f3n de tierras, avanzando en los objetivos clim\u00e1ticos y mucho m\u00e1s.\" \/>\n<meta property=\"og:url\" content=\"https:\/\/sonomalandtrust.org\/es\/informes-de-impacto\/\" \/>\n<meta property=\"og:site_name\" content=\"Sonoma Land Trust\" \/>\n<meta property=\"article:publisher\" content=\"http:\/\/www.facebook.com\/Sonoma-Land-Trust\/\" \/>\n<meta property=\"article:modified_time\" content=\"2026-03-13T17:25:35+00:00\" \/>\n<meta property=\"og:image\" content=\"https:\/\/slt-2026.eclipse-dev.com\/wp-content\/uploads\/2026\/02\/impact-report-cover-2024-2025-1024x713.jpg\" \/>\n<meta name=\"twitter:card\" content=\"summary_large_image\" \/>\n<meta name=\"twitter:label1\" content=\"Est. reading time\" \/>\n\t<meta name=\"twitter:data1\" content=\"3 minutos\" \/>\n<script type=\"application\/ld+json\" class=\"yoast-schema-graph\">{\"@context\":\"https:\\\/\\\/schema.org\",\"@graph\":[{\"@type\":\"WebPage\",\"@id\":\"https:\\\/\\\/sonomalandtrust.org\\\/es\\\/informes-de-impacto\\\/\",\"url\":\"https:\\\/\\\/sonomalandtrust.org\\\/es\\\/informes-de-impacto\\\/\",\"name\":\"Informes de impacto &#8212; Sonoma Land Trust\",\"isPartOf\":{\"@id\":\"https:\\\/\\\/slt-2026.eclipse-dev.com\\\/#website\"},\"primaryImageOfPage\":{\"@id\":\"https:\\\/\\\/sonomalandtrust.org\\\/es\\\/informes-de-impacto\\\/#primaryimage\"},\"image\":{\"@id\":\"https:\\\/\\\/sonomalandtrust.org\\\/es\\\/informes-de-impacto\\\/#primaryimage\"},\"thumbnailUrl\":\"https:\\\/\\\/sonomalandtrust.org\\\/wp-content\\\/uploads\\\/2026\\\/02\\\/impact-report-cover-2024-2025-1024x713.jpg\",\"datePublished\":\"2025-09-12T00:29:42+00:00\",\"dateModified\":\"2026-03-13T17:25:35+00:00\",\"description\":\"Obt\u00e9n m\u00e1s informaci\u00f3n sobre los esfuerzos de Sonoma Land Trust en nuestros Informes de Impacto anuales. Celebrando hitos en la adquisici\u00f3n de tierras, avanzando en los objetivos clim\u00e1ticos y mucho m\u00e1s.\",\"breadcrumb\":{\"@id\":\"https:\\\/\\\/sonomalandtrust.org\\\/es\\\/informes-de-impacto\\\/#breadcrumb\"},\"inLanguage\":\"es\",\"potentialAction\":[{\"@type\":\"ReadAction\",\"target\":[\"https:\\\/\\\/sonomalandtrust.org\\\/es\\\/informes-de-impacto\\\/\"]}]},{\"@type\":\"ImageObject\",\"inLanguage\":\"es\",\"@id\":\"https:\\\/\\\/sonomalandtrust.org\\\/es\\\/informes-de-impacto\\\/#primaryimage\",\"url\":\"https:\\\/\\\/sonomalandtrust.org\\\/wp-content\\\/uploads\\\/2026\\\/02\\\/impact-report-cover-2024-2025-1024x713.jpg\",\"contentUrl\":\"https:\\\/\\\/sonomalandtrust.org\\\/wp-content\\\/uploads\\\/2026\\\/02\\\/impact-report-cover-2024-2025-1024x713.jpg\"},{\"@type\":\"BreadcrumbList\",\"@id\":\"https:\\\/\\\/sonomalandtrust.org\\\/es\\\/informes-de-impacto\\\/#breadcrumb\",\"itemListElement\":[{\"@type\":\"ListItem\",\"position\":1,\"name\":\"Home\",\"item\":\"https:\\\/\\\/sonomalandtrust.org\\\/es\\\/inicio\\\/\"},{\"@type\":\"ListItem\",\"position\":2,\"name\":\"Informes de impacto\"}]},{\"@type\":\"WebSite\",\"@id\":\"https:\\\/\\\/slt-2026.eclipse-dev.com\\\/#website\",\"url\":\"https:\\\/\\\/slt-2026.eclipse-dev.com\\\/\",\"name\":\"Sonoma Land Trust\",\"description\":\"\",\"publisher\":{\"@id\":\"https:\\\/\\\/slt-2026.eclipse-dev.com\\\/#organization\"},\"potentialAction\":[{\"@type\":\"SearchAction\",\"target\":{\"@type\":\"EntryPoint\",\"urlTemplate\":\"https:\\\/\\\/slt-2026.eclipse-dev.com\\\/?s={search_term_string}\"},\"query-input\":{\"@type\":\"PropertyValueSpecification\",\"valueRequired\":true,\"valueName\":\"search_term_string\"}}],\"inLanguage\":\"es\"},{\"@type\":\"Organization\",\"@id\":\"https:\\\/\\\/slt-2026.eclipse-dev.com\\\/#organization\",\"name\":\"Fondo de Tierras de Sonoma\",\"url\":\"https:\\\/\\\/slt-2026.eclipse-dev.com\\\/\",\"logo\":{\"@type\":\"ImageObject\",\"inLanguage\":\"es\",\"@id\":\"https:\\\/\\\/slt-2026.eclipse-dev.com\\\/#\\\/schema\\\/logo\\\/image\\\/\",\"url\":\"https:\\\/\\\/sonomalandtrust.org\\\/wp-content\\\/uploads\\\/2025\\\/10\\\/slt-logo.png\",\"contentUrl\":\"https:\\\/\\\/sonomalandtrust.org\\\/wp-content\\\/uploads\\\/2025\\\/10\\\/slt-logo.png\",\"width\":549,\"height\":333,\"caption\":\"Fondo de Tierras de Sonoma\"},\"image\":{\"@id\":\"https:\\\/\\\/slt-2026.eclipse-dev.com\\\/#\\\/schema\\\/logo\\\/image\\\/\"},\"sameAs\":[\"http:\\\/\\\/www.facebook.com\\\/Sonoma-Land-Trust\\\/\",\"https:\\\/\\\/www.instagram.com\\\/sonomalandtrust\\\/\",\"https:\\\/\\\/bsky.app\\\/profile\\\/sonomalandtrust.bsky.social\",\"https:\\\/\\\/www.youtube.com\\\/user\\\/SonomaLandTrust\\\/\",\"http:\\\/\\\/www.linkedin.com\\\/company\\\/1090048?trk=tyah\"]}]}<\/script>\n<!-- \/ Yoast SEO plugin. -->","yoast_head_json":{"title":"Informes de impacto &#8212; Sonoma Land Trust","description":"Obt\u00e9n m\u00e1s informaci\u00f3n sobre los esfuerzos de Sonoma Land Trust en nuestros Informes de Impacto anuales. Celebrando hitos en la adquisici\u00f3n de tierras, avanzando en los objetivos clim\u00e1ticos y mucho m\u00e1s.","robots":{"index":"index","follow":"follow","max-snippet":"max-snippet:-1","max-image-preview":"max-image-preview:large","max-video-preview":"max-video-preview:-1"},"canonical":"https:\/\/sonomalandtrust.org\/es\/informes-de-impacto\/","og_locale":"es_ES","og_type":"article","og_title":"Informes de impacto &#8212; Sonoma Land Trust","og_description":"Obt\u00e9n m\u00e1s informaci\u00f3n sobre los esfuerzos de Sonoma Land Trust en nuestros Informes de Impacto anuales. Celebrando hitos en la adquisici\u00f3n de tierras, avanzando en los objetivos clim\u00e1ticos y mucho m\u00e1s.","og_url":"https:\/\/sonomalandtrust.org\/es\/informes-de-impacto\/","og_site_name":"Sonoma Land Trust","article_publisher":"http:\/\/www.facebook.com\/Sonoma-Land-Trust\/","article_modified_time":"2026-03-13T17:25:35+00:00","og_image":[{"url":"https:\/\/slt-2026.eclipse-dev.com\/wp-content\/uploads\/2026\/02\/impact-report-cover-2024-2025-1024x713.jpg","type":"","width":"","height":""}],"twitter_card":"summary_large_image","twitter_misc":{"Est. reading time":"3 minutos"},"schema":{"@context":"https:\/\/schema.org","@graph":[{"@type":"WebPage","@id":"https:\/\/sonomalandtrust.org\/es\/informes-de-impacto\/","url":"https:\/\/sonomalandtrust.org\/es\/informes-de-impacto\/","name":"Informes de impacto &#8212; Sonoma Land Trust","isPartOf":{"@id":"https:\/\/slt-2026.eclipse-dev.com\/#website"},"primaryImageOfPage":{"@id":"https:\/\/sonomalandtrust.org\/es\/informes-de-impacto\/#primaryimage"},"image":{"@id":"https:\/\/sonomalandtrust.org\/es\/informes-de-impacto\/#primaryimage"},"thumbnailUrl":"https:\/\/sonomalandtrust.org\/wp-content\/uploads\/2026\/02\/impact-report-cover-2024-2025-1024x713.jpg","datePublished":"2025-09-12T00:29:42+00:00","dateModified":"2026-03-13T17:25:35+00:00","description":"Obt\u00e9n m\u00e1s informaci\u00f3n sobre los esfuerzos de Sonoma Land Trust en nuestros Informes de Impacto anuales. Celebrando hitos en la adquisici\u00f3n de tierras, avanzando en los objetivos clim\u00e1ticos y mucho m\u00e1s.","breadcrumb":{"@id":"https:\/\/sonomalandtrust.org\/es\/informes-de-impacto\/#breadcrumb"},"inLanguage":"es","potentialAction":[{"@type":"ReadAction","target":["https:\/\/sonomalandtrust.org\/es\/informes-de-impacto\/"]}]},{"@type":"ImageObject","inLanguage":"es","@id":"https:\/\/sonomalandtrust.org\/es\/informes-de-impacto\/#primaryimage","url":"https:\/\/sonomalandtrust.org\/wp-content\/uploads\/2026\/02\/impact-report-cover-2024-2025-1024x713.jpg","contentUrl":"https:\/\/sonomalandtrust.org\/wp-content\/uploads\/2026\/02\/impact-report-cover-2024-2025-1024x713.jpg"},{"@type":"BreadcrumbList","@id":"https:\/\/sonomalandtrust.org\/es\/informes-de-impacto\/#breadcrumb","itemListElement":[{"@type":"ListItem","position":1,"name":"Home","item":"https:\/\/sonomalandtrust.org\/es\/inicio\/"},{"@type":"ListItem","position":2,"name":"Informes de impacto"}]},{"@type":"WebSite","@id":"https:\/\/slt-2026.eclipse-dev.com\/#website","url":"https:\/\/slt-2026.eclipse-dev.com\/","name":"Sonoma Land Trust","description":"","publisher":{"@id":"https:\/\/slt-2026.eclipse-dev.com\/#organization"},"potentialAction":[{"@type":"SearchAction","target":{"@type":"EntryPoint","urlTemplate":"https:\/\/slt-2026.eclipse-dev.com\/?s={search_term_string}"},"query-input":{"@type":"PropertyValueSpecification","valueRequired":true,"valueName":"search_term_string"}}],"inLanguage":"es"},{"@type":"Organization","@id":"https:\/\/slt-2026.eclipse-dev.com\/#organization","name":"Fondo de Tierras de Sonoma","url":"https:\/\/slt-2026.eclipse-dev.com\/","logo":{"@type":"ImageObject","inLanguage":"es","@id":"https:\/\/slt-2026.eclipse-dev.com\/#\/schema\/logo\/image\/","url":"https:\/\/sonomalandtrust.org\/wp-content\/uploads\/2025\/10\/slt-logo.png","contentUrl":"https:\/\/sonomalandtrust.org\/wp-content\/uploads\/2025\/10\/slt-logo.png","width":549,"height":333,"caption":"Fondo de Tierras de Sonoma"},"image":{"@id":"https:\/\/slt-2026.eclipse-dev.com\/#\/schema\/logo\/image\/"},"sameAs":["http:\/\/www.facebook.com\/Sonoma-Land-Trust\/","https:\/\/www.instagram.com\/sonomalandtrust\/","https:\/\/bsky.app\/profile\/sonomalandtrust.bsky.social","https:\/\/www.youtube.com\/user\/SonomaLandTrust\/","http:\/\/www.linkedin.com\/company\/1090048?trk=tyah"]}]}},"_links":{"self":[{"href":"https:\/\/sonomalandtrust.org\/es\/wp-json\/wp\/v2\/pages\/10853","targetHints":{"allow":["GET"]}}],"collection":[{"href":"https:\/\/sonomalandtrust.org\/es\/wp-json\/wp\/v2\/pages"}],"about":[{"href":"https:\/\/sonomalandtrust.org\/es\/wp-json\/wp\/v2\/types\/page"}],"author":[{"embeddable":true,"href":"https:\/\/sonomalandtrust.org\/es\/wp-json\/wp\/v2\/users\/1"}],"replies":[{"embeddable":true,"href":"https:\/\/sonomalandtrust.org\/es\/wp-json\/wp\/v2\/comments?post=10853"}],"version-history":[{"count":0,"href":"https:\/\/sonomalandtrust.org\/es\/wp-json\/wp\/v2\/pages\/10853\/revisions"}],"wp:attachment":[{"href":"https:\/\/sonomalandtrust.org\/es\/wp-json\/wp\/v2\/media?parent=10853"}],"curies":[{"name":"wp","href":"https:\/\/api.w.org\/{rel}","templated":true}]}}