{"id":10824,"date":"2025-09-11T17:30:58","date_gmt":"2025-09-12T00:30:58","guid":{"rendered":"https:\/\/sonomalandtrust.org\/quemas-prescritas-y-notificaciones-de-humo\/"},"modified":"2026-03-13T10:25:36","modified_gmt":"2026-03-13T17:25:36","slug":"quemas-prescritas-y-notificaciones-de-humo","status":"publish","type":"page","link":"https:\/\/sonomalandtrust.org\/es\/quemas-prescritas-y-notificaciones-de-humo\/","title":{"rendered":"Quemas prescritas"},"content":{"rendered":"\n<div class=\"wp-block-group alignfull default-page-header-group is-layout-constrained wp-block-group-is-layout-constrained\">\n<h1 class=\"wp-block-heading\">QUEMAS PRESCRITAS<\/h1>\n\n\n\n<p class=\"has-text-align-center header-intro-text has-green-color has-text-color has-link-color wp-elements-bf2aa29e800d730e1216128bb170c320\">Un buen fuego es una de nuestras mejores herramientas para restaurar el equilibrio ecol\u00f3gico hist\u00f3rico y crear resiliencia frente a futuras amenazas.<\/p>\n<\/div>\n\n<div class=\"wp-block-group is-style-narrow-group thick-orange-border has-yellow-screened-background-color has-background is-layout-constrained wp-block-group-is-layout-constrained\" style=\"margin-top:var(--wp--preset--spacing--60);margin-bottom:var(--wp--preset--spacing--40);padding-top:var(--wp--preset--spacing--50);padding-bottom:var(--wp--preset--spacing--50)\">\n<h2 class=\"wp-block-heading has-text-align-center has-burnt-orange-color has-text-color has-link-color has-h-3-font-size wp-elements-dae660361e104d42eb50bf487809f565\">Quema prescrita programada<\/h2>\n\n\n\n<p>Se ha programado una quema prescrita para los d\u00edas 5 y 6 de marzo en nombre de la reserva. Rellena este <a href=\"#prescribed-burn-form\">formulario<\/a> para que te avisemos de las alertas por humo en tu regi\u00f3n. <\/p>\n<\/div>\n\n<div class=\"wp-block-group alignfull has-white-background-color has-background is-layout-constrained wp-block-group-is-layout-constrained\" style=\"margin-top:0;margin-bottom:0;padding-top:var(--wp--preset--spacing--60);padding-bottom:var(--wp--preset--spacing--60)\">\n<div class=\"wp-block-columns is-layout-flex wp-container-core-columns-is-layout-28f84493 wp-block-columns-is-layout-flex\">\n<div class=\"wp-block-column is-layout-flow wp-block-column-is-layout-flow\">\n\t\t\t\n\t<style type=\"text\/css\">\n\t\t.slider-info-11795.bafg-slider-info .bafg-slider-title {\n\t\t\t\t\t\t\tfont-size:\n\t\t\t\t\t22px\t\t\t\t;\n\t\t\t\n\t\t\t\n\t\t\t\t\t}\n\n\t\t.slider-info-11795.bafg-slider-info .bafg-slider-description {\n\t\t\t\n\t\t\t\n\t\t\t\t\t}\n\t\t\n\t\t\n\t\t.slider-info-11795.bafg-slider-info .bafg_slider_readmore_button {\n\t\t\t\n\t\t\t\n\t\t\t\n\t\t\t\n\t\t\t\n\t\t\ttext-align: center;\n\n\t\t\t\n\t\t\t\n\t\t\t\n\t\t\t\n\t\t\t\t\t}\n\n\t\t.slider-info-11795.bafg-slider-info .bafg_slider_readmore_button:hover {\n\n\t\t\t\n\t\t\t\n\t\t\t\t\t}\n\t<\/style>\n\t\n\t\t\t<div class=\"bafg-twentytwenty-container slider-11795  \"\n\t\t\t\tbafg-orientation=\"horizontal\" bafg-default-offset=\"0.5\"\n\t\t\t\tbafg-before-label=\"Before\"\n\t\t\t\tbafg-after-label=\"After\" bafg-overlay=\"1\"\n\t\t\t\tbafg-move-slider-on-hover=\"\"\n\t\t\t\tbafg-click-to-move=\"\">\n\n\t\t\t\t\t\t\t\t<img class=\"skip-lazy\" data-skip-lazy\t\t\t\t\tsrc=\"https:\/\/sonomalandtrust.org\/wp-content\/uploads\/2026\/02\/250728_SMVP_Sashwa_BeforeAfter_NorthernRoadWide_DURING.jpg\" alt=\"\">\n\t\t\t\t<img class=\"skip-lazy\" data-skip-lazy\t\t\t\t\tsrc=\"https:\/\/sonomalandtrust.org\/wp-content\/uploads\/2026\/02\/250728_SMVP_Sashwa_BeforeAfter_NorthernRoadWide_AFTER.jpg\" alt=\"\">\n\n\t\t\t<\/div>\n\n\t\t\t\t<div class=\"bafg-slider-info-wraper\">\n\t\t<div style=\"\" class=\"slider-info-11795 bafg-slider-info\">\n\t\t\t\t\t<\/div>\n\t<\/div>\n\t\n\t\t\t<style type=\"text\/css\">\n\t\t\t\t\t\t\t\t\t\t\t<\/style>\n\t\t\t\n<\/div>\n\n\n\n<div class=\"wp-block-column is-vertically-aligned-center is-layout-flow wp-block-column-is-layout-flow\">\n<h3 class=\"wp-block-heading has-blue-color has-text-color has-link-color has-h-2-font-size wp-elements-281edd78be70cda202cf033dbac7f689\"><strong>Por el bien de la tierra<\/strong><\/h3>\n\n\n\n<p>Los ecosistemas de California evolucionaron con incendios regulares. Muchos de los paisajes m\u00e1s preciados del condado de Sonoma -como los bosques de robles y las praderas costeras- se mantuvieron gracias a los incendios provocados por los pueblos ind\u00edgenas durante milenios, as\u00ed como a los incendios naturales provocados por rayos. Durante el \u00faltimo siglo, hemos adoptado una &#8220;pol\u00edtica de supresi\u00f3n total&#8221;, tratando todos los incendios como malos. Pero en ausencia de buenos incendios, los bosques se vuelven densos y crecen demasiado, y las comunidades ecol\u00f3gicas son m\u00e1s vulnerables a los incendios catastr\u00f3ficos.    Sonoma Land Trust utiliza el fuego prescrito y el clareo forestal selectivo como herramientas basadas en la naturaleza para restaurar la resistencia de la tierra.  <br\/><\/p>\n<\/div>\n<\/div>\n<\/div>\n\n<div class=\"wp-block-group alignfull has-yellow-screened-background-color has-background is-layout-constrained wp-block-group-is-layout-constrained\" style=\"margin-top:0;margin-bottom:0;padding-top:var(--wp--preset--spacing--70);padding-bottom:var(--wp--preset--spacing--70)\">\n\t<div class=\"torn-paper-content-block  align-text-left align-content-top align wp-block-acf-torn-paper-content-block\">\n  <div class=\"acf-innerblocks-container\">\n\n<div class=\"wp-block-group is-layout-flow wp-block-group-is-layout-flow\">\n<div class=\"wp-block-cover is-light\"><img decoding=\"async\" width=\"774\" height=\"464\" class=\"wp-block-cover__image-background wp-image-9573 size-full\" alt=\"\" src=\"https:\/\/sonomalandtrust.org\/wp-content\/uploads\/2026\/01\/land-trust-prescribed-burn.jpg\" data-object-fit=\"cover\" srcset=\"https:\/\/sonomalandtrust.org\/wp-content\/uploads\/2026\/01\/land-trust-prescribed-burn.jpg 774w, https:\/\/sonomalandtrust.org\/wp-content\/uploads\/2026\/01\/land-trust-prescribed-burn-300x180.jpg 300w, https:\/\/sonomalandtrust.org\/wp-content\/uploads\/2026\/01\/land-trust-prescribed-burn-768x460.jpg 768w\" sizes=\"(max-width: 774px) 100vw, 774px\" \/><span aria-hidden=\"true\" class=\"wp-block-cover__background has-background-dim-0 has-background-dim\" style=\"background-color:#c5c2be\"><\/span><div class=\"wp-block-cover__inner-container is-layout-flow wp-block-cover-is-layout-flow\">\n<h2 class=\"wp-block-heading has-text-align-center green-torn-paper has-text-color has-white-color\"><strong>\u00bfQu\u00e9 es un buen fuego?<\/strong><\/h2>\n<\/div><\/div>\n\n\n\n<div class=\"wp-block-group torn-paper-content-group has-background has-white-background-color is-layout-flow wp-block-group-is-layout-flow\">\n<p>Las quemas prescritas, tambi\u00e9n llamadas fuego bueno, son quemas intencionadas planificadas bajo un conjunto espec\u00edfico de condiciones ambientales que, en conjunto, constituyen una prescripci\u00f3n. Estas condiciones suelen incluir la temperatura, el viento, la humedad del combustible y la humedad, pero tambi\u00e9n pueden incluirse la estacionalidad y otros factores. La prescripci\u00f3n se desarrolla para alcanzar metas y objetivos espec\u00edficos elaborados por profesionales cualificados que poseen un profundo conocimiento del comportamiento del fuego y de la ecolog\u00eda local. Debe seguirse para realizar con seguridad y eficacia la operaci\u00f3n de fuego prescrito.   <\/p>\n<\/div>\n<\/div>\n\n<\/div>\n<\/div>\n\n\n\n\n<\/div>\n\n<div class=\"wp-block-group alignfull has-dark-blue-background-color has-background is-layout-constrained wp-block-group-is-layout-constrained\" style=\"margin-top:0;margin-bottom:0;padding-top:var(--wp--preset--spacing--70);padding-bottom:var(--wp--preset--spacing--70)\">\n\t<div class=\"section-heading section-divider-vertical has-text-align-center  is-style-wide-text align-text-left align-content-top align is-style-wide-text wp-block-acf-section-divider-vertical\">\n\n\n  <div class=\"acf-innerblocks-container\">\n\n<h2 class=\"wp-block-heading has-text-align-center has-white-color has-text-color\"><strong>Lo que los residentes deben saber<\/strong><\/h2>\n\n\n\n<p class=\"has-text-align-center has-white-color has-text-color has-link-color wp-elements-3724dd8ceaf1b09425c33e7d46821fde\">Sonoma Land Trust se esfuerza por mantener informada a la comunidad sobre los incendios prescritos y el humo. Aunque las quemas prescritas desprenden algo de humo, disponemos de muchas medidas para mitigar y minimizar la exposici\u00f3n al humo y los impactos negativos asociados en nuestras comunidades circundantes.   <\/p>\n\n\n\n<p class=\"has-white-color has-text-color has-link-color wp-elements-4f6d9b2f81b6471aa2b47325e890f62b\">Antes de cada quema, mostramos avisos en las se\u00f1ales de tr\u00e1fico, nos ponemos en contacto con los vecinos adyacentes, publicamos alertas en las redes sociales y en la <a href=\"https:\/\/app.watchduty.org\/\" target=\"_blank\" rel=\"noreferrer noopener\">aplicaci\u00f3n Watch Duty<\/a><mark style=\"background-color:rgba(0, 0, 0, 0)\" class=\"has-inline-color has-white-color\">,<\/mark> y emitimos comunicados de prensa con detalles y mapas.  <\/p>\n\n\n\n<p class=\"has-text-align-center has-white-color has-text-color has-link-color wp-elements-40de933c3ddf345b28396cfd79b940b8\">Los ni\u00f1os, los ancianos y las personas con afecciones respiratorias deben plantearse limitar las actividades al aire libre y utilizar un filtro de aire en casa si la calidad del aire es mala.<\/p>\n\n<\/div>\n\n<\/div>\n\n\n\n\n<\/div>\n\n<div class=\"wp-block-group is-style-narrow-group is-layout-constrained wp-block-group-is-layout-constrained\" style=\"margin-top:0;margin-bottom:0;padding-top:var(--wp--preset--spacing--70);padding-bottom:var(--wp--preset--spacing--70)\">\n\t<div style=\"padding-bottom:0;\" class=\"section-heading section-divider-vertical has-text-align-center  align-text-left align-content-top align wp-block-acf-section-divider-vertical\">\n\n\n  <div class=\"acf-innerblocks-container\">\n\n<h2 class=\"wp-block-heading has-text-align-center has-teal-color has-text-color\" style=\"padding-bottom:0\"><strong>Qu\u00e9 esperar de una quema prescrita<\/strong><\/h2>\n\n<\/div>\n\n<\/div>\n\n\n\n\n\n\n\n<figure class=\"wp-block-embed is-type-video is-provider-youtube wp-block-embed-youtube wp-embed-aspect-16-9 wp-has-aspect-ratio\"><div class=\"wp-block-embed__wrapper\">\n<iframe title=\"What to expect from a prescribed burn\" width=\"500\" height=\"281\" src=\"https:\/\/www.youtube.com\/embed\/9u-CuKOtTiQ?feature=oembed\" frameborder=\"0\" allow=\"accelerometer; autoplay; clipboard-write; encrypted-media; gyroscope; picture-in-picture; web-share\" referrerpolicy=\"strict-origin-when-cross-origin\" allowfullscreen><\/iframe>\n<\/div><\/figure>\n\n\n\n<p class=\"has-text-align-center\" style=\"padding-top:var(--wp--preset--spacing--40)\"><a href=\"https:\/\/www.youtube.com\/watch?v=F35Nunt7Ons\" target=\"_blank\" rel=\"noreferrer noopener\">Ver en espa\u00f1ol<\/a><\/p>\n<\/div>\n\n<div class=\"wp-block-group alignfull has-yellow-screened-background-color has-background is-layout-constrained wp-block-group-is-layout-constrained\" id=\"prescribed-burn-form\" style=\"margin-top:0;margin-bottom:0;padding-top:var(--wp--preset--spacing--70);padding-bottom:var(--wp--preset--spacing--70)\">\n\t<div class=\"section-heading section-divider-vertical has-text-align-center  align-text-left align-content-top align wp-block-acf-section-divider-vertical\">\n\n\n  <div class=\"acf-innerblocks-container\">\n\n<h2 class=\"wp-block-heading has-text-align-center has-teal-color has-text-color\">  Ser notificado de futuras quemas prescritas<\/h2>\n\n\n\n<p class=\"has-text-align-center\">Para recibir con antelaci\u00f3n informaci\u00f3n actualizada sobre las quemas prescritas en tu regi\u00f3n, env\u00eda el siguiente formulario.<\/p>\n\n<\/div>\n\n<\/div>\n\n\n\n\n\n\n\n<div class=\"wp-block-group burn-form is-style-default has-white-background-color has-background is-layout-constrained wp-block-group-is-layout-constrained\" style=\"margin-top:var(--wp--preset--spacing--40)\">\n<script src=\"https:\/\/cdn.virtuoussoftware.com\/virtuous.embed.min.js\" data-vform=\"DFB242E6-147C-42C6-A099-99521A2AED94\" data-orgid=\"3526\" data-isgiving=\"false\" data-dependencies=\"[]\"><\/script>\n<\/div>\n\n\n\n<div class=\"wp-block-group region-group has-teal-background-color has-background is-layout-constrained wp-container-core-group-is-layout-cf2cc497 wp-block-group-is-layout-constrained\">\n\t<div class=\"section-heading section-divider-vertical has-text-align-center  align-text-left align-content-top align wp-block-acf-section-divider-vertical\">\n\n\n  <div class=\"acf-innerblocks-container\">\n\n<h2 class=\"wp-block-heading has-text-align-center has-white-color has-text-color\">Encuentra tu regi\u00f3n<\/h2>\n\n<\/div>\n\n<\/div>\n\n\n\n\n\n\n\n<figure class=\"wp-block-image size-large\"><img decoding=\"async\" width=\"1024\" height=\"935\" src=\"https:\/\/sonomalandtrust.org\/wp-content\/uploads\/2026\/02\/b84863abf784124d892f585968229aeb232fcf6b-1024x935.png\" alt=\"\" class=\"wp-image-12111\" srcset=\"https:\/\/sonomalandtrust.org\/wp-content\/uploads\/2026\/02\/b84863abf784124d892f585968229aeb232fcf6b-1024x935.png 1024w, https:\/\/sonomalandtrust.org\/wp-content\/uploads\/2026\/02\/b84863abf784124d892f585968229aeb232fcf6b-300x274.png 300w, https:\/\/sonomalandtrust.org\/wp-content\/uploads\/2026\/02\/b84863abf784124d892f585968229aeb232fcf6b-768x701.png 768w, https:\/\/sonomalandtrust.org\/wp-content\/uploads\/2026\/02\/b84863abf784124d892f585968229aeb232fcf6b-1536x1403.png 1536w, https:\/\/sonomalandtrust.org\/wp-content\/uploads\/2026\/02\/b84863abf784124d892f585968229aeb232fcf6b.png 2048w\" sizes=\"(max-width: 1024px) 100vw, 1024px\" \/><\/figure>\n\n\n\n<figure class=\"wp-block-table region-table\"><table class=\"has-white-background-color has-background\"><thead><tr><th>Regi\u00f3n<\/th><th>Ciudad m\u00e1s cercana<\/th><th>Conserva<\/th><\/tr><\/thead><tbody><tr><td>Valle de Sonoma<\/td><td>Glen Ellen, Kenwood<\/td><td>Rancho Glen Oaks, Pozas Vernales de la Monta\u00f1a de Sonoma<\/td><\/tr><tr><td>Valle de los Caballeros<\/td><td>Kellogg, Calistoga<\/td><td>Rancho Laufenburg, Rancho Live Oaks<\/td><\/tr><tr><td>Baylands de Sonoma<\/td><td>Schellville, Sears Point<\/td><td>Rancho Sears Point, Campo 4<\/td><\/tr><tr><td>Costa Norte<\/td><td>Jenner, Cazadero, Bodega<\/td><td>Polo, Monta\u00f1a, Peque\u00f1a Monta\u00f1a Negra, Estero Americano<\/td><\/tr><tr><td>Pantano Pitkin<\/td><td>Graton<\/td><td>Pantano del Bajo Pitkin<\/td><\/tr><\/tbody><\/table><\/figure>\n<\/div>\n<\/div>\n","protected":false},"excerpt":{"rendered":"<p>Un buen fuego es una de nuestras mejores herramientas para restaurar el equilibrio ecol\u00f3gico hist\u00f3rico y crear resiliencia frente a futuras amenazas. Se ha programado una quema prescrita para los d\u00edas 5 y 6 de marzo en nombre de la reserva. Rellena este formulario para que te avisemos de las alertas por humo en tu [&hellip;]<\/p>\n","protected":false},"author":1,"featured_media":0,"parent":0,"menu_order":0,"comment_status":"closed","ping_status":"closed","template":"","meta":{"_acf_changed":false,"footnotes":""},"class_list":["post-10824","page","type-page","status-publish","hentry"],"acf":[],"yoast_head":"<!-- This site is optimized with the Yoast SEO plugin v27.3 - https:\/\/yoast.com\/product\/yoast-seo-wordpress\/ -->\n<title>Quemas prescritas &#8212; Sonoma Land Trust<\/title>\n<meta name=\"description\" content=\"Las quemas prescritas en el condado de Sonoma crean resistencia contra los incendios forestales. Inscr\u00edbete para recibir actualizaciones antes de las pr\u00f3ximas quemas prescritas.\" \/>\n<meta name=\"robots\" content=\"index, follow, max-snippet:-1, max-image-preview:large, max-video-preview:-1\" \/>\n<link rel=\"canonical\" href=\"https:\/\/sonomalandtrust.org\/es\/quemas-prescritas-y-notificaciones-de-humo\/\" \/>\n<meta property=\"og:locale\" content=\"es_ES\" \/>\n<meta property=\"og:type\" content=\"article\" \/>\n<meta property=\"og:title\" content=\"Quemas prescritas &#8212; Sonoma Land Trust\" \/>\n<meta property=\"og:description\" content=\"Las quemas prescritas en el condado de Sonoma crean resistencia contra los incendios forestales. Inscr\u00edbete para recibir actualizaciones antes de las pr\u00f3ximas quemas prescritas.\" \/>\n<meta property=\"og:url\" content=\"https:\/\/sonomalandtrust.org\/es\/quemas-prescritas-y-notificaciones-de-humo\/\" \/>\n<meta property=\"og:site_name\" content=\"Sonoma Land Trust\" \/>\n<meta property=\"article:publisher\" content=\"http:\/\/www.facebook.com\/Sonoma-Land-Trust\/\" \/>\n<meta property=\"article:modified_time\" content=\"2026-03-13T17:25:36+00:00\" \/>\n<meta property=\"og:image\" content=\"https:\/\/slt-2026.eclipse-dev.com\/wp-content\/uploads\/2026\/01\/land-trust-prescribed-burn.jpg\" \/>\n<meta name=\"twitter:card\" content=\"summary_large_image\" \/>\n<meta name=\"twitter:label1\" content=\"Est. reading time\" \/>\n\t<meta name=\"twitter:data1\" content=\"3 minutes\" \/>\n<script type=\"application\/ld+json\" class=\"yoast-schema-graph\">{\"@context\":\"https:\\\/\\\/schema.org\",\"@graph\":[{\"@type\":\"WebPage\",\"@id\":\"https:\\\/\\\/sonomalandtrust.org\\\/es\\\/quemas-prescritas-y-notificaciones-de-humo\\\/\",\"url\":\"https:\\\/\\\/sonomalandtrust.org\\\/es\\\/quemas-prescritas-y-notificaciones-de-humo\\\/\",\"name\":\"Quemas prescritas &#8212; Sonoma Land Trust\",\"isPartOf\":{\"@id\":\"https:\\\/\\\/slt-2026.eclipse-dev.com\\\/#website\"},\"primaryImageOfPage\":{\"@id\":\"https:\\\/\\\/sonomalandtrust.org\\\/es\\\/quemas-prescritas-y-notificaciones-de-humo\\\/#primaryimage\"},\"image\":{\"@id\":\"https:\\\/\\\/sonomalandtrust.org\\\/es\\\/quemas-prescritas-y-notificaciones-de-humo\\\/#primaryimage\"},\"thumbnailUrl\":\"https:\\\/\\\/sonomalandtrust.org\\\/wp-content\\\/uploads\\\/2026\\\/01\\\/land-trust-prescribed-burn.jpg\",\"datePublished\":\"2025-09-12T00:30:58+00:00\",\"dateModified\":\"2026-03-13T17:25:36+00:00\",\"description\":\"Las quemas prescritas en el condado de Sonoma crean resistencia contra los incendios forestales. Inscr\u00edbete para recibir actualizaciones antes de las pr\u00f3ximas quemas prescritas.\",\"breadcrumb\":{\"@id\":\"https:\\\/\\\/sonomalandtrust.org\\\/es\\\/quemas-prescritas-y-notificaciones-de-humo\\\/#breadcrumb\"},\"inLanguage\":\"es-ES\",\"potentialAction\":[{\"@type\":\"ReadAction\",\"target\":[\"https:\\\/\\\/sonomalandtrust.org\\\/es\\\/quemas-prescritas-y-notificaciones-de-humo\\\/\"]}]},{\"@type\":\"ImageObject\",\"inLanguage\":\"es-ES\",\"@id\":\"https:\\\/\\\/sonomalandtrust.org\\\/es\\\/quemas-prescritas-y-notificaciones-de-humo\\\/#primaryimage\",\"url\":\"https:\\\/\\\/sonomalandtrust.org\\\/wp-content\\\/uploads\\\/2026\\\/01\\\/land-trust-prescribed-burn.jpg\",\"contentUrl\":\"https:\\\/\\\/sonomalandtrust.org\\\/wp-content\\\/uploads\\\/2026\\\/01\\\/land-trust-prescribed-burn.jpg\"},{\"@type\":\"BreadcrumbList\",\"@id\":\"https:\\\/\\\/sonomalandtrust.org\\\/es\\\/quemas-prescritas-y-notificaciones-de-humo\\\/#breadcrumb\",\"itemListElement\":[{\"@type\":\"ListItem\",\"position\":1,\"name\":\"Home\",\"item\":\"https:\\\/\\\/sonomalandtrust.org\\\/es\\\/inicio\\\/\"},{\"@type\":\"ListItem\",\"position\":2,\"name\":\"Quemas prescritas\"}]},{\"@type\":\"WebSite\",\"@id\":\"https:\\\/\\\/slt-2026.eclipse-dev.com\\\/#website\",\"url\":\"https:\\\/\\\/slt-2026.eclipse-dev.com\\\/\",\"name\":\"Sonoma Land Trust\",\"description\":\"\",\"publisher\":{\"@id\":\"https:\\\/\\\/slt-2026.eclipse-dev.com\\\/#organization\"},\"potentialAction\":[{\"@type\":\"SearchAction\",\"target\":{\"@type\":\"EntryPoint\",\"urlTemplate\":\"https:\\\/\\\/slt-2026.eclipse-dev.com\\\/?s={search_term_string}\"},\"query-input\":{\"@type\":\"PropertyValueSpecification\",\"valueRequired\":true,\"valueName\":\"search_term_string\"}}],\"inLanguage\":\"es-ES\"},{\"@type\":\"Organization\",\"@id\":\"https:\\\/\\\/slt-2026.eclipse-dev.com\\\/#organization\",\"name\":\"Sonoma Land Trust\",\"url\":\"https:\\\/\\\/slt-2026.eclipse-dev.com\\\/\",\"logo\":{\"@type\":\"ImageObject\",\"inLanguage\":\"es-ES\",\"@id\":\"https:\\\/\\\/slt-2026.eclipse-dev.com\\\/#\\\/schema\\\/logo\\\/image\\\/\",\"url\":\"https:\\\/\\\/sonomalandtrust.org\\\/wp-content\\\/uploads\\\/2025\\\/10\\\/slt-logo.png\",\"contentUrl\":\"https:\\\/\\\/sonomalandtrust.org\\\/wp-content\\\/uploads\\\/2025\\\/10\\\/slt-logo.png\",\"width\":549,\"height\":333,\"caption\":\"Sonoma Land Trust\"},\"image\":{\"@id\":\"https:\\\/\\\/slt-2026.eclipse-dev.com\\\/#\\\/schema\\\/logo\\\/image\\\/\"},\"sameAs\":[\"http:\\\/\\\/www.facebook.com\\\/Sonoma-Land-Trust\\\/\",\"https:\\\/\\\/www.instagram.com\\\/sonomalandtrust\\\/\",\"https:\\\/\\\/bsky.app\\\/profile\\\/sonomalandtrust.bsky.social\",\"https:\\\/\\\/www.youtube.com\\\/user\\\/SonomaLandTrust\\\/\",\"http:\\\/\\\/www.linkedin.com\\\/company\\\/1090048?trk=tyah\"]}]}<\/script>\n<!-- \/ Yoast SEO plugin. -->","yoast_head_json":{"title":"Quemas prescritas &#8212; Sonoma Land Trust","description":"Las quemas prescritas en el condado de Sonoma crean resistencia contra los incendios forestales. Inscr\u00edbete para recibir actualizaciones antes de las pr\u00f3ximas quemas prescritas.","robots":{"index":"index","follow":"follow","max-snippet":"max-snippet:-1","max-image-preview":"max-image-preview:large","max-video-preview":"max-video-preview:-1"},"canonical":"https:\/\/sonomalandtrust.org\/es\/quemas-prescritas-y-notificaciones-de-humo\/","og_locale":"es_ES","og_type":"article","og_title":"Quemas prescritas &#8212; Sonoma Land Trust","og_description":"Las quemas prescritas en el condado de Sonoma crean resistencia contra los incendios forestales. Inscr\u00edbete para recibir actualizaciones antes de las pr\u00f3ximas quemas prescritas.","og_url":"https:\/\/sonomalandtrust.org\/es\/quemas-prescritas-y-notificaciones-de-humo\/","og_site_name":"Sonoma Land Trust","article_publisher":"http:\/\/www.facebook.com\/Sonoma-Land-Trust\/","article_modified_time":"2026-03-13T17:25:36+00:00","og_image":[{"url":"https:\/\/slt-2026.eclipse-dev.com\/wp-content\/uploads\/2026\/01\/land-trust-prescribed-burn.jpg","type":"","width":"","height":""}],"twitter_card":"summary_large_image","twitter_misc":{"Est. reading time":"3 minutes"},"schema":{"@context":"https:\/\/schema.org","@graph":[{"@type":"WebPage","@id":"https:\/\/sonomalandtrust.org\/es\/quemas-prescritas-y-notificaciones-de-humo\/","url":"https:\/\/sonomalandtrust.org\/es\/quemas-prescritas-y-notificaciones-de-humo\/","name":"Quemas prescritas &#8212; Sonoma Land Trust","isPartOf":{"@id":"https:\/\/slt-2026.eclipse-dev.com\/#website"},"primaryImageOfPage":{"@id":"https:\/\/sonomalandtrust.org\/es\/quemas-prescritas-y-notificaciones-de-humo\/#primaryimage"},"image":{"@id":"https:\/\/sonomalandtrust.org\/es\/quemas-prescritas-y-notificaciones-de-humo\/#primaryimage"},"thumbnailUrl":"https:\/\/sonomalandtrust.org\/wp-content\/uploads\/2026\/01\/land-trust-prescribed-burn.jpg","datePublished":"2025-09-12T00:30:58+00:00","dateModified":"2026-03-13T17:25:36+00:00","description":"Las quemas prescritas en el condado de Sonoma crean resistencia contra los incendios forestales. Inscr\u00edbete para recibir actualizaciones antes de las pr\u00f3ximas quemas prescritas.","breadcrumb":{"@id":"https:\/\/sonomalandtrust.org\/es\/quemas-prescritas-y-notificaciones-de-humo\/#breadcrumb"},"inLanguage":"es-ES","potentialAction":[{"@type":"ReadAction","target":["https:\/\/sonomalandtrust.org\/es\/quemas-prescritas-y-notificaciones-de-humo\/"]}]},{"@type":"ImageObject","inLanguage":"es-ES","@id":"https:\/\/sonomalandtrust.org\/es\/quemas-prescritas-y-notificaciones-de-humo\/#primaryimage","url":"https:\/\/sonomalandtrust.org\/wp-content\/uploads\/2026\/01\/land-trust-prescribed-burn.jpg","contentUrl":"https:\/\/sonomalandtrust.org\/wp-content\/uploads\/2026\/01\/land-trust-prescribed-burn.jpg"},{"@type":"BreadcrumbList","@id":"https:\/\/sonomalandtrust.org\/es\/quemas-prescritas-y-notificaciones-de-humo\/#breadcrumb","itemListElement":[{"@type":"ListItem","position":1,"name":"Home","item":"https:\/\/sonomalandtrust.org\/es\/inicio\/"},{"@type":"ListItem","position":2,"name":"Quemas prescritas"}]},{"@type":"WebSite","@id":"https:\/\/slt-2026.eclipse-dev.com\/#website","url":"https:\/\/slt-2026.eclipse-dev.com\/","name":"Sonoma Land Trust","description":"","publisher":{"@id":"https:\/\/slt-2026.eclipse-dev.com\/#organization"},"potentialAction":[{"@type":"SearchAction","target":{"@type":"EntryPoint","urlTemplate":"https:\/\/slt-2026.eclipse-dev.com\/?s={search_term_string}"},"query-input":{"@type":"PropertyValueSpecification","valueRequired":true,"valueName":"search_term_string"}}],"inLanguage":"es-ES"},{"@type":"Organization","@id":"https:\/\/slt-2026.eclipse-dev.com\/#organization","name":"Sonoma Land Trust","url":"https:\/\/slt-2026.eclipse-dev.com\/","logo":{"@type":"ImageObject","inLanguage":"es-ES","@id":"https:\/\/slt-2026.eclipse-dev.com\/#\/schema\/logo\/image\/","url":"https:\/\/sonomalandtrust.org\/wp-content\/uploads\/2025\/10\/slt-logo.png","contentUrl":"https:\/\/sonomalandtrust.org\/wp-content\/uploads\/2025\/10\/slt-logo.png","width":549,"height":333,"caption":"Sonoma Land Trust"},"image":{"@id":"https:\/\/slt-2026.eclipse-dev.com\/#\/schema\/logo\/image\/"},"sameAs":["http:\/\/www.facebook.com\/Sonoma-Land-Trust\/","https:\/\/www.instagram.com\/sonomalandtrust\/","https:\/\/bsky.app\/profile\/sonomalandtrust.bsky.social","https:\/\/www.youtube.com\/user\/SonomaLandTrust\/","http:\/\/www.linkedin.com\/company\/1090048?trk=tyah"]}]}},"_links":{"self":[{"href":"https:\/\/sonomalandtrust.org\/es\/wp-json\/wp\/v2\/pages\/10824","targetHints":{"allow":["GET"]}}],"collection":[{"href":"https:\/\/sonomalandtrust.org\/es\/wp-json\/wp\/v2\/pages"}],"about":[{"href":"https:\/\/sonomalandtrust.org\/es\/wp-json\/wp\/v2\/types\/page"}],"author":[{"embeddable":true,"href":"https:\/\/sonomalandtrust.org\/es\/wp-json\/wp\/v2\/users\/1"}],"replies":[{"embeddable":true,"href":"https:\/\/sonomalandtrust.org\/es\/wp-json\/wp\/v2\/comments?post=10824"}],"version-history":[{"count":0,"href":"https:\/\/sonomalandtrust.org\/es\/wp-json\/wp\/v2\/pages\/10824\/revisions"}],"wp:attachment":[{"href":"https:\/\/sonomalandtrust.org\/es\/wp-json\/wp\/v2\/media?parent=10824"}],"curies":[{"name":"wp","href":"https:\/\/api.w.org\/{rel}","templated":true}]}}