{"id":10750,"date":"2025-09-11T17:21:28","date_gmt":"2025-09-12T00:21:28","guid":{"rendered":"https:\/\/sonomalandtrust.org\/kit-de-prensa\/"},"modified":"2026-03-13T10:29:54","modified_gmt":"2026-03-13T17:29:54","slug":"kit-de-prensa","status":"publish","type":"page","link":"https:\/\/sonomalandtrust.org\/es\/kit-de-prensa\/","title":{"rendered":"Kit de prensa"},"content":{"rendered":"\n<div class=\"wp-block-group alignfull default-page-header-group is-layout-constrained wp-block-group-is-layout-constrained\">\n<h1 class=\"wp-block-heading\">Kit de prensa<\/h1>\n<\/div>\n\n<div class=\"wp-block-media-text is-stacked-on-mobile\"><figure class=\"wp-block-media-text__media\"><img decoding=\"async\" width=\"1024\" height=\"775\" src=\"https:\/\/sonomalandtrust.org\/wp-content\/uploads\/2026\/01\/openroad-episode-behind-the-scenes-sonoma-1024x775.jpg\" alt=\"\" class=\"wp-image-11594 size-full\" srcset=\"https:\/\/sonomalandtrust.org\/wp-content\/uploads\/2026\/01\/openroad-episode-behind-the-scenes-sonoma-1024x775.jpg 1024w, https:\/\/sonomalandtrust.org\/wp-content\/uploads\/2026\/01\/openroad-episode-behind-the-scenes-sonoma-300x227.jpg 300w, https:\/\/sonomalandtrust.org\/wp-content\/uploads\/2026\/01\/openroad-episode-behind-the-scenes-sonoma-768x581.jpg 768w, https:\/\/sonomalandtrust.org\/wp-content\/uploads\/2026\/01\/openroad-episode-behind-the-scenes-sonoma.jpg 1176w\" sizes=\"(max-width: 1024px) 100vw, 1024px\" \/><\/figure><div class=\"wp-block-media-text__content\">\n<h2 class=\"wp-block-heading has-blue-color has-text-color has-link-color wp-elements-40d5371e66bd0d0a7cebe8713e369aa1\">Recursos para periodistas y blogueros<\/h2>\n\n\n\n<p>Nuestro equipo estar\u00e1 encantado de proporcionar a los miembros de los medios de comunicaci\u00f3n materiales y apoyo para contar la historia de Sonoma Land Trust. Ponte en contacto con nosotros:   <\/p>\n\n\n\n<ul class=\"wp-block-list\">\n<li>Im\u00e1genes de alta calidad<\/li>\n\n\n\n<li>V\u00eddeos  <\/li>\n\n\n\n<li>Acceso a expertos en la materia para entrevistas<\/li>\n\n\n\n<li>Ideas para historias<\/li>\n<\/ul>\n\n\n\n<p>Env\u00edanos un correo electr\u00f3nico a <a href=\"mailto:info@sonomalandtrust.org\">info@sonomalandtrust.org<\/a><\/p>\n<\/div><\/div>\n\n<div class=\"wp-block-group is-layout-constrained wp-block-group-is-layout-constrained\" style=\"padding-top:var(--wp--preset--spacing--60);padding-bottom:var(--wp--preset--spacing--60)\">\n<div class=\"wp-block-group blog-single-blocks is-layout-grid wp-container-core-group-is-layout-988b637e wp-block-group-is-layout-grid\">  <div class=\"multicolor-card-with-link multicolor-card  has-teal-background-color\" id=\"a_4379954\">\n          <a href=\"https:\/\/sonomalandtrust.org\/impact-reports\/\" target=\"_self\" class=\"card-link-overlay\">\n        <img decoding=\"async\" width=\"768\" height=\"224\" src=\"https:\/\/sonomalandtrust.org\/wp-content\/uploads\/2026\/01\/eamon-scott.jpg\" class=\"attachment-large size-large\" alt=\"\" srcset=\"https:\/\/sonomalandtrust.org\/wp-content\/uploads\/2026\/01\/eamon-scott.jpg 768w, https:\/\/sonomalandtrust.org\/wp-content\/uploads\/2026\/01\/eamon-scott-300x88.jpg 300w\" sizes=\"(max-width: 768px) 100vw, 768px\" \/>    <div class=\"multicolor-card-content wp-block-group has-background\">\n      <h3 class=\"yellow-underline\">Impacto<br>Informe<\/h3>\n      <span class=\"green-arrow-no-text\"><\/span>\n    <\/div>\n          <\/a>\n      <\/div>\n\n\n  <div class=\"multicolor-card-with-link multicolor-card  has-green-background-color\" id=\"a_2848823\">\n          <a href=\"https:\/\/sonomalandtrust.org\/webinars-videos\/\" target=\"_self\" class=\"card-link-overlay\">\n        <img decoding=\"async\" width=\"768\" height=\"224\" src=\"https:\/\/sonomalandtrust.org\/wp-content\/uploads\/2026\/01\/black-bears.jpg\" class=\"attachment-large size-large\" alt=\"\" srcset=\"https:\/\/sonomalandtrust.org\/wp-content\/uploads\/2026\/01\/black-bears.jpg 768w, https:\/\/sonomalandtrust.org\/wp-content\/uploads\/2026\/01\/black-bears-300x88.jpg 300w\" sizes=\"(max-width: 768px) 100vw, 768px\" \/>    <div class=\"multicolor-card-content wp-block-group has-background\">\n      <h3 class=\"yellow-underline\">Mira nuestros v\u00eddeos<\/h3>\n      <span class=\"green-arrow-no-text\"><\/span>\n    <\/div>\n          <\/a>\n      <\/div>\n\n\n  <div class=\"multicolor-card-with-link multicolor-card  has-blue-background-color\" id=\"a_1853440\">\n          <a href=\"https:\/\/sonomalandtrust.org\/monthly-enews\/\" target=\"_self\" class=\"card-link-overlay\">\n        <img decoding=\"async\" width=\"768\" height=\"224\" src=\"https:\/\/sonomalandtrust.org\/wp-content\/uploads\/2026\/02\/barn-owl-tree.jpg\" class=\"attachment-large size-large\" alt=\"White barn owl in a tree, looking at the camera\" srcset=\"https:\/\/sonomalandtrust.org\/wp-content\/uploads\/2026\/02\/barn-owl-tree.jpg 768w, https:\/\/sonomalandtrust.org\/wp-content\/uploads\/2026\/02\/barn-owl-tree-300x88.jpg 300w\" sizes=\"(max-width: 768px) 100vw, 768px\" \/>    <div class=\"multicolor-card-content wp-block-group has-background\">\n      <h3 class=\"yellow-underline\">Noticias recientes<\/h3>\n      <span class=\"green-arrow-no-text\"><\/span>\n    <\/div>\n          <\/a>\n      <\/div>\n<\/div>\n<\/div>\n","protected":false},"excerpt":{"rendered":"","protected":false},"author":1,"featured_media":0,"parent":0,"menu_order":0,"comment_status":"open","ping_status":"open","template":"","meta":{"_acf_changed":false,"footnotes":""},"class_list":["post-10750","page","type-page","status-publish","hentry"],"acf":[],"yoast_head":"<!-- This site is optimized with the Yoast SEO plugin v27.3 - https:\/\/yoast.com\/product\/yoast-seo-wordpress\/ -->\n<title>Kit de prensa y recursos para la prensa - Sonoma Land Trust<\/title>\n<meta name=\"description\" content=\"Periodistas y blogueros: accede a fotos, v\u00eddeos, entrevistas a expertos e ideas para historias de Sonoma Land Trust. Env\u00edanos un correo electr\u00f3nico para empezar a contar historias de conservaci\u00f3n.\" \/>\n<meta name=\"robots\" content=\"index, follow, max-snippet:-1, max-image-preview:large, max-video-preview:-1\" \/>\n<link rel=\"canonical\" href=\"https:\/\/sonomalandtrust.org\/es\/kit-de-prensa\/\" \/>\n<meta property=\"og:locale\" content=\"es_ES\" \/>\n<meta property=\"og:type\" content=\"article\" \/>\n<meta property=\"og:title\" content=\"Kit de prensa y recursos para la prensa - Sonoma Land Trust\" \/>\n<meta property=\"og:description\" content=\"Periodistas y blogueros: accede a fotos, v\u00eddeos, entrevistas a expertos e ideas para historias de Sonoma Land Trust. Env\u00edanos un correo electr\u00f3nico para empezar a contar historias de conservaci\u00f3n.\" \/>\n<meta property=\"og:url\" content=\"https:\/\/sonomalandtrust.org\/es\/kit-de-prensa\/\" \/>\n<meta property=\"og:site_name\" content=\"Sonoma Land Trust\" \/>\n<meta property=\"article:publisher\" content=\"http:\/\/www.facebook.com\/Sonoma-Land-Trust\/\" \/>\n<meta property=\"article:modified_time\" content=\"2026-03-13T17:29:54+00:00\" \/>\n<meta property=\"og:image\" content=\"https:\/\/slt-2026.eclipse-dev.com\/wp-content\/uploads\/2026\/01\/openroad-episode-behind-the-scenes-sonoma-1024x775.jpg\" \/>\n<meta name=\"twitter:card\" content=\"summary_large_image\" \/>\n<script type=\"application\/ld+json\" class=\"yoast-schema-graph\">{\"@context\":\"https:\\\/\\\/schema.org\",\"@graph\":[{\"@type\":\"WebPage\",\"@id\":\"https:\\\/\\\/sonomalandtrust.org\\\/es\\\/kit-de-prensa\\\/\",\"url\":\"https:\\\/\\\/sonomalandtrust.org\\\/es\\\/kit-de-prensa\\\/\",\"name\":\"Kit de prensa y recursos para la prensa - Sonoma Land Trust\",\"isPartOf\":{\"@id\":\"https:\\\/\\\/slt-2026.eclipse-dev.com\\\/#website\"},\"primaryImageOfPage\":{\"@id\":\"https:\\\/\\\/sonomalandtrust.org\\\/es\\\/kit-de-prensa\\\/#primaryimage\"},\"image\":{\"@id\":\"https:\\\/\\\/sonomalandtrust.org\\\/es\\\/kit-de-prensa\\\/#primaryimage\"},\"thumbnailUrl\":\"https:\\\/\\\/sonomalandtrust.org\\\/wp-content\\\/uploads\\\/2026\\\/01\\\/openroad-episode-behind-the-scenes-sonoma-1024x775.jpg\",\"datePublished\":\"2025-09-12T00:21:28+00:00\",\"dateModified\":\"2026-03-13T17:29:54+00:00\",\"description\":\"Periodistas y blogueros: accede a fotos, v\u00eddeos, entrevistas a expertos e ideas para historias de Sonoma Land Trust. Env\u00edanos un correo electr\u00f3nico para empezar a contar historias de conservaci\u00f3n.\",\"breadcrumb\":{\"@id\":\"https:\\\/\\\/sonomalandtrust.org\\\/es\\\/kit-de-prensa\\\/#breadcrumb\"},\"inLanguage\":\"es\",\"potentialAction\":[{\"@type\":\"ReadAction\",\"target\":[\"https:\\\/\\\/sonomalandtrust.org\\\/es\\\/kit-de-prensa\\\/\"]}]},{\"@type\":\"ImageObject\",\"inLanguage\":\"es\",\"@id\":\"https:\\\/\\\/sonomalandtrust.org\\\/es\\\/kit-de-prensa\\\/#primaryimage\",\"url\":\"https:\\\/\\\/sonomalandtrust.org\\\/wp-content\\\/uploads\\\/2026\\\/01\\\/openroad-episode-behind-the-scenes-sonoma-1024x775.jpg\",\"contentUrl\":\"https:\\\/\\\/sonomalandtrust.org\\\/wp-content\\\/uploads\\\/2026\\\/01\\\/openroad-episode-behind-the-scenes-sonoma-1024x775.jpg\"},{\"@type\":\"BreadcrumbList\",\"@id\":\"https:\\\/\\\/sonomalandtrust.org\\\/es\\\/kit-de-prensa\\\/#breadcrumb\",\"itemListElement\":[{\"@type\":\"ListItem\",\"position\":1,\"name\":\"Home\",\"item\":\"https:\\\/\\\/sonomalandtrust.org\\\/es\\\/inicio\\\/\"},{\"@type\":\"ListItem\",\"position\":2,\"name\":\"Kit de prensa\"}]},{\"@type\":\"WebSite\",\"@id\":\"https:\\\/\\\/slt-2026.eclipse-dev.com\\\/#website\",\"url\":\"https:\\\/\\\/slt-2026.eclipse-dev.com\\\/\",\"name\":\"Sonoma Land Trust\",\"description\":\"\",\"publisher\":{\"@id\":\"https:\\\/\\\/slt-2026.eclipse-dev.com\\\/#organization\"},\"potentialAction\":[{\"@type\":\"SearchAction\",\"target\":{\"@type\":\"EntryPoint\",\"urlTemplate\":\"https:\\\/\\\/slt-2026.eclipse-dev.com\\\/?s={search_term_string}\"},\"query-input\":{\"@type\":\"PropertyValueSpecification\",\"valueRequired\":true,\"valueName\":\"search_term_string\"}}],\"inLanguage\":\"es\"},{\"@type\":\"Organization\",\"@id\":\"https:\\\/\\\/slt-2026.eclipse-dev.com\\\/#organization\",\"name\":\"Fondo de Tierras de Sonoma\",\"url\":\"https:\\\/\\\/slt-2026.eclipse-dev.com\\\/\",\"logo\":{\"@type\":\"ImageObject\",\"inLanguage\":\"es\",\"@id\":\"https:\\\/\\\/slt-2026.eclipse-dev.com\\\/#\\\/schema\\\/logo\\\/image\\\/\",\"url\":\"https:\\\/\\\/sonomalandtrust.org\\\/wp-content\\\/uploads\\\/2025\\\/10\\\/slt-logo.png\",\"contentUrl\":\"https:\\\/\\\/sonomalandtrust.org\\\/wp-content\\\/uploads\\\/2025\\\/10\\\/slt-logo.png\",\"width\":549,\"height\":333,\"caption\":\"Fondo de Tierras de Sonoma\"},\"image\":{\"@id\":\"https:\\\/\\\/slt-2026.eclipse-dev.com\\\/#\\\/schema\\\/logo\\\/image\\\/\"},\"sameAs\":[\"http:\\\/\\\/www.facebook.com\\\/Sonoma-Land-Trust\\\/\",\"https:\\\/\\\/www.instagram.com\\\/sonomalandtrust\\\/\",\"https:\\\/\\\/bsky.app\\\/profile\\\/sonomalandtrust.bsky.social\",\"https:\\\/\\\/www.youtube.com\\\/user\\\/SonomaLandTrust\\\/\",\"http:\\\/\\\/www.linkedin.com\\\/company\\\/1090048?trk=tyah\"]}]}<\/script>\n<!-- \/ Yoast SEO plugin. -->","yoast_head_json":{"title":"Kit de prensa y recursos para la prensa - Sonoma Land Trust","description":"Periodistas y blogueros: accede a fotos, v\u00eddeos, entrevistas a expertos e ideas para historias de Sonoma Land Trust. Env\u00edanos un correo electr\u00f3nico para empezar a contar historias de conservaci\u00f3n.","robots":{"index":"index","follow":"follow","max-snippet":"max-snippet:-1","max-image-preview":"max-image-preview:large","max-video-preview":"max-video-preview:-1"},"canonical":"https:\/\/sonomalandtrust.org\/es\/kit-de-prensa\/","og_locale":"es_ES","og_type":"article","og_title":"Kit de prensa y recursos para la prensa - Sonoma Land Trust","og_description":"Periodistas y blogueros: accede a fotos, v\u00eddeos, entrevistas a expertos e ideas para historias de Sonoma Land Trust. Env\u00edanos un correo electr\u00f3nico para empezar a contar historias de conservaci\u00f3n.","og_url":"https:\/\/sonomalandtrust.org\/es\/kit-de-prensa\/","og_site_name":"Sonoma Land Trust","article_publisher":"http:\/\/www.facebook.com\/Sonoma-Land-Trust\/","article_modified_time":"2026-03-13T17:29:54+00:00","og_image":[{"url":"https:\/\/slt-2026.eclipse-dev.com\/wp-content\/uploads\/2026\/01\/openroad-episode-behind-the-scenes-sonoma-1024x775.jpg","type":"","width":"","height":""}],"twitter_card":"summary_large_image","schema":{"@context":"https:\/\/schema.org","@graph":[{"@type":"WebPage","@id":"https:\/\/sonomalandtrust.org\/es\/kit-de-prensa\/","url":"https:\/\/sonomalandtrust.org\/es\/kit-de-prensa\/","name":"Kit de prensa y recursos para la prensa - Sonoma Land Trust","isPartOf":{"@id":"https:\/\/slt-2026.eclipse-dev.com\/#website"},"primaryImageOfPage":{"@id":"https:\/\/sonomalandtrust.org\/es\/kit-de-prensa\/#primaryimage"},"image":{"@id":"https:\/\/sonomalandtrust.org\/es\/kit-de-prensa\/#primaryimage"},"thumbnailUrl":"https:\/\/sonomalandtrust.org\/wp-content\/uploads\/2026\/01\/openroad-episode-behind-the-scenes-sonoma-1024x775.jpg","datePublished":"2025-09-12T00:21:28+00:00","dateModified":"2026-03-13T17:29:54+00:00","description":"Periodistas y blogueros: accede a fotos, v\u00eddeos, entrevistas a expertos e ideas para historias de Sonoma Land Trust. Env\u00edanos un correo electr\u00f3nico para empezar a contar historias de conservaci\u00f3n.","breadcrumb":{"@id":"https:\/\/sonomalandtrust.org\/es\/kit-de-prensa\/#breadcrumb"},"inLanguage":"es","potentialAction":[{"@type":"ReadAction","target":["https:\/\/sonomalandtrust.org\/es\/kit-de-prensa\/"]}]},{"@type":"ImageObject","inLanguage":"es","@id":"https:\/\/sonomalandtrust.org\/es\/kit-de-prensa\/#primaryimage","url":"https:\/\/sonomalandtrust.org\/wp-content\/uploads\/2026\/01\/openroad-episode-behind-the-scenes-sonoma-1024x775.jpg","contentUrl":"https:\/\/sonomalandtrust.org\/wp-content\/uploads\/2026\/01\/openroad-episode-behind-the-scenes-sonoma-1024x775.jpg"},{"@type":"BreadcrumbList","@id":"https:\/\/sonomalandtrust.org\/es\/kit-de-prensa\/#breadcrumb","itemListElement":[{"@type":"ListItem","position":1,"name":"Home","item":"https:\/\/sonomalandtrust.org\/es\/inicio\/"},{"@type":"ListItem","position":2,"name":"Kit de prensa"}]},{"@type":"WebSite","@id":"https:\/\/slt-2026.eclipse-dev.com\/#website","url":"https:\/\/slt-2026.eclipse-dev.com\/","name":"Sonoma Land Trust","description":"","publisher":{"@id":"https:\/\/slt-2026.eclipse-dev.com\/#organization"},"potentialAction":[{"@type":"SearchAction","target":{"@type":"EntryPoint","urlTemplate":"https:\/\/slt-2026.eclipse-dev.com\/?s={search_term_string}"},"query-input":{"@type":"PropertyValueSpecification","valueRequired":true,"valueName":"search_term_string"}}],"inLanguage":"es"},{"@type":"Organization","@id":"https:\/\/slt-2026.eclipse-dev.com\/#organization","name":"Fondo de Tierras de Sonoma","url":"https:\/\/slt-2026.eclipse-dev.com\/","logo":{"@type":"ImageObject","inLanguage":"es","@id":"https:\/\/slt-2026.eclipse-dev.com\/#\/schema\/logo\/image\/","url":"https:\/\/sonomalandtrust.org\/wp-content\/uploads\/2025\/10\/slt-logo.png","contentUrl":"https:\/\/sonomalandtrust.org\/wp-content\/uploads\/2025\/10\/slt-logo.png","width":549,"height":333,"caption":"Fondo de Tierras de Sonoma"},"image":{"@id":"https:\/\/slt-2026.eclipse-dev.com\/#\/schema\/logo\/image\/"},"sameAs":["http:\/\/www.facebook.com\/Sonoma-Land-Trust\/","https:\/\/www.instagram.com\/sonomalandtrust\/","https:\/\/bsky.app\/profile\/sonomalandtrust.bsky.social","https:\/\/www.youtube.com\/user\/SonomaLandTrust\/","http:\/\/www.linkedin.com\/company\/1090048?trk=tyah"]}]}},"_links":{"self":[{"href":"https:\/\/sonomalandtrust.org\/es\/wp-json\/wp\/v2\/pages\/10750","targetHints":{"allow":["GET"]}}],"collection":[{"href":"https:\/\/sonomalandtrust.org\/es\/wp-json\/wp\/v2\/pages"}],"about":[{"href":"https:\/\/sonomalandtrust.org\/es\/wp-json\/wp\/v2\/types\/page"}],"author":[{"embeddable":true,"href":"https:\/\/sonomalandtrust.org\/es\/wp-json\/wp\/v2\/users\/1"}],"replies":[{"embeddable":true,"href":"https:\/\/sonomalandtrust.org\/es\/wp-json\/wp\/v2\/comments?post=10750"}],"version-history":[{"count":0,"href":"https:\/\/sonomalandtrust.org\/es\/wp-json\/wp\/v2\/pages\/10750\/revisions"}],"wp:attachment":[{"href":"https:\/\/sonomalandtrust.org\/es\/wp-json\/wp\/v2\/media?parent=10750"}],"curies":[{"name":"wp","href":"https:\/\/api.w.org\/{rel}","templated":true}]}}