{"id":10712,"date":"2025-09-11T17:21:28","date_gmt":"2025-09-12T00:21:28","guid":{"rendered":"https:\/\/sonomalandtrust.org\/protegete-contra-los-incendios-forestales\/"},"modified":"2026-03-13T10:29:52","modified_gmt":"2026-03-13T17:29:52","slug":"protegete-contra-los-incendios-forestales","status":"publish","type":"page","link":"https:\/\/sonomalandtrust.org\/es\/protegete-contra-los-incendios-forestales\/","title":{"rendered":"Prot\u00e9gete contra los incendios forestales"},"content":{"rendered":"\n<div class=\"wp-block-group alignfull default-page-header-group is-layout-constrained wp-block-group-is-layout-constrained\">\n<h1 class=\"wp-block-heading\">Resistencia a los incendios forestales<\/h1>\n\n\n\n<p class=\"has-text-align-center header-intro-text has-green-color has-text-color has-link-color wp-elements-c892c95205baf64bf2ac2329fcf13687\">Los incendios forestales forman parte de la vida en el condado de Sonoma, pero podemos reforzar la capacidad de nuestra tierra para resistir y recuperarse. Aprende a reducir el riesgo de incendios forestales y mantente informado en el condado de Sonoma. <\/p>\n<\/div>\n\n\t<div style=\"margin-top:var(--wp--preset--spacing--70);margin-bottom:var(--wp--preset--spacing--50);\" class=\"section-heading section-divider-vertical has-text-align-center  align-text-left align-content-top align wp-block-acf-section-divider-vertical\">\n\n\n  <div class=\"acf-innerblocks-container\">\n\n<h2 class=\"wp-block-heading has-text-align-center has-teal-color has-text-color\">Consejos para vivir con un incendio forestal<\/h2>\n\n<\/div>\n\n<\/div>\n\n\n\n\n\n<div class=\"wp-block-group is-layout-grid wp-container-core-group-is-layout-a831b8a7 wp-block-group-is-layout-grid\" style=\"margin-top:0;margin-bottom:0\">\n<figure class=\"wp-block-image size-large is-style-no-border\"><img decoding=\"async\" width=\"1024\" height=\"634\" src=\"https:\/\/sonomalandtrust.org\/wp-content\/uploads\/2025\/12\/wildfire-preparedness-property-tips-1024x634.jpg\" alt=\"\" class=\"wp-image-7790\" srcset=\"https:\/\/sonomalandtrust.org\/wp-content\/uploads\/2025\/12\/wildfire-preparedness-property-tips-1024x634.jpg 1024w, https:\/\/sonomalandtrust.org\/wp-content\/uploads\/2025\/12\/wildfire-preparedness-property-tips-300x186.jpg 300w, https:\/\/sonomalandtrust.org\/wp-content\/uploads\/2025\/12\/wildfire-preparedness-property-tips-768x475.jpg 768w, https:\/\/sonomalandtrust.org\/wp-content\/uploads\/2025\/12\/wildfire-preparedness-property-tips.jpg 1176w\" sizes=\"(max-width: 1024px) 100vw, 1024px\" \/><figcaption class=\"wp-element-caption\">Foto \u00a9 Condado de Sonoma Energ\u00eda y Sostenibilidad<\/figcaption><\/figure>\n\n\n\n<div class=\"wp-block-group is-layout-constrained wp-block-group-is-layout-constrained\">\n<div data-wp-context=\"{ &quot;autoclose&quot;: true, &quot;accordionItems&quot;: [] }\" data-wp-interactive=\"core\/accordion\" role=\"group\" class=\"wp-block-accordion is-layout-flow wp-block-accordion-is-layout-flow\" style=\"margin-bottom:var(--wp--preset--spacing--50)\">\n<div data-wp-class--is-open=\"state.isOpen\" data-wp-context=\"{ &quot;id&quot;: &quot;accordion-item-1&quot;, &quot;openByDefault&quot;: false }\" data-wp-init=\"callbacks.initAccordionItems\" data-wp-on-window--hashchange=\"callbacks.hashChange\" class=\"wp-block-accordion-item is-layout-flow wp-block-accordion-item-is-layout-flow\">\n<h3 class=\"wp-block-accordion-heading\"><button aria-expanded=\"false\" aria-controls=\"accordion-item-1-panel\" data-wp-bind--aria-expanded=\"state.isOpen\" data-wp-on--click=\"actions.toggle\" data-wp-on--keydown=\"actions.handleKeyDown\" id=\"accordion-item-1\" class=\"wp-block-accordion-heading__toggle\"><span class=\"wp-block-accordion-heading__toggle-title\">Conoce tu zona de evacuaci\u00f3n y a tus vecinos<\/span><span class=\"wp-block-accordion-heading__toggle-icon\" aria-hidden=\"true\">+<\/span><\/button><\/h3>\n\n\n\n<div inert aria-labelledby=\"accordion-item-1\" data-wp-bind--inert=\"!state.isOpen\" id=\"accordion-item-1-panel\" role=\"region\" class=\"wp-block-accordion-panel is-layout-flow wp-block-accordion-panel-is-layout-flow\">\n<p>T\u00f3mate tu tiempo para conocer la zona de evacuaci\u00f3n de tu casa, lugar de trabajo y otros lugares que frecuentas. Esto ayuda a que el proceso de evacuaci\u00f3n sea r\u00e1pido y fluido. Adem\u00e1s, conoce a tus vecinos para poder compartir informaci\u00f3n en caso de emergencia.    <\/p>\n\n\n\n<p class=\"is-style-semi-bold\"><a href=\"https:\/\/www.firesafesonoma.org\/category\/prepare-yourself\/\" type=\"link\" id=\"https:\/\/www.firesafesonoma.org\/category\/prepare-yourself\/\" target=\"_blank\" rel=\"noreferrer noopener\">OBTENER RECURSOS<\/a><\/p>\n<\/div>\n<\/div>\n\n\n\n<div data-wp-class--is-open=\"state.isOpen\" data-wp-context=\"{ &quot;id&quot;: &quot;accordion-item-2&quot;, &quot;openByDefault&quot;: false }\" data-wp-init=\"callbacks.initAccordionItems\" data-wp-on-window--hashchange=\"callbacks.hashChange\" class=\"wp-block-accordion-item is-layout-flow wp-block-accordion-item-is-layout-flow\">\n<h3 class=\"wp-block-accordion-heading\"><button aria-expanded=\"false\" aria-controls=\"accordion-item-2-panel\" data-wp-bind--aria-expanded=\"state.isOpen\" data-wp-on--click=\"actions.toggle\" data-wp-on--keydown=\"actions.handleKeyDown\" id=\"accordion-item-2\" class=\"wp-block-accordion-heading__toggle\"><span class=\"wp-block-accordion-heading__toggle-title\">Prepara tu propiedad con espacios defendibles<\/span><span class=\"wp-block-accordion-heading__toggle-icon\" aria-hidden=\"true\">+<\/span><\/button><\/h3>\n\n\n\n<div inert aria-labelledby=\"accordion-item-2\" data-wp-bind--inert=\"!state.isOpen\" id=\"accordion-item-2-panel\" role=\"region\" class=\"wp-block-accordion-panel is-layout-flow wp-block-accordion-panel-is-layout-flow\">\n<p>El espacio defendible crea un amortiguador entre tu casa y la zona silvestre, que puede ayudar a ralentizar o detener la propagaci\u00f3n del fuego. Empieza por eliminar las malas hierbas, la maleza y otra vegetaci\u00f3n de la zona situada a 1,5 m de tu casa. Despu\u00e9s, crea caminos incombustibles y grava hasta 30 metros de distancia.    <\/p>\n\n\n\n<p class=\"is-style-semi-bold\"><a href=\"https:\/\/www.firesafesonoma.org\/defensible-space\/\" target=\"_blank\" rel=\"noreferrer noopener\">VISITA EL SITIO<\/a><\/p>\n<\/div>\n<\/div>\n\n\n\n<div data-wp-class--is-open=\"state.isOpen\" data-wp-context=\"{ &quot;id&quot;: &quot;accordion-item-3&quot;, &quot;openByDefault&quot;: false }\" data-wp-init=\"callbacks.initAccordionItems\" data-wp-on-window--hashchange=\"callbacks.hashChange\" class=\"wp-block-accordion-item is-layout-flow wp-block-accordion-item-is-layout-flow\">\n<h3 class=\"wp-block-accordion-heading\"><button aria-expanded=\"false\" aria-controls=\"accordion-item-3-panel\" data-wp-bind--aria-expanded=\"state.isOpen\" data-wp-on--click=\"actions.toggle\" data-wp-on--keydown=\"actions.handleKeyDown\" id=\"accordion-item-3\" class=\"wp-block-accordion-heading__toggle\"><span class=\"wp-block-accordion-heading__toggle-title\">Paisajismo con plantas aut\u00f3ctonas de California<\/span><span class=\"wp-block-accordion-heading__toggle-icon\" aria-hidden=\"true\">+<\/span><\/button><\/h3>\n\n\n\n<div inert aria-labelledby=\"accordion-item-3\" data-wp-bind--inert=\"!state.isOpen\" id=\"accordion-item-3-panel\" role=\"region\" class=\"wp-block-accordion-panel is-layout-flow wp-block-accordion-panel-is-layout-flow\">\n<p>Un paisaje resiliente es respetuoso con el fuego, el agua y fomenta la biodiversidad. Utilizar plantas aut\u00f3ctonas y ajardinar con una ubicaci\u00f3n adecuada hace que tu propiedad sea menos vulnerable al fuego, reduce la posibilidad de ignici\u00f3n y disminuye la intensidad del incendio.   <\/p>\n\n\n\n<p class=\"is-style-semi-bold\"><a href=\"https:\/\/tendingtheland.org\/\">APRENDE C\u00d3MO<\/a><\/p>\n<\/div>\n<\/div>\n<\/div>\n<\/div>\n<\/div>\n\n<div class=\"wp-block-group alignfull has-yellow-screened-background-color has-background is-layout-constrained wp-block-group-is-layout-constrained\" style=\"margin-top:var(--wp--preset--spacing--60);margin-bottom:0;padding-top:var(--wp--preset--spacing--70);padding-bottom:196px\">\n\t<div class=\"section-heading section-divider-vertical has-text-align-center  align-text-left align-content-top align wp-block-acf-section-divider-vertical\">\n\n\n  <div class=\"acf-innerblocks-container\">\n\n<h2 class=\"wp-block-heading has-text-align-center has-teal-color has-text-color\">Recursos adicionales<\/h2>\n\n<\/div>\n\n<\/div>\n\n\n\n\n\n\n\n<div class=\"wp-block-group is-layout-grid wp-container-core-group-is-layout-b757edec wp-block-group-is-layout-grid\">\n<div class=\"wp-block-group is-style-yellow-border last-item-to-bottom has-white-background-color has-background is-layout-constrained wp-block-group-is-layout-constrained\">\n<h2 class=\"wp-block-heading has-teal-color has-text-color has-link-color wp-elements-dd1a123bc60de77068c03e0ec16f20ae\">Elaborar un plan de custodia del territorio<\/h2>\n\n\n\n<p>Cuidar la Tierra ofrece recursos completos para los propietarios que quieran aplicar principios de gesti\u00f3n ecol\u00f3gicos a los bosques y praderas.<\/p>\n\n\n\n<div class=\"wp-block-buttons is-layout-flex wp-block-buttons-is-layout-flex\">\n<div class=\"wp-block-button is-style-primary-external\"><a class=\"wp-block-button__link wp-element-button\" href=\"https:\/\/tendingtheland.org\/plan-2\/\" target=\"_blank\" rel=\"noreferrer noopener\">Conseguir recursos<\/a><\/div>\n<\/div>\n<\/div>\n\n\n\n<div class=\"wp-block-group is-style-yellow-border last-item-to-bottom has-white-background-color has-background is-layout-constrained wp-block-group-is-layout-constrained\">\n<h2 class=\"wp-block-heading has-teal-color has-text-color has-link-color wp-elements-6778ac678001269de39e2d2b669754a4\">Informaci\u00f3n de Cultivar la tierra<\/h2>\n\n\n\n<p>Tending the Land, un esfuerzo conjunto de expertos y organizaciones locales, ofrece recursos de resistencia al fuego para todos los que viven o trabajan en el condado de Sonoma.<\/p>\n\n\n\n<div class=\"wp-block-buttons is-layout-flex wp-block-buttons-is-layout-flex\">\n<div class=\"wp-block-button is-style-primary-external\"><a class=\"wp-block-button__link wp-element-button\" href=\"https:\/\/tendingtheland.org\/\" target=\"_blank\" rel=\"noreferrer noopener\">Visita el sitio<\/a><\/div>\n<\/div>\n<\/div>\n\n\n\n<div class=\"wp-block-group is-style-yellow-border last-item-to-bottom has-white-background-color has-background is-layout-constrained wp-block-group-is-layout-constrained\">\n<h2 class=\"wp-block-heading has-teal-color has-text-color has-link-color wp-elements-a5150f2f1a451715d103bb9eb8289ed3\">\u00bfQu\u00e9 es un buen fuego?<\/h2>\n\n\n\n<p>La quema prescrita es una de las herramientas m\u00e1s importantes que tenemos para restablecer el equilibrio forestal y evitar incendios catastr\u00f3ficos. Sonoma Land Trust aplica buenas pr\u00e1cticas contra incendios en todo el condado y en nuestras reservas. Nuestros vecinos disponen de alertas de humo para recibir notificaciones por adelantado.  <\/p>\n\n\n\n<div class=\"wp-block-buttons is-layout-flex wp-block-buttons-is-layout-flex\">\n<div class=\"wp-block-button\"><a class=\"wp-block-button__link wp-element-button\" href=\"https:\/\/sonomalandtrust.org\/es\/quemas-prescritas-y-notificaciones-de-humo\/\">Recibir notificaciones<\/a><\/div>\n<\/div>\n<\/div>\n\n\n\n<div class=\"wp-block-group is-style-yellow-border last-item-to-bottom has-white-background-color has-background is-layout-constrained wp-block-group-is-layout-constrained\">\n<h2 class=\"wp-block-heading has-teal-color has-text-color has-link-color wp-elements-80f358308624d78ee1f784ff42424620\">Consigue la aplicaci\u00f3n Watch Duty<\/h2>\n\n\n\n<p>Recibe alertas sobre incendios forestales cercanos, incendios prescritos y esfuerzos de extinci\u00f3n en tiempo real en esta aplicaci\u00f3n gratuita, disponible en App Store, Google Play o para tu navegador web.<\/p>\n\n\n\n<div class=\"wp-block-buttons is-layout-flex wp-block-buttons-is-layout-flex\">\n<div class=\"wp-block-button is-style-primary-external\"><a class=\"wp-block-button__link wp-element-button\" href=\"https:\/\/www.watchduty.org\/\" target=\"_blank\" rel=\"noreferrer noopener\">Descarga la App<\/a><\/div>\n<\/div>\n<\/div>\n<\/div>\n<\/div>\n","protected":false},"excerpt":{"rendered":"<p>Los incendios forestales forman parte de la vida en el condado de Sonoma, pero podemos reforzar la capacidad de nuestra tierra para resistir y recuperarse. Aprende a reducir el riesgo de incendios forestales y mantente informado en el condado de Sonoma. Cuidar la Tierra ofrece recursos completos para los propietarios que quieran aplicar principios de [&hellip;]<\/p>\n","protected":false},"author":1,"featured_media":0,"parent":0,"menu_order":0,"comment_status":"open","ping_status":"open","template":"","meta":{"_acf_changed":false,"footnotes":""},"class_list":["post-10712","page","type-page","status-publish","hentry"],"acf":[],"yoast_head":"<!-- This site is optimized with the Yoast SEO plugin v27.3 - https:\/\/yoast.com\/product\/yoast-seo-wordpress\/ -->\n<title>Mejorar la resistencia a los incendios forestales - Sonoma Land Trust<\/title>\n<meta name=\"description\" content=\"Mejora la resistencia a los incendios forestales en el condado de Sonoma: consejos sobre espacios defendibles, plantas aut\u00f3ctonas, informaci\u00f3n sobre incendios prescritos y alertas en tiempo real para tu propiedad.\" \/>\n<meta name=\"robots\" content=\"index, follow, max-snippet:-1, max-image-preview:large, max-video-preview:-1\" \/>\n<link rel=\"canonical\" href=\"https:\/\/sonomalandtrust.org\/es\/protegete-contra-los-incendios-forestales\/\" \/>\n<meta property=\"og:locale\" content=\"es_ES\" \/>\n<meta property=\"og:type\" content=\"article\" \/>\n<meta property=\"og:title\" content=\"Mejorar la resistencia a los incendios forestales - Sonoma Land Trust\" \/>\n<meta property=\"og:description\" content=\"Mejora la resistencia a los incendios forestales en el condado de Sonoma: consejos sobre espacios defendibles, plantas aut\u00f3ctonas, informaci\u00f3n sobre incendios prescritos y alertas en tiempo real para tu propiedad.\" \/>\n<meta property=\"og:url\" content=\"https:\/\/sonomalandtrust.org\/es\/protegete-contra-los-incendios-forestales\/\" \/>\n<meta property=\"og:site_name\" content=\"Sonoma Land Trust\" \/>\n<meta property=\"article:publisher\" content=\"http:\/\/www.facebook.com\/Sonoma-Land-Trust\/\" \/>\n<meta property=\"article:modified_time\" content=\"2026-03-13T17:29:52+00:00\" \/>\n<meta property=\"og:image\" content=\"https:\/\/slt-2026.eclipse-dev.com\/wp-content\/uploads\/2025\/12\/wildfire-preparedness-property-tips-1024x634.jpg\" \/>\n<meta name=\"twitter:card\" content=\"summary_large_image\" \/>\n<meta name=\"twitter:label1\" content=\"Est. reading time\" \/>\n\t<meta name=\"twitter:data1\" content=\"2 minuto\" \/>\n<script type=\"application\/ld+json\" class=\"yoast-schema-graph\">{\"@context\":\"https:\\\/\\\/schema.org\",\"@graph\":[{\"@type\":\"WebPage\",\"@id\":\"https:\\\/\\\/sonomalandtrust.org\\\/es\\\/protegete-contra-los-incendios-forestales\\\/\",\"url\":\"https:\\\/\\\/sonomalandtrust.org\\\/es\\\/protegete-contra-los-incendios-forestales\\\/\",\"name\":\"Mejorar la resistencia a los incendios forestales - Sonoma Land Trust\",\"isPartOf\":{\"@id\":\"https:\\\/\\\/slt-2026.eclipse-dev.com\\\/#website\"},\"primaryImageOfPage\":{\"@id\":\"https:\\\/\\\/sonomalandtrust.org\\\/es\\\/protegete-contra-los-incendios-forestales\\\/#primaryimage\"},\"image\":{\"@id\":\"https:\\\/\\\/sonomalandtrust.org\\\/es\\\/protegete-contra-los-incendios-forestales\\\/#primaryimage\"},\"thumbnailUrl\":\"https:\\\/\\\/sonomalandtrust.org\\\/wp-content\\\/uploads\\\/2025\\\/12\\\/wildfire-preparedness-property-tips-1024x634.jpg\",\"datePublished\":\"2025-09-12T00:21:28+00:00\",\"dateModified\":\"2026-03-13T17:29:52+00:00\",\"description\":\"Mejora la resistencia a los incendios forestales en el condado de Sonoma: consejos sobre espacios defendibles, plantas aut\u00f3ctonas, informaci\u00f3n sobre incendios prescritos y alertas en tiempo real para tu propiedad.\",\"breadcrumb\":{\"@id\":\"https:\\\/\\\/sonomalandtrust.org\\\/es\\\/protegete-contra-los-incendios-forestales\\\/#breadcrumb\"},\"inLanguage\":\"es\",\"potentialAction\":[{\"@type\":\"ReadAction\",\"target\":[\"https:\\\/\\\/sonomalandtrust.org\\\/es\\\/protegete-contra-los-incendios-forestales\\\/\"]}]},{\"@type\":\"ImageObject\",\"inLanguage\":\"es\",\"@id\":\"https:\\\/\\\/sonomalandtrust.org\\\/es\\\/protegete-contra-los-incendios-forestales\\\/#primaryimage\",\"url\":\"https:\\\/\\\/sonomalandtrust.org\\\/wp-content\\\/uploads\\\/2025\\\/12\\\/wildfire-preparedness-property-tips-1024x634.jpg\",\"contentUrl\":\"https:\\\/\\\/sonomalandtrust.org\\\/wp-content\\\/uploads\\\/2025\\\/12\\\/wildfire-preparedness-property-tips-1024x634.jpg\"},{\"@type\":\"BreadcrumbList\",\"@id\":\"https:\\\/\\\/sonomalandtrust.org\\\/es\\\/protegete-contra-los-incendios-forestales\\\/#breadcrumb\",\"itemListElement\":[{\"@type\":\"ListItem\",\"position\":1,\"name\":\"Home\",\"item\":\"https:\\\/\\\/sonomalandtrust.org\\\/es\\\/inicio\\\/\"},{\"@type\":\"ListItem\",\"position\":2,\"name\":\"Prot\u00e9gete contra los incendios forestales\"}]},{\"@type\":\"WebSite\",\"@id\":\"https:\\\/\\\/slt-2026.eclipse-dev.com\\\/#website\",\"url\":\"https:\\\/\\\/slt-2026.eclipse-dev.com\\\/\",\"name\":\"Sonoma Land Trust\",\"description\":\"\",\"publisher\":{\"@id\":\"https:\\\/\\\/slt-2026.eclipse-dev.com\\\/#organization\"},\"potentialAction\":[{\"@type\":\"SearchAction\",\"target\":{\"@type\":\"EntryPoint\",\"urlTemplate\":\"https:\\\/\\\/slt-2026.eclipse-dev.com\\\/?s={search_term_string}\"},\"query-input\":{\"@type\":\"PropertyValueSpecification\",\"valueRequired\":true,\"valueName\":\"search_term_string\"}}],\"inLanguage\":\"es\"},{\"@type\":\"Organization\",\"@id\":\"https:\\\/\\\/slt-2026.eclipse-dev.com\\\/#organization\",\"name\":\"Fondo de Tierras de Sonoma\",\"url\":\"https:\\\/\\\/slt-2026.eclipse-dev.com\\\/\",\"logo\":{\"@type\":\"ImageObject\",\"inLanguage\":\"es\",\"@id\":\"https:\\\/\\\/slt-2026.eclipse-dev.com\\\/#\\\/schema\\\/logo\\\/image\\\/\",\"url\":\"https:\\\/\\\/sonomalandtrust.org\\\/wp-content\\\/uploads\\\/2025\\\/10\\\/slt-logo.png\",\"contentUrl\":\"https:\\\/\\\/sonomalandtrust.org\\\/wp-content\\\/uploads\\\/2025\\\/10\\\/slt-logo.png\",\"width\":549,\"height\":333,\"caption\":\"Fondo de Tierras de Sonoma\"},\"image\":{\"@id\":\"https:\\\/\\\/slt-2026.eclipse-dev.com\\\/#\\\/schema\\\/logo\\\/image\\\/\"},\"sameAs\":[\"http:\\\/\\\/www.facebook.com\\\/Sonoma-Land-Trust\\\/\",\"https:\\\/\\\/www.instagram.com\\\/sonomalandtrust\\\/\",\"https:\\\/\\\/bsky.app\\\/profile\\\/sonomalandtrust.bsky.social\",\"https:\\\/\\\/www.youtube.com\\\/user\\\/SonomaLandTrust\\\/\",\"http:\\\/\\\/www.linkedin.com\\\/company\\\/1090048?trk=tyah\"]}]}<\/script>\n<!-- \/ Yoast SEO plugin. -->","yoast_head_json":{"title":"Mejorar la resistencia a los incendios forestales - Sonoma Land Trust","description":"Mejora la resistencia a los incendios forestales en el condado de Sonoma: consejos sobre espacios defendibles, plantas aut\u00f3ctonas, informaci\u00f3n sobre incendios prescritos y alertas en tiempo real para tu propiedad.","robots":{"index":"index","follow":"follow","max-snippet":"max-snippet:-1","max-image-preview":"max-image-preview:large","max-video-preview":"max-video-preview:-1"},"canonical":"https:\/\/sonomalandtrust.org\/es\/protegete-contra-los-incendios-forestales\/","og_locale":"es_ES","og_type":"article","og_title":"Mejorar la resistencia a los incendios forestales - Sonoma Land Trust","og_description":"Mejora la resistencia a los incendios forestales en el condado de Sonoma: consejos sobre espacios defendibles, plantas aut\u00f3ctonas, informaci\u00f3n sobre incendios prescritos y alertas en tiempo real para tu propiedad.","og_url":"https:\/\/sonomalandtrust.org\/es\/protegete-contra-los-incendios-forestales\/","og_site_name":"Sonoma Land Trust","article_publisher":"http:\/\/www.facebook.com\/Sonoma-Land-Trust\/","article_modified_time":"2026-03-13T17:29:52+00:00","og_image":[{"url":"https:\/\/slt-2026.eclipse-dev.com\/wp-content\/uploads\/2025\/12\/wildfire-preparedness-property-tips-1024x634.jpg","type":"","width":"","height":""}],"twitter_card":"summary_large_image","twitter_misc":{"Est. reading time":"2 minuto"},"schema":{"@context":"https:\/\/schema.org","@graph":[{"@type":"WebPage","@id":"https:\/\/sonomalandtrust.org\/es\/protegete-contra-los-incendios-forestales\/","url":"https:\/\/sonomalandtrust.org\/es\/protegete-contra-los-incendios-forestales\/","name":"Mejorar la resistencia a los incendios forestales - Sonoma Land Trust","isPartOf":{"@id":"https:\/\/slt-2026.eclipse-dev.com\/#website"},"primaryImageOfPage":{"@id":"https:\/\/sonomalandtrust.org\/es\/protegete-contra-los-incendios-forestales\/#primaryimage"},"image":{"@id":"https:\/\/sonomalandtrust.org\/es\/protegete-contra-los-incendios-forestales\/#primaryimage"},"thumbnailUrl":"https:\/\/sonomalandtrust.org\/wp-content\/uploads\/2025\/12\/wildfire-preparedness-property-tips-1024x634.jpg","datePublished":"2025-09-12T00:21:28+00:00","dateModified":"2026-03-13T17:29:52+00:00","description":"Mejora la resistencia a los incendios forestales en el condado de Sonoma: consejos sobre espacios defendibles, plantas aut\u00f3ctonas, informaci\u00f3n sobre incendios prescritos y alertas en tiempo real para tu propiedad.","breadcrumb":{"@id":"https:\/\/sonomalandtrust.org\/es\/protegete-contra-los-incendios-forestales\/#breadcrumb"},"inLanguage":"es","potentialAction":[{"@type":"ReadAction","target":["https:\/\/sonomalandtrust.org\/es\/protegete-contra-los-incendios-forestales\/"]}]},{"@type":"ImageObject","inLanguage":"es","@id":"https:\/\/sonomalandtrust.org\/es\/protegete-contra-los-incendios-forestales\/#primaryimage","url":"https:\/\/sonomalandtrust.org\/wp-content\/uploads\/2025\/12\/wildfire-preparedness-property-tips-1024x634.jpg","contentUrl":"https:\/\/sonomalandtrust.org\/wp-content\/uploads\/2025\/12\/wildfire-preparedness-property-tips-1024x634.jpg"},{"@type":"BreadcrumbList","@id":"https:\/\/sonomalandtrust.org\/es\/protegete-contra-los-incendios-forestales\/#breadcrumb","itemListElement":[{"@type":"ListItem","position":1,"name":"Home","item":"https:\/\/sonomalandtrust.org\/es\/inicio\/"},{"@type":"ListItem","position":2,"name":"Prot\u00e9gete contra los incendios forestales"}]},{"@type":"WebSite","@id":"https:\/\/slt-2026.eclipse-dev.com\/#website","url":"https:\/\/slt-2026.eclipse-dev.com\/","name":"Sonoma Land Trust","description":"","publisher":{"@id":"https:\/\/slt-2026.eclipse-dev.com\/#organization"},"potentialAction":[{"@type":"SearchAction","target":{"@type":"EntryPoint","urlTemplate":"https:\/\/slt-2026.eclipse-dev.com\/?s={search_term_string}"},"query-input":{"@type":"PropertyValueSpecification","valueRequired":true,"valueName":"search_term_string"}}],"inLanguage":"es"},{"@type":"Organization","@id":"https:\/\/slt-2026.eclipse-dev.com\/#organization","name":"Fondo de Tierras de Sonoma","url":"https:\/\/slt-2026.eclipse-dev.com\/","logo":{"@type":"ImageObject","inLanguage":"es","@id":"https:\/\/slt-2026.eclipse-dev.com\/#\/schema\/logo\/image\/","url":"https:\/\/sonomalandtrust.org\/wp-content\/uploads\/2025\/10\/slt-logo.png","contentUrl":"https:\/\/sonomalandtrust.org\/wp-content\/uploads\/2025\/10\/slt-logo.png","width":549,"height":333,"caption":"Fondo de Tierras de Sonoma"},"image":{"@id":"https:\/\/slt-2026.eclipse-dev.com\/#\/schema\/logo\/image\/"},"sameAs":["http:\/\/www.facebook.com\/Sonoma-Land-Trust\/","https:\/\/www.instagram.com\/sonomalandtrust\/","https:\/\/bsky.app\/profile\/sonomalandtrust.bsky.social","https:\/\/www.youtube.com\/user\/SonomaLandTrust\/","http:\/\/www.linkedin.com\/company\/1090048?trk=tyah"]}]}},"_links":{"self":[{"href":"https:\/\/sonomalandtrust.org\/es\/wp-json\/wp\/v2\/pages\/10712","targetHints":{"allow":["GET"]}}],"collection":[{"href":"https:\/\/sonomalandtrust.org\/es\/wp-json\/wp\/v2\/pages"}],"about":[{"href":"https:\/\/sonomalandtrust.org\/es\/wp-json\/wp\/v2\/types\/page"}],"author":[{"embeddable":true,"href":"https:\/\/sonomalandtrust.org\/es\/wp-json\/wp\/v2\/users\/1"}],"replies":[{"embeddable":true,"href":"https:\/\/sonomalandtrust.org\/es\/wp-json\/wp\/v2\/comments?post=10712"}],"version-history":[{"count":0,"href":"https:\/\/sonomalandtrust.org\/es\/wp-json\/wp\/v2\/pages\/10712\/revisions"}],"wp:attachment":[{"href":"https:\/\/sonomalandtrust.org\/es\/wp-json\/wp\/v2\/media?parent=10712"}],"curies":[{"name":"wp","href":"https:\/\/api.w.org\/{rel}","templated":true}]}}