{"id":10696,"date":"2025-09-11T17:21:28","date_gmt":"2025-09-12T00:21:28","guid":{"rendered":"https:\/\/sonomalandtrust.org\/blog\/"},"modified":"2026-04-17T10:40:44","modified_gmt":"2026-04-17T17:40:44","slug":"blog","status":"publish","type":"page","link":"https:\/\/sonomalandtrust.org\/es\/blog\/","title":{"rendered":"Blog"},"content":{"rendered":"\n<div class=\"wp-block-group alignfull default-page-header-group is-layout-constrained wp-block-group-is-layout-constrained\">\n<h1 class=\"wp-block-heading\">Blog<\/h1>\n<\/div>\n\n\t<div style=\"margin-top:var(--wp--preset--spacing--40);margin-bottom:0;\" class=\"section-heading section-divider-vertical has-text-align-center  align-text-left align-content-top align wp-block-acf-section-divider-vertical\">\n\n\n  <div class=\"acf-innerblocks-container\">\n\n<h2 class=\"wp-block-heading has-text-align-center has-teal-color has-text-color\">Historias destacadas<\/h2>\n\n<\/div>\n\n<\/div>\n\n\n\n\n<div class=\"featured-blog-posts\">\n<div class=\"teaser-outer\">\n<div class=\"teaser teaser--post teaser-grid\" id=\"post-13985\">\n\t<div class=\"teaser--featured_image\">\n\t\t<a href=\"https:\/\/sonomalandtrust.org\/es\/blog\/sonoma-en-flor-guia-de-flores-silvestres-en-primavera\/\" tabindex=\"-1\">\n\t\t\t<img decoding=\"async\" width=\"1024\" height=\"634\" src=\"https:\/\/sonomalandtrust.org\/wp-content\/uploads\/2026\/02\/seven-wildflowers-sonoma-county-1024x634.jpg\" class=\"attachment-large size-large wp-post-image\" alt=\"Siete flores silvestres del condado de Sonoma\" srcset=\"https:\/\/sonomalandtrust.org\/wp-content\/uploads\/2026\/02\/seven-wildflowers-sonoma-county-1024x634.jpg 1024w, https:\/\/sonomalandtrust.org\/wp-content\/uploads\/2026\/02\/seven-wildflowers-sonoma-county-300x186.jpg 300w, https:\/\/sonomalandtrust.org\/wp-content\/uploads\/2026\/02\/seven-wildflowers-sonoma-county-768x476.jpg 768w, https:\/\/sonomalandtrust.org\/wp-content\/uploads\/2026\/02\/seven-wildflowers-sonoma-county-1536x952.jpg 1536w, https:\/\/sonomalandtrust.org\/wp-content\/uploads\/2026\/02\/seven-wildflowers-sonoma-county.jpg 1556w\" sizes=\"(max-width: 1024px) 100vw, 1024px\" \/>\t\t\t<span class=\"sr-only\">Sonoma en flor: gu\u00eda de flores silvestres en primavera<\/span>\n      <div class=\"light-blue-torn-paper\"><\/div>\n\t\t<\/a>\n\t<\/div>\n\n\t<div class=\"post_content\">\n\t\t<div class=\"teaser--post-meta post-meta\">\n\t\t\t\t\t\t<p class=\"post-date\">\n\t\t\t\tabril 19, 2026\t\t\t<\/p>\n\t\t<\/div>\n\t\t<p class=\"teaser--title\">\n\t\t\t<a href=\"https:\/\/sonomalandtrust.org\/es\/blog\/sonoma-en-flor-guia-de-flores-silvestres-en-primavera\/\">Sonoma en flor: gu\u00eda de flores silvestres en primavera<\/a>\n\t\t<\/p>\n\t\t<div class=\"teaser--excerpt\">\n\t\t\t\t\t\t\tHa llegado la primavera, \u00a1y las colinas del condado de Sonoma rebosan de color! Ahora es el momento perfecto para&#8230;\t\t<\/div>\n      <div class=\"light-blue-torn-paper\"><\/div>\n\n\t<\/div>\n<\/div>\n<\/div><div class=\"teaser-outer\">\n<div class=\"teaser teaser--post teaser-grid\" id=\"post-14745\">\n\t<div class=\"teaser--featured_image\">\n\t\t<a href=\"https:\/\/sonomalandtrust.org\/es\/blog\/un-momento-dorado-para-la-naturaleza-el-sonoma-land-trust-cumple-50-anos\/\" tabindex=\"-1\">\n\t\t\t<img decoding=\"async\" width=\"1024\" height=\"683\" src=\"https:\/\/sonomalandtrust.org\/wp-content\/uploads\/2026\/03\/joan-vilms-1024x683.jpg\" class=\"attachment-large size-large wp-post-image\" alt=\"Joan Vilms sosteniendo plantas con amapolas cerca.\" srcset=\"https:\/\/sonomalandtrust.org\/wp-content\/uploads\/2026\/03\/joan-vilms-1024x683.jpg 1024w, https:\/\/sonomalandtrust.org\/wp-content\/uploads\/2026\/03\/joan-vilms-300x200.jpg 300w, https:\/\/sonomalandtrust.org\/wp-content\/uploads\/2026\/03\/joan-vilms-768x512.jpg 768w, https:\/\/sonomalandtrust.org\/wp-content\/uploads\/2026\/03\/joan-vilms-1536x1024.jpg 1536w, https:\/\/sonomalandtrust.org\/wp-content\/uploads\/2026\/03\/joan-vilms.jpg 1800w\" sizes=\"(max-width: 1024px) 100vw, 1024px\" \/>\t\t\t<span class=\"sr-only\">Un momento dorado para la naturaleza: El Sonoma Land Trust cumple 50 a\u00f1os<\/span>\n      <div class=\"light-blue-torn-paper\"><\/div>\n\t\t<\/a>\n\t<\/div>\n\n\t<div class=\"post_content\">\n\t\t<div class=\"teaser--post-meta post-meta\">\n\t\t\t\t\t\t\t\t<p class=\"teaser--category\">Actualizaciones de la organizaci\u00f3n<\/p>\n\t\t\t\t\t<span class=\"pipe\">&nbsp;|&nbsp;<\/span>\n\t\t\t\t\t\t\t\t<p class=\"post-date\">\n\t\t\t\tmarzo 16, 2026\t\t\t<\/p>\n\t\t<\/div>\n\t\t<p class=\"teaser--title\">\n\t\t\t<a href=\"https:\/\/sonomalandtrust.org\/es\/blog\/un-momento-dorado-para-la-naturaleza-el-sonoma-land-trust-cumple-50-anos\/\">Un momento dorado para la naturaleza: El Sonoma Land Trust cumple 50 a\u00f1os<\/a>\n\t\t<\/p>\n\t\t<div class=\"teaser--excerpt\">\n\t\t\t\t\t\t\tPara celebrar nuestro a\u00f1o jubilar, empezamos nuestras celebraciones charlando con una persona que lo ha visto desde el principio: Joan Vilms. Sigue leyendo para conocer su incre\u00edble historia. \t\t<\/div>\n      <div class=\"light-blue-torn-paper\"><\/div>\n\n\t<\/div>\n<\/div>\n<\/div><div class=\"teaser-outer\">\n<div class=\"teaser teaser--post teaser-grid\" id=\"post-13996\">\n\t<div class=\"teaser--featured_image\">\n\t\t<a href=\"https:\/\/sonomalandtrust.org\/es\/blog\/el-derecho-de-paso-restaurar-el-movimiento-de-la-fauna-salvaje-en-el-valle-de-sonoma\/\" tabindex=\"-1\">\n\t\t\t<img decoding=\"async\" width=\"1024\" height=\"634\" src=\"https:\/\/sonomalandtrust.org\/wp-content\/uploads\/2026\/02\/mountain-lion-hwy-12-sonoma-1024x634.jpg\" class=\"attachment-large size-large wp-post-image\" alt=\"Un puma caminando yuxtapuesto junto a un cami\u00f3n que circula por la carretera 12.\" srcset=\"https:\/\/sonomalandtrust.org\/wp-content\/uploads\/2026\/02\/mountain-lion-hwy-12-sonoma-1024x634.jpg 1024w, https:\/\/sonomalandtrust.org\/wp-content\/uploads\/2026\/02\/mountain-lion-hwy-12-sonoma-300x186.jpg 300w, https:\/\/sonomalandtrust.org\/wp-content\/uploads\/2026\/02\/mountain-lion-hwy-12-sonoma-768x476.jpg 768w, https:\/\/sonomalandtrust.org\/wp-content\/uploads\/2026\/02\/mountain-lion-hwy-12-sonoma-1536x952.jpg 1536w, https:\/\/sonomalandtrust.org\/wp-content\/uploads\/2026\/02\/mountain-lion-hwy-12-sonoma.jpg 1556w\" sizes=\"(max-width: 1024px) 100vw, 1024px\" \/>\t\t\t<span class=\"sr-only\">El Derecho de Paso: Restaurar el movimiento de la fauna salvaje en el Valle de Sonoma<\/span>\n      <div class=\"light-blue-torn-paper\"><\/div>\n\t\t<\/a>\n\t<\/div>\n\n\t<div class=\"post_content\">\n\t\t<div class=\"teaser--post-meta post-meta\">\n\t\t\t\t\t\t\t\t<p class=\"teaser--category\">eNoticias<\/p>\n\t\t\t\t\t<span class=\"pipe\">&nbsp;|&nbsp;<\/span>\n\t\t\t\t\t\t\t\t<p class=\"post-date\">\n\t\t\t\tabril 19, 2026\t\t\t<\/p>\n\t\t<\/div>\n\t\t<p class=\"teaser--title\">\n\t\t\t<a href=\"https:\/\/sonomalandtrust.org\/es\/blog\/el-derecho-de-paso-restaurar-el-movimiento-de-la-fauna-salvaje-en-el-valle-de-sonoma\/\">El Derecho de Paso: Restaurar el movimiento de la fauna salvaje en el Valle de Sonoma<\/a>\n\t\t<\/p>\n\t\t<div class=\"teaser--excerpt\">\n\t\t\t\t\t\t\tEn el valle de Sonoma, colinas boscosas, arroyos serpenteantes, praderas abiertas y robledales se extienden por el paisaje. Tambi\u00e9n la&#8230;\t\t<\/div>\n      <div class=\"light-blue-torn-paper\"><\/div>\n\n\t<\/div>\n<\/div>\n<\/div><div class=\"teaser-outer\">\n<div class=\"teaser teaser--post teaser-grid\" id=\"post-14001\">\n\t<div class=\"teaser--featured_image\">\n\t\t<a href=\"https:\/\/sonomalandtrust.org\/es\/blog\/fomentar-el-compromiso-inclusivo-de-la-comunidad\/\" tabindex=\"-1\">\n\t\t\t<img decoding=\"async\" width=\"1024\" height=\"634\" src=\"https:\/\/sonomalandtrust.org\/wp-content\/uploads\/2026\/02\/petaluma-river-community-park-rendering-1024x634.jpg\" class=\"attachment-large size-large wp-post-image\" alt=\"Representaci\u00f3n del Parque Comunitario del R\u00edo Petaluma con gente paseando por los senderos y practicando paddle boarding en el agua\" srcset=\"https:\/\/sonomalandtrust.org\/wp-content\/uploads\/2026\/02\/petaluma-river-community-park-rendering-1024x634.jpg 1024w, https:\/\/sonomalandtrust.org\/wp-content\/uploads\/2026\/02\/petaluma-river-community-park-rendering-300x186.jpg 300w, https:\/\/sonomalandtrust.org\/wp-content\/uploads\/2026\/02\/petaluma-river-community-park-rendering-768x476.jpg 768w, https:\/\/sonomalandtrust.org\/wp-content\/uploads\/2026\/02\/petaluma-river-community-park-rendering-1536x952.jpg 1536w, https:\/\/sonomalandtrust.org\/wp-content\/uploads\/2026\/02\/petaluma-river-community-park-rendering.jpg 1556w\" sizes=\"(max-width: 1024px) 100vw, 1024px\" \/>\t\t\t<span class=\"sr-only\">Fomentar el compromiso inclusivo de la comunidad<\/span>\n      <div class=\"light-blue-torn-paper\"><\/div>\n\t\t<\/a>\n\t<\/div>\n\n\t<div class=\"post_content\">\n\t\t<div class=\"teaser--post-meta post-meta\">\n\t\t\t\t\t\t\t\t<p class=\"teaser--category\">Actualizaciones de la organizaci\u00f3n<\/p>\n\t\t\t\t\t<span class=\"pipe\">&nbsp;|&nbsp;<\/span>\n\t\t\t\t\t\t\t\t<p class=\"post-date\">\n\t\t\t\tabril 19, 2026\t\t\t<\/p>\n\t\t<\/div>\n\t\t<p class=\"teaser--title\">\n\t\t\t<a href=\"https:\/\/sonomalandtrust.org\/es\/blog\/fomentar-el-compromiso-inclusivo-de-la-comunidad\/\">Fomentar el compromiso inclusivo de la comunidad<\/a>\n\t\t<\/p>\n\t\t<div class=\"teaser--excerpt\">\n\t\t\t\t\t\t\tEn el coraz\u00f3n de Petaluma se encuentra un nuevo hogar para la comunidad, el arte y la naturaleza: el Parque&#8230;\t\t<\/div>\n      <div class=\"light-blue-torn-paper\"><\/div>\n\n\t<\/div>\n<\/div>\n<\/div><\/div>\n<div class=\"wp-block-group alignfull has-yellow-screened-background-color has-background is-layout-constrained wp-block-group-is-layout-constrained\" id=\"all-stories\" style=\"margin-top:var(--wp--preset--spacing--70);padding-top:var(--wp--preset--spacing--70);padding-bottom:var(--wp--preset--spacing--70)\">\n\t<div class=\"section-heading section-divider-vertical has-text-align-center  align-text-left align-content-top align wp-block-acf-section-divider-vertical\">\n\n\n  <div class=\"acf-innerblocks-container\">\n\n<h2 class=\"wp-block-heading has-text-align-center has-teal-color has-text-color\">Todas las historias<\/h2>\n\n<\/div>\n\n<\/div>\n\n\n\n\n\n\n\n\n\t<div class=\"faceted-teasers-block type-escribe a  align wp-block-acf-faceted-teasers-block\">\n\n\n          <p class=\"filter-by\">Filtrar por<\/p>\n      <div class=\"filters\">\n                  \n            <div class=\"facetwp-facet facetwp-facet-categories facetwp-type-checkboxes\" data-name=\"categories\" data-type=\"checkboxes\"><\/div>                                    <div class=\"facetwp-facet facetwp-facet-search facetwp-type-search\" data-name=\"search\" data-type=\"search\"><\/div>                <div class=\"facetwp-selections\"><\/div>      <\/div>\n        <div class=\"facetwp-template\">\n      <p class=\"no-results-text\">No results found.<\/p>\n    <\/div>\n          <div class=\"facetwp-facet facetwp-facet-pager_ facetwp-type-pager\" data-name=\"pager_\" data-type=\"pager\"><\/div>            <\/div>\n\n    <\/div>\n","protected":false},"excerpt":{"rendered":"","protected":false},"author":1,"featured_media":0,"parent":0,"menu_order":0,"comment_status":"open","ping_status":"open","template":"","meta":{"_acf_changed":false,"footnotes":""},"class_list":["post-10696","page","type-page","status-publish","hentry"],"acf":[],"yoast_head":"<!-- This site is optimized with the Yoast SEO plugin v27.3 - https:\/\/yoast.com\/product\/yoast-seo-wordpress\/ -->\n<title>Blog &#8212; Sonoma Land Trust<\/title>\n<meta name=\"description\" content=\"Historias de la tierra que amamos. Explora el blog de Sonoma Land Trust para encontrar gu\u00edas sobre la naturaleza, noticias sobre conservaci\u00f3n e inspiraci\u00f3n para salir al aire libre y participar.\" \/>\n<meta name=\"robots\" content=\"index, follow, max-snippet:-1, max-image-preview:large, max-video-preview:-1\" \/>\n<link rel=\"canonical\" href=\"https:\/\/sonomalandtrust.org\/es\/blog\/\" \/>\n<meta property=\"og:locale\" content=\"es_ES\" \/>\n<meta property=\"og:type\" content=\"article\" \/>\n<meta property=\"og:title\" content=\"Blog &#8212; Sonoma Land Trust\" \/>\n<meta property=\"og:description\" content=\"Historias de la tierra que amamos. Explora el blog de Sonoma Land Trust para encontrar gu\u00edas sobre la naturaleza, noticias sobre conservaci\u00f3n e inspiraci\u00f3n para salir al aire libre y participar.\" \/>\n<meta property=\"og:url\" content=\"https:\/\/sonomalandtrust.org\/es\/blog\/\" \/>\n<meta property=\"og:site_name\" content=\"Sonoma Land Trust\" \/>\n<meta property=\"article:publisher\" content=\"http:\/\/www.facebook.com\/Sonoma-Land-Trust\/\" \/>\n<meta property=\"article:modified_time\" content=\"2026-04-17T17:40:44+00:00\" \/>\n<meta name=\"twitter:card\" content=\"summary_large_image\" \/>\n<script type=\"application\/ld+json\" class=\"yoast-schema-graph\">{\"@context\":\"https:\\\/\\\/schema.org\",\"@graph\":[{\"@type\":\"WebPage\",\"@id\":\"https:\\\/\\\/sonomalandtrust.org\\\/es\\\/blog\\\/\",\"url\":\"https:\\\/\\\/sonomalandtrust.org\\\/es\\\/blog\\\/\",\"name\":\"Blog &#8212; Sonoma Land Trust\",\"isPartOf\":{\"@id\":\"https:\\\/\\\/slt-2026.eclipse-dev.com\\\/#website\"},\"datePublished\":\"2025-09-12T00:21:28+00:00\",\"dateModified\":\"2026-04-17T17:40:44+00:00\",\"description\":\"Historias de la tierra que amamos. Explora el blog de Sonoma Land Trust para encontrar gu\u00edas sobre la naturaleza, noticias sobre conservaci\u00f3n e inspiraci\u00f3n para salir al aire libre y participar.\",\"breadcrumb\":{\"@id\":\"https:\\\/\\\/sonomalandtrust.org\\\/es\\\/blog\\\/#breadcrumb\"},\"inLanguage\":\"es\",\"potentialAction\":[{\"@type\":\"ReadAction\",\"target\":[\"https:\\\/\\\/sonomalandtrust.org\\\/es\\\/blog\\\/\"]}]},{\"@type\":\"BreadcrumbList\",\"@id\":\"https:\\\/\\\/sonomalandtrust.org\\\/es\\\/blog\\\/#breadcrumb\",\"itemListElement\":[{\"@type\":\"ListItem\",\"position\":1,\"name\":\"Home\",\"item\":\"https:\\\/\\\/sonomalandtrust.org\\\/es\\\/inicio\\\/\"},{\"@type\":\"ListItem\",\"position\":2,\"name\":\"Blog\"}]},{\"@type\":\"WebSite\",\"@id\":\"https:\\\/\\\/slt-2026.eclipse-dev.com\\\/#website\",\"url\":\"https:\\\/\\\/slt-2026.eclipse-dev.com\\\/\",\"name\":\"Sonoma Land Trust\",\"description\":\"\",\"publisher\":{\"@id\":\"https:\\\/\\\/slt-2026.eclipse-dev.com\\\/#organization\"},\"potentialAction\":[{\"@type\":\"SearchAction\",\"target\":{\"@type\":\"EntryPoint\",\"urlTemplate\":\"https:\\\/\\\/slt-2026.eclipse-dev.com\\\/?s={search_term_string}\"},\"query-input\":{\"@type\":\"PropertyValueSpecification\",\"valueRequired\":true,\"valueName\":\"search_term_string\"}}],\"inLanguage\":\"es\"},{\"@type\":\"Organization\",\"@id\":\"https:\\\/\\\/slt-2026.eclipse-dev.com\\\/#organization\",\"name\":\"Fondo de Tierras de Sonoma\",\"url\":\"https:\\\/\\\/slt-2026.eclipse-dev.com\\\/\",\"logo\":{\"@type\":\"ImageObject\",\"inLanguage\":\"es\",\"@id\":\"https:\\\/\\\/slt-2026.eclipse-dev.com\\\/#\\\/schema\\\/logo\\\/image\\\/\",\"url\":\"https:\\\/\\\/sonomalandtrust.org\\\/wp-content\\\/uploads\\\/2025\\\/10\\\/slt-logo.png\",\"contentUrl\":\"https:\\\/\\\/sonomalandtrust.org\\\/wp-content\\\/uploads\\\/2025\\\/10\\\/slt-logo.png\",\"width\":549,\"height\":333,\"caption\":\"Fondo de Tierras de Sonoma\"},\"image\":{\"@id\":\"https:\\\/\\\/slt-2026.eclipse-dev.com\\\/#\\\/schema\\\/logo\\\/image\\\/\"},\"sameAs\":[\"http:\\\/\\\/www.facebook.com\\\/Sonoma-Land-Trust\\\/\",\"https:\\\/\\\/www.instagram.com\\\/sonomalandtrust\\\/\",\"https:\\\/\\\/bsky.app\\\/profile\\\/sonomalandtrust.bsky.social\",\"https:\\\/\\\/www.youtube.com\\\/user\\\/SonomaLandTrust\\\/\",\"http:\\\/\\\/www.linkedin.com\\\/company\\\/1090048?trk=tyah\"]}]}<\/script>\n<!-- \/ Yoast SEO plugin. -->","yoast_head_json":{"title":"Blog &#8212; Sonoma Land Trust","description":"Historias de la tierra que amamos. Explora el blog de Sonoma Land Trust para encontrar gu\u00edas sobre la naturaleza, noticias sobre conservaci\u00f3n e inspiraci\u00f3n para salir al aire libre y participar.","robots":{"index":"index","follow":"follow","max-snippet":"max-snippet:-1","max-image-preview":"max-image-preview:large","max-video-preview":"max-video-preview:-1"},"canonical":"https:\/\/sonomalandtrust.org\/es\/blog\/","og_locale":"es_ES","og_type":"article","og_title":"Blog &#8212; Sonoma Land Trust","og_description":"Historias de la tierra que amamos. Explora el blog de Sonoma Land Trust para encontrar gu\u00edas sobre la naturaleza, noticias sobre conservaci\u00f3n e inspiraci\u00f3n para salir al aire libre y participar.","og_url":"https:\/\/sonomalandtrust.org\/es\/blog\/","og_site_name":"Sonoma Land Trust","article_publisher":"http:\/\/www.facebook.com\/Sonoma-Land-Trust\/","article_modified_time":"2026-04-17T17:40:44+00:00","twitter_card":"summary_large_image","schema":{"@context":"https:\/\/schema.org","@graph":[{"@type":"WebPage","@id":"https:\/\/sonomalandtrust.org\/es\/blog\/","url":"https:\/\/sonomalandtrust.org\/es\/blog\/","name":"Blog &#8212; Sonoma Land Trust","isPartOf":{"@id":"https:\/\/slt-2026.eclipse-dev.com\/#website"},"datePublished":"2025-09-12T00:21:28+00:00","dateModified":"2026-04-17T17:40:44+00:00","description":"Historias de la tierra que amamos. Explora el blog de Sonoma Land Trust para encontrar gu\u00edas sobre la naturaleza, noticias sobre conservaci\u00f3n e inspiraci\u00f3n para salir al aire libre y participar.","breadcrumb":{"@id":"https:\/\/sonomalandtrust.org\/es\/blog\/#breadcrumb"},"inLanguage":"es","potentialAction":[{"@type":"ReadAction","target":["https:\/\/sonomalandtrust.org\/es\/blog\/"]}]},{"@type":"BreadcrumbList","@id":"https:\/\/sonomalandtrust.org\/es\/blog\/#breadcrumb","itemListElement":[{"@type":"ListItem","position":1,"name":"Home","item":"https:\/\/sonomalandtrust.org\/es\/inicio\/"},{"@type":"ListItem","position":2,"name":"Blog"}]},{"@type":"WebSite","@id":"https:\/\/slt-2026.eclipse-dev.com\/#website","url":"https:\/\/slt-2026.eclipse-dev.com\/","name":"Sonoma Land Trust","description":"","publisher":{"@id":"https:\/\/slt-2026.eclipse-dev.com\/#organization"},"potentialAction":[{"@type":"SearchAction","target":{"@type":"EntryPoint","urlTemplate":"https:\/\/slt-2026.eclipse-dev.com\/?s={search_term_string}"},"query-input":{"@type":"PropertyValueSpecification","valueRequired":true,"valueName":"search_term_string"}}],"inLanguage":"es"},{"@type":"Organization","@id":"https:\/\/slt-2026.eclipse-dev.com\/#organization","name":"Fondo de Tierras de Sonoma","url":"https:\/\/slt-2026.eclipse-dev.com\/","logo":{"@type":"ImageObject","inLanguage":"es","@id":"https:\/\/slt-2026.eclipse-dev.com\/#\/schema\/logo\/image\/","url":"https:\/\/sonomalandtrust.org\/wp-content\/uploads\/2025\/10\/slt-logo.png","contentUrl":"https:\/\/sonomalandtrust.org\/wp-content\/uploads\/2025\/10\/slt-logo.png","width":549,"height":333,"caption":"Fondo de Tierras de Sonoma"},"image":{"@id":"https:\/\/slt-2026.eclipse-dev.com\/#\/schema\/logo\/image\/"},"sameAs":["http:\/\/www.facebook.com\/Sonoma-Land-Trust\/","https:\/\/www.instagram.com\/sonomalandtrust\/","https:\/\/bsky.app\/profile\/sonomalandtrust.bsky.social","https:\/\/www.youtube.com\/user\/SonomaLandTrust\/","http:\/\/www.linkedin.com\/company\/1090048?trk=tyah"]}]}},"_links":{"self":[{"href":"https:\/\/sonomalandtrust.org\/es\/wp-json\/wp\/v2\/pages\/10696","targetHints":{"allow":["GET"]}}],"collection":[{"href":"https:\/\/sonomalandtrust.org\/es\/wp-json\/wp\/v2\/pages"}],"about":[{"href":"https:\/\/sonomalandtrust.org\/es\/wp-json\/wp\/v2\/types\/page"}],"author":[{"embeddable":true,"href":"https:\/\/sonomalandtrust.org\/es\/wp-json\/wp\/v2\/users\/1"}],"replies":[{"embeddable":true,"href":"https:\/\/sonomalandtrust.org\/es\/wp-json\/wp\/v2\/comments?post=10696"}],"version-history":[{"count":0,"href":"https:\/\/sonomalandtrust.org\/es\/wp-json\/wp\/v2\/pages\/10696\/revisions"}],"wp:attachment":[{"href":"https:\/\/sonomalandtrust.org\/es\/wp-json\/wp\/v2\/media?parent=10696"}],"curies":[{"name":"wp","href":"https:\/\/api.w.org\/{rel}","templated":true}]}}